{"id":2,"date":"2018-05-03T12:20:35","date_gmt":"2018-05-03T12:20:35","guid":{"rendered":"http:\/\/www.fcedu.uner.edu.ar\/arc\/?page_id=2"},"modified":"2025-09-25T14:22:27","modified_gmt":"2025-09-25T17:22:27","slug":"queesarc","status":"publish","type":"page","link":"https:\/\/www.fcedu.uner.edu.ar\/arc\/queesarc\/","title":{"rendered":"\u00bfQu\u00e9 es la Agencia Radiof\u00f3nica de Comunicaci\u00f3n?"},"content":{"rendered":"<p>Se trata de una productora de contenidos radiof\u00f3nicos, perteneciente al Centro de Producci\u00f3n en Comunicaci\u00f3n y Educaci\u00f3n de la Facultad de Ciencias de la Educaci\u00f3n de la Universidad Nacional de Entre R\u00edos.<br \/>\nSe fund\u00f3 en diciembre de 1992, como Agencia Radiof\u00f3nica de Noticias, pero a comienzos del 2000 cambi\u00f3 su denominaci\u00f3n original por la actual, atendiendo a las caracter\u00edsticas de sus realizaciones. Desde entonces sostiene una producci\u00f3n regular, cuyas piezas se caracterizan por no responder a la agenda impuesta por los medios hegem\u00f3nicos o por abordar los temas desde un punto de vista diferente.<br \/>\nLos ejes principales de esta experiencia pionera en el \u00e1mbito de las Universidades Nacionales son la investigaci\u00f3n y la generaci\u00f3n de informaci\u00f3n alternativa, acompa\u00f1ada por un aprovechamiento creativo de las potencialidades del lenguaje radiof\u00f3nico.<br \/>\nAdem\u00e1s de su hist\u00f3rica l\u00ednea de trabajo, a cuyo archivo se puede acceder en este sitio, la ARC con otros colectivos participa en realizaciones interlenguajes, colabora en la producci\u00f3n de podcast para distintos espacios, experimenta en formatos y dispositivos locativos y forma parte de proyectos y acciones de extensi\u00f3n, innovaci\u00f3n e investigaci\u00f3n.<br \/>\nDesde sus or\u00edgenes, la Agencia Radiof\u00f3nica de Comunicaci\u00f3n est\u00e1 integrada por docentes, graduados y estudiantes y se constituye, tambi\u00e9n, en un espacio de Pr\u00e1cticas Curriculares de la Licenciatura en Comunicaci\u00f3n Social.<br \/>\nEst\u00e1 ubicada en Alameda de la Federaci\u00f3n 105, Primer Piso, de la ciudad de Paran\u00e1.<\/p>\n<p>E-mail de contacto: arc.fcedu@uner.edu.ar<br \/>\nTE: (0343) 4234162 \/ 4235097 interno 51<\/p>\n","protected":false},"excerpt":{"rendered":"<p>Se trata de una productora de contenidos radiof\u00f3nicos, perteneciente al Centro de Producci\u00f3n en Comunicaci\u00f3n y Educaci\u00f3n de la Facultad de Ciencias de la Educaci\u00f3n de la Universidad&#8230;<\/p>\n","protected":false},"author":1,"featured_media":0,"parent":0,"menu_order":0,"comment_status":"closed","ping_status":"open","template":"","meta":{"footnotes":""},"_links":{"self":[{"href":"https:\/\/www.fcedu.uner.edu.ar\/arc\/wp-json\/wp\/v2\/pages\/2"}],"collection":[{"href":"https:\/\/www.fcedu.uner.edu.ar\/arc\/wp-json\/wp\/v2\/pages"}],"about":[{"href":"https:\/\/www.fcedu.uner.edu.ar\/arc\/wp-json\/wp\/v2\/types\/page"}],"author":[{"embeddable":true,"href":"https:\/\/www.fcedu.uner.edu.ar\/arc\/wp-json\/wp\/v2\/users\/1"}],"replies":[{"embeddable":true,"href":"https:\/\/www.fcedu.uner.edu.ar\/arc\/wp-json\/wp\/v2\/comments?post=2"}],"version-history":[{"count":10,"href":"https:\/\/www.fcedu.uner.edu.ar\/arc\/wp-json\/wp\/v2\/pages\/2\/revisions"}],"predecessor-version":[{"id":3586,"href":"https:\/\/www.fcedu.uner.edu.ar\/arc\/wp-json\/wp\/v2\/pages\/2\/revisions\/3586"}],"wp:attachment":[{"href":"https:\/\/www.fcedu.uner.edu.ar\/arc\/wp-json\/wp\/v2\/media?parent=2"}],"curies":[{"name":"wp","href":"https:\/\/api.w.org\/{rel}","templated":true}]}}