{"id":26,"date":"2018-05-17T13:52:28","date_gmt":"2018-05-17T13:52:28","guid":{"rendered":"http:\/\/www.fcedu.uner.edu.ar\/arc\/?page_id=26"},"modified":"2025-09-25T14:21:37","modified_gmt":"2025-09-25T17:21:37","slug":"quienes-somos","status":"publish","type":"page","link":"https:\/\/www.fcedu.uner.edu.ar\/arc\/quienes-somos\/","title":{"rendered":"\u00bfQui\u00e9nes somos?"},"content":{"rendered":"<p><strong>Equipo de Trabajo: <\/strong>Oscar Bosetti (coordinador), Valent\u00edn Benavidez, Erika Bidal, Miguel Latuff, Lea Lvovich, C\u00e9sar Penna, Gisela Romero, Federico Vimberg.<\/p>\n<p>En la realizaci\u00f3n de este sitio particip\u00f3 la becaria Thamina Habichayn.<\/p>\n","protected":false},"excerpt":{"rendered":"<p>Equipo de Trabajo: Oscar Bosetti (coordinador), Valent\u00edn Benavidez, Erika Bidal, Miguel Latuff, Lea Lvovich, C\u00e9sar Penna, Gisela Romero, Federico Vimberg. En la realizaci\u00f3n de este sitio particip\u00f3 la&#8230;<\/p>\n","protected":false},"author":1,"featured_media":0,"parent":0,"menu_order":0,"comment_status":"closed","ping_status":"closed","template":"","meta":{"footnotes":""},"_links":{"self":[{"href":"https:\/\/www.fcedu.uner.edu.ar\/arc\/wp-json\/wp\/v2\/pages\/26"}],"collection":[{"href":"https:\/\/www.fcedu.uner.edu.ar\/arc\/wp-json\/wp\/v2\/pages"}],"about":[{"href":"https:\/\/www.fcedu.uner.edu.ar\/arc\/wp-json\/wp\/v2\/types\/page"}],"author":[{"embeddable":true,"href":"https:\/\/www.fcedu.uner.edu.ar\/arc\/wp-json\/wp\/v2\/users\/1"}],"replies":[{"embeddable":true,"href":"https:\/\/www.fcedu.uner.edu.ar\/arc\/wp-json\/wp\/v2\/comments?post=26"}],"version-history":[{"count":11,"href":"https:\/\/www.fcedu.uner.edu.ar\/arc\/wp-json\/wp\/v2\/pages\/26\/revisions"}],"predecessor-version":[{"id":3585,"href":"https:\/\/www.fcedu.uner.edu.ar\/arc\/wp-json\/wp\/v2\/pages\/26\/revisions\/3585"}],"wp:attachment":[{"href":"https:\/\/www.fcedu.uner.edu.ar\/arc\/wp-json\/wp\/v2\/media?parent=26"}],"curies":[{"name":"wp","href":"https:\/\/api.w.org\/{rel}","templated":true}]}}