{"id":1122,"date":"2016-12-19T02:01:15","date_gmt":"2016-12-19T02:01:15","guid":{"rendered":"http:\/\/www.fcedu.uner.edu.ar\/biblioteca\/?page_id=1122"},"modified":"2017-10-09T13:08:15","modified_gmt":"2017-10-09T13:08:15","slug":"vida-cotidiana-escolar","status":"publish","type":"page","link":"https:\/\/www.fcedu.uner.edu.ar\/biblioteca\/vida-cotidiana-escolar\/","title":{"rendered":"Vida cotidiana escolar"},"content":{"rendered":"<p><span style=\"color: #333333;\">La vida cotidiana es una categor\u00eda que interpreta la relaci\u00f3n compleja, contradictoria e hist\u00f3rica de los sujetos con la realidad social, identificando las relaciones entre subjetividad y socialidad, que permiten entender las pr\u00e1cticas habituales y sus sentidos en condiciones concretas particulares.<\/span><\/p>\n<p><span style=\"color: #333333;\">La vida cotidiana es una construcci\u00f3n simb\u00f3lica que nos permite penetrar en los procesos concretos de producci\u00f3n y reproducci\u00f3n social, y as\u00ed conocer las particulares formas de expresarse de la vida social.<\/span><\/p>\n<p><span style=\"color: #333333;\">La vida cotidiana escolar refiere al conjunto de las pr\u00e1cticas constre\u00f1idas en el marco de una estructura institucional que incluye a los actores que se encuentran implicados en las relaciones educativas, en un tiempo y espacio dominado por sentidos hegem\u00f3nicos, pero no sujetos a ellas.<\/span><\/p>\n<p><span style=\"color: #333333;\">La vida en la escuela es heterog\u00e9nea (la jornada escolar es repetitiva, pero irrepetible) porque las pr\u00e1cticas de los sujetos de la educaci\u00f3n se renuevan constantemente, tienen diversos sentidos y son hist\u00f3ricas. El orden sin fisuras, anhelado por el imaginario dominante de la escuela, se interrumpe por la condici\u00f3n de autonom\u00eda, propia de todo agente institucional.<\/span><\/p>\n<p><span style=\"color: #333333;\">El estudio de la vida cotidiana escolar no consiste en una descripci\u00f3n detallada de los acontecimientos visibles de la jornada escolar, sino en la comprensi\u00f3n de una realidad inasible emp\u00edricamente pero que se deja ver en las rutinas y que se expresa en procesos de interacci\u00f3n complejos, contradictorios, de sujetos atravesados por relaciones de poder.<\/span><\/p>\n<p><span style=\"color: #333333;\">Develar los procesos de ocultamiento de mecanismos concretos de exclusi\u00f3n y discriminaci\u00f3n (siempre diversos) al interior de las escuelas, debe ser comprendido como parte de una totalidad institucional que incluye tambi\u00e9n pr\u00e1cticas orientadas por sentidos alternativos.<\/span><\/p>\n<p><span style=\"color: #333333;\">El estudio de la vida cotidiana nos permite identificar las pr\u00e1cticas que el imaginario hegem\u00f3nico escolar des-conoce, niega, omite, porque son pr\u00e1cticas de ruptura del orden tan celosamente legitimado. En este sentido facilita la comprensi\u00f3n de diversas estrategias de los actores \u2014alumnos, docentes, padres, directivos, ordenanzas\u2014 que incluyen procesos de negociaci\u00f3n y reconocimiento de la realidad social.<\/span><\/p>\n<p><span style=\"color: #333333;\">Salta a la vista que el estudio de la vida cotidiana escolar tiene un potencial transformador que se encuentra encubierto por las capas endurecidas de la rutina, pero que se quiebra en conflictos por los que se libera parte de la tensi\u00f3n que el propio sistema social produce.<\/span><\/p>\n<p>&nbsp;<\/p>\n<p>&nbsp;<\/p>\n<p>&nbsp;<\/p>\n<p id=\"H2\">.<\/p>\n<ul>\n<li><span style=\"color: #497bbd;\"><a style=\"color: #497bbd;\" title=\"Landreani, N\u00e9lida; Susana Berger; Gloria Galarraga; Susana Valentinuz (2004). Procesos de construcci\u00f3n de la vida cotidiana escolar. en Revista Ciencia, Docencia y Tecnolog\u00eda N\u00b0 27, 61-97. Paran\u00e1: Universidad Nacional de Entre R\u00edos\" href=\"http:\/\/biblio.fcedu.uner.edu.ar\/nina\/H2-Landreani_Nelida-Procesos_de_construccion_de_la_vida_cotidiana-CDyT-27-pag.61-98.pdf\" target=\"_blank\"><strong>Procesos de construcci\u00f3n de la vida cotidiana escolar<\/strong> (2004)<\/a><\/span><\/li>\n<\/ul>\n<ul>\n<li><span style=\"color: #497bbd;\"><a style=\"color: #497bbd;\" title=\"LANDREANI, N\u00e9lida (1998). La producci\u00f3n cultural en las escuelas. Revista Argentina de Educaci\u00f3n, A\u00f1o XVI, N\u00b0 25, 59-68. Buenos Aires: Asociaci\u00f3n de Graduados de Ciencias de la Educaci\u00f3n.\" href=\"http:\/\/biblio.fcedu.uner.edu.ar\/nina\/H2-Landreani_Nelida-La_produccion_cultural_en_las_escuelas.pdf\" target=\"_blank\"><strong>La producci\u00f3n cultural en las escuelas<\/strong> (1998)<\/a><\/span><\/li>\n<\/ul>\n<p>&nbsp;<\/p>\n<p>&nbsp;<\/p>\n<p style=\"text-align: right;\"><span style=\"color: #c4c4c4;\"><strong>PROYECTO DE INNOVACI\u00d3N E INCENTIVO A LA DOCENCIA<br \/>\n<\/strong><strong><em>\u201cNina Landreani: Legados de un caminar\u201d<\/em><\/strong><\/span><\/p>\n<p>&nbsp;<\/p>\n<p>&nbsp;<\/p>\n<p>&nbsp;<\/p>\n<p>&nbsp;<\/p>\n<p>&nbsp;<\/p>\n<p>&nbsp;<\/p>\n","protected":false},"excerpt":{"rendered":"<p>La vida cotidiana es una categor\u00eda que interpreta la relaci\u00f3n compleja, contradictoria e hist\u00f3rica de los sujetos con la realidad social, identificando las relaciones entre subjetividad y socialidad, que permiten entender las pr\u00e1cticas habituales y sus sentidos en condiciones concretas particulares. La vida cotidiana es una construcci\u00f3n simb\u00f3lica que nos permite penetrar en los procesos&#8230; <\/p>\n<div class=\"clear\"><\/div>\n<p><a href=\"https:\/\/www.fcedu.uner.edu.ar\/biblioteca\/vida-cotidiana-escolar\/\" class=\"excerpt-read-more\">Read More<i class=\"fa fa-caret-right icon-caret-right\"><\/i><\/a><\/p>\n","protected":false},"author":1,"featured_media":0,"parent":0,"menu_order":0,"comment_status":"closed","ping_status":"closed","template":"","meta":{"footnotes":""},"yoast_head":"<!-- This site is optimized with the Yoast SEO plugin v21.7 - https:\/\/yoast.com\/wordpress\/plugins\/seo\/ -->\n<title>Vida cotidiana escolar - Biblioteca &quot;Prof. N\u00e9lida Landreani&quot;<\/title>\n<meta name=\"robots\" content=\"index, follow, max-snippet:-1, max-image-preview:large, max-video-preview:-1\" \/>\n<link rel=\"canonical\" href=\"https:\/\/www.fcedu.uner.edu.ar\/biblioteca\/vida-cotidiana-escolar\/\" \/>\n<meta property=\"og:locale\" content=\"es_ES\" \/>\n<meta property=\"og:type\" content=\"article\" \/>\n<meta property=\"og:title\" content=\"Vida cotidiana escolar - Biblioteca &quot;Prof. N\u00e9lida Landreani&quot;\" \/>\n<meta property=\"og:description\" content=\"La vida cotidiana es una categor\u00eda que interpreta la relaci\u00f3n compleja, contradictoria e hist\u00f3rica de los sujetos con la realidad social, identificando las relaciones entre subjetividad y socialidad, que permiten entender las pr\u00e1cticas habituales y sus sentidos en condiciones concretas particulares. La vida cotidiana es una construcci\u00f3n simb\u00f3lica que nos permite penetrar en los procesos... Read More\" \/>\n<meta property=\"og:url\" content=\"https:\/\/www.fcedu.uner.edu.ar\/biblioteca\/vida-cotidiana-escolar\/\" \/>\n<meta property=\"og:site_name\" content=\"Biblioteca &quot;Prof. N\u00e9lida Landreani&quot;\" \/>\n<meta property=\"article:modified_time\" content=\"2017-10-09T13:08:15+00:00\" \/>\n<meta name=\"twitter:card\" content=\"summary_large_image\" \/>\n<meta name=\"twitter:label1\" content=\"Tiempo de lectura\" \/>\n\t<meta name=\"twitter:data1\" content=\"2 minutos\" \/>\n<script type=\"application\/ld+json\" class=\"yoast-schema-graph\">{\"@context\":\"https:\/\/schema.org\",\"@graph\":[{\"@type\":\"WebPage\",\"@id\":\"https:\/\/www.fcedu.uner.edu.ar\/biblioteca\/vida-cotidiana-escolar\/\",\"url\":\"https:\/\/www.fcedu.uner.edu.ar\/biblioteca\/vida-cotidiana-escolar\/\",\"name\":\"Vida cotidiana escolar - Biblioteca &quot;Prof. N\u00e9lida Landreani&quot;\",\"isPartOf\":{\"@id\":\"https:\/\/www.fcedu.uner.edu.ar\/biblioteca\/#website\"},\"datePublished\":\"2016-12-19T02:01:15+00:00\",\"dateModified\":\"2017-10-09T13:08:15+00:00\",\"breadcrumb\":{\"@id\":\"https:\/\/www.fcedu.uner.edu.ar\/biblioteca\/vida-cotidiana-escolar\/#breadcrumb\"},\"inLanguage\":\"es\",\"potentialAction\":[{\"@type\":\"ReadAction\",\"target\":[\"https:\/\/www.fcedu.uner.edu.ar\/biblioteca\/vida-cotidiana-escolar\/\"]}]},{\"@type\":\"BreadcrumbList\",\"@id\":\"https:\/\/www.fcedu.uner.edu.ar\/biblioteca\/vida-cotidiana-escolar\/#breadcrumb\",\"itemListElement\":[{\"@type\":\"ListItem\",\"position\":1,\"name\":\"Portada\",\"item\":\"https:\/\/www.fcedu.uner.edu.ar\/biblioteca\/\"},{\"@type\":\"ListItem\",\"position\":2,\"name\":\"Vida cotidiana escolar\"}]},{\"@type\":\"WebSite\",\"@id\":\"https:\/\/www.fcedu.uner.edu.ar\/biblioteca\/#website\",\"url\":\"https:\/\/www.fcedu.uner.edu.ar\/biblioteca\/\",\"name\":\"Biblioteca &quot;Prof. N\u00e9lida Landreani&quot;\",\"description\":\"Otro sitio m\u00e1s de Sitios de Portal FCEDU UNER\",\"potentialAction\":[{\"@type\":\"SearchAction\",\"target\":{\"@type\":\"EntryPoint\",\"urlTemplate\":\"https:\/\/www.fcedu.uner.edu.ar\/biblioteca\/?s={search_term_string}\"},\"query-input\":\"required name=search_term_string\"}],\"inLanguage\":\"es\"}]}<\/script>\n<!-- \/ Yoast SEO plugin. -->","yoast_head_json":{"title":"Vida cotidiana escolar - Biblioteca &quot;Prof. N\u00e9lida Landreani&quot;","robots":{"index":"index","follow":"follow","max-snippet":"max-snippet:-1","max-image-preview":"max-image-preview:large","max-video-preview":"max-video-preview:-1"},"canonical":"https:\/\/www.fcedu.uner.edu.ar\/biblioteca\/vida-cotidiana-escolar\/","og_locale":"es_ES","og_type":"article","og_title":"Vida cotidiana escolar - Biblioteca &quot;Prof. N\u00e9lida Landreani&quot;","og_description":"La vida cotidiana es una categor\u00eda que interpreta la relaci\u00f3n compleja, contradictoria e hist\u00f3rica de los sujetos con la realidad social, identificando las relaciones entre subjetividad y socialidad, que permiten entender las pr\u00e1cticas habituales y sus sentidos en condiciones concretas particulares. La vida cotidiana es una construcci\u00f3n simb\u00f3lica que nos permite penetrar en los procesos... Read More","og_url":"https:\/\/www.fcedu.uner.edu.ar\/biblioteca\/vida-cotidiana-escolar\/","og_site_name":"Biblioteca &quot;Prof. N\u00e9lida Landreani&quot;","article_modified_time":"2017-10-09T13:08:15+00:00","twitter_card":"summary_large_image","twitter_misc":{"Tiempo de lectura":"2 minutos"},"schema":{"@context":"https:\/\/schema.org","@graph":[{"@type":"WebPage","@id":"https:\/\/www.fcedu.uner.edu.ar\/biblioteca\/vida-cotidiana-escolar\/","url":"https:\/\/www.fcedu.uner.edu.ar\/biblioteca\/vida-cotidiana-escolar\/","name":"Vida cotidiana escolar - Biblioteca &quot;Prof. N\u00e9lida Landreani&quot;","isPartOf":{"@id":"https:\/\/www.fcedu.uner.edu.ar\/biblioteca\/#website"},"datePublished":"2016-12-19T02:01:15+00:00","dateModified":"2017-10-09T13:08:15+00:00","breadcrumb":{"@id":"https:\/\/www.fcedu.uner.edu.ar\/biblioteca\/vida-cotidiana-escolar\/#breadcrumb"},"inLanguage":"es","potentialAction":[{"@type":"ReadAction","target":["https:\/\/www.fcedu.uner.edu.ar\/biblioteca\/vida-cotidiana-escolar\/"]}]},{"@type":"BreadcrumbList","@id":"https:\/\/www.fcedu.uner.edu.ar\/biblioteca\/vida-cotidiana-escolar\/#breadcrumb","itemListElement":[{"@type":"ListItem","position":1,"name":"Portada","item":"https:\/\/www.fcedu.uner.edu.ar\/biblioteca\/"},{"@type":"ListItem","position":2,"name":"Vida cotidiana escolar"}]},{"@type":"WebSite","@id":"https:\/\/www.fcedu.uner.edu.ar\/biblioteca\/#website","url":"https:\/\/www.fcedu.uner.edu.ar\/biblioteca\/","name":"Biblioteca &quot;Prof. N\u00e9lida Landreani&quot;","description":"Otro sitio m\u00e1s de Sitios de Portal FCEDU UNER","potentialAction":[{"@type":"SearchAction","target":{"@type":"EntryPoint","urlTemplate":"https:\/\/www.fcedu.uner.edu.ar\/biblioteca\/?s={search_term_string}"},"query-input":"required name=search_term_string"}],"inLanguage":"es"}]}},"_links":{"self":[{"href":"https:\/\/www.fcedu.uner.edu.ar\/biblioteca\/wp-json\/wp\/v2\/pages\/1122"}],"collection":[{"href":"https:\/\/www.fcedu.uner.edu.ar\/biblioteca\/wp-json\/wp\/v2\/pages"}],"about":[{"href":"https:\/\/www.fcedu.uner.edu.ar\/biblioteca\/wp-json\/wp\/v2\/types\/page"}],"author":[{"embeddable":true,"href":"https:\/\/www.fcedu.uner.edu.ar\/biblioteca\/wp-json\/wp\/v2\/users\/1"}],"replies":[{"embeddable":true,"href":"https:\/\/www.fcedu.uner.edu.ar\/biblioteca\/wp-json\/wp\/v2\/comments?post=1122"}],"version-history":[{"count":29,"href":"https:\/\/www.fcedu.uner.edu.ar\/biblioteca\/wp-json\/wp\/v2\/pages\/1122\/revisions"}],"predecessor-version":[{"id":1526,"href":"https:\/\/www.fcedu.uner.edu.ar\/biblioteca\/wp-json\/wp\/v2\/pages\/1122\/revisions\/1526"}],"wp:attachment":[{"href":"https:\/\/www.fcedu.uner.edu.ar\/biblioteca\/wp-json\/wp\/v2\/media?parent=1122"}],"curies":[{"name":"wp","href":"https:\/\/api.w.org\/{rel}","templated":true}]}}