{"id":1124,"date":"2016-12-19T02:02:12","date_gmt":"2016-12-19T02:02:12","guid":{"rendered":"http:\/\/www.fcedu.uner.edu.ar\/biblioteca\/?page_id=1124"},"modified":"2017-10-09T13:09:19","modified_gmt":"2017-10-09T13:09:19","slug":"escuela-proceso-social","status":"publish","type":"page","link":"https:\/\/www.fcedu.uner.edu.ar\/biblioteca\/escuela-proceso-social\/","title":{"rendered":"La escuela como un proceso de construcci\u00f3n social"},"content":{"rendered":"<p><span style=\"color: #333333;\">Partimos de considerar a las escuelas no s\u00f3lo como realidades homog\u00e9neas, determinadas por su car\u00e1cter p\u00fablico, sino tambi\u00e9n como conjuntos de pr\u00e1cticas sociales espec\u00edficas que poseen car\u00e1cter situado, en un tiempo y un espacio que se constituye por el mandato pol\u00edtico. Este es recodificado por la particular manera en que la trama cultural del medio ingresa participando en la vida institucional. Estamos haciendo referencia al medio sociocultural inmediato, como el escenario cotidiano en el que los sujetos desarrollan sus pr\u00e1cticas y la particularidad con la que configuran diariamente las instituciones.<\/span><\/p>\n<p><span style=\"color: #333333;\">Las escuelas son construcciones sociales hist\u00f3ricamente producidas por el conjunto de sujetos que intervienen en la vida escolar. La heterogeneidad de pr\u00e1cticas y significados que se encuentran en las escuelas, incluyen formas culturales diversas y reflejan diferentes momentos de una historia en la que hubo distintos actores. La diversidad de expresiones de sentidos generados y otorgados por los sujetos en cada instituci\u00f3n educativa, nos lleva a identificar cada escuela como instituci\u00f3n particular y distintiva.<\/span><\/p>\n<p><span style=\"color: #333333;\">El reconocimiento de la particularidad de las instituciones educativas y, por ende, de la labor docente, plantea un gran desaf\u00edo: c\u00f3mo entender las pr\u00e1cticas culturales al interior de las escuelas concretas en el contexto de la realidad social global.<\/span><\/p>\n<p><span style=\"color: #333333;\">Las escuelas rurales, las escuelas urbanas de sectores medios, las escuelas de conglomerados urbanos de sectores pobres, las escuelas de jornada completa, las escuelas p\u00fablicas y privadas son todas ellas instituciones que poseen la particularidad de la producci\u00f3n cultural del sector social que educan. Las escuelas, entonces, no son agencias de distribuci\u00f3n de conocimiento \u2014aunque lo incluyan en su quehacer\u2014, son instituciones que procesan cultura y confieren a los maestros una particular manera de construir su identidad profesional.<\/span><\/p>\n<p>&nbsp;<\/p>\n<p>&nbsp;<\/p>\n<p>&nbsp;<\/p>\n<p id=\"H3\">.<\/p>\n<ul>\n<li><span style=\"color: #497bbd;\"><a style=\"color: #497bbd;\" title=\"LANDREANI, N\u00e9lida et al (1998). Integraci\u00f3n escuela y comunidad. Revista Ciencia Docencia y Tecnolog\u00eda, 16, A\u00f1o IX, 107-132. Paran\u00e1: Universidad Nacional de Entre R\u00edos.\" href=\"http:\/\/biblio.fcedu.uner.edu.ar\/nina\/H3-Landreani_Nelida-Integracion_escuela_y_comunidad-CDyT-16.pdf\" target=\"_blank\"><strong>Integraci\u00f3n escuela y comunidad<\/strong> (1998)<\/a><\/span><\/li>\n<\/ul>\n<ul>\n<li><span style=\"color: #497bbd;\"><a style=\"color: #497bbd;\" title=\"LANDREANI, N\u00e9lida (1998). La deserci\u00f3n escolar: una manera de nombrar la exclusi\u00f3n social. Revista Cr\u00edtica Educativa, 4, A\u00f1o III, 3-14. Buenos Aires: Mi\u00f1o y D\u00e1vila.\" href=\"http:\/\/biblio.fcedu.uner.edu.ar\/nina\/H3-Landreani_Nelida-La_desercion_escolar_una_manera_de_nombrar_la_exclusion_social.PDF\" target=\"_blank\"><strong>La deserci\u00f3n escolar, una manera de nombrar la exclusi\u00f3n social <\/strong>(1998)<\/a><\/span><\/li>\n<\/ul>\n<p>&nbsp;<\/p>\n<p style=\"text-align: right;\"><span style=\"color: #c4c4c4;\"><strong>PROYECTO DE INNOVACI\u00d3N E INCENTIVO A LA DOCENCIA<br \/>\n<\/strong><strong><em>\u201cNina Landreani: Legados de un caminar\u201d<\/em><\/strong><\/span><\/p>\n<p>&nbsp;<\/p>\n","protected":false},"excerpt":{"rendered":"<p>Partimos de considerar a las escuelas no s\u00f3lo como realidades homog\u00e9neas, determinadas por su car\u00e1cter p\u00fablico, sino tambi\u00e9n como conjuntos de pr\u00e1cticas sociales espec\u00edficas que poseen car\u00e1cter situado, en un tiempo y un espacio que se constituye por el mandato pol\u00edtico. Este es recodificado por la particular manera en que la trama cultural del medio&#8230; <\/p>\n<div class=\"clear\"><\/div>\n<p><a href=\"https:\/\/www.fcedu.uner.edu.ar\/biblioteca\/escuela-proceso-social\/\" class=\"excerpt-read-more\">Read More<i class=\"fa fa-caret-right icon-caret-right\"><\/i><\/a><\/p>\n","protected":false},"author":1,"featured_media":0,"parent":0,"menu_order":0,"comment_status":"closed","ping_status":"closed","template":"","meta":{"footnotes":""},"yoast_head":"<!-- This site is optimized with the Yoast SEO plugin v21.7 - https:\/\/yoast.com\/wordpress\/plugins\/seo\/ -->\n<title>La escuela como un proceso de construcci\u00f3n social - Biblioteca &quot;Prof. N\u00e9lida Landreani&quot;<\/title>\n<meta name=\"robots\" content=\"index, follow, max-snippet:-1, max-image-preview:large, max-video-preview:-1\" \/>\n<link rel=\"canonical\" href=\"https:\/\/www.fcedu.uner.edu.ar\/biblioteca\/escuela-proceso-social\/\" \/>\n<meta property=\"og:locale\" content=\"es_ES\" \/>\n<meta property=\"og:type\" content=\"article\" \/>\n<meta property=\"og:title\" content=\"La escuela como un proceso de construcci\u00f3n social - Biblioteca &quot;Prof. N\u00e9lida Landreani&quot;\" \/>\n<meta property=\"og:description\" content=\"Partimos de considerar a las escuelas no s\u00f3lo como realidades homog\u00e9neas, determinadas por su car\u00e1cter p\u00fablico, sino tambi\u00e9n como conjuntos de pr\u00e1cticas sociales espec\u00edficas que poseen car\u00e1cter situado, en un tiempo y un espacio que se constituye por el mandato pol\u00edtico. Este es recodificado por la particular manera en que la trama cultural del medio... Read More\" \/>\n<meta property=\"og:url\" content=\"https:\/\/www.fcedu.uner.edu.ar\/biblioteca\/escuela-proceso-social\/\" \/>\n<meta property=\"og:site_name\" content=\"Biblioteca &quot;Prof. N\u00e9lida Landreani&quot;\" \/>\n<meta property=\"article:modified_time\" content=\"2017-10-09T13:09:19+00:00\" \/>\n<meta name=\"twitter:card\" content=\"summary_large_image\" \/>\n<meta name=\"twitter:label1\" content=\"Tiempo de lectura\" \/>\n\t<meta name=\"twitter:data1\" content=\"2 minutos\" \/>\n<script type=\"application\/ld+json\" class=\"yoast-schema-graph\">{\"@context\":\"https:\/\/schema.org\",\"@graph\":[{\"@type\":\"WebPage\",\"@id\":\"https:\/\/www.fcedu.uner.edu.ar\/biblioteca\/escuela-proceso-social\/\",\"url\":\"https:\/\/www.fcedu.uner.edu.ar\/biblioteca\/escuela-proceso-social\/\",\"name\":\"La escuela como un proceso de construcci\u00f3n social - Biblioteca &quot;Prof. N\u00e9lida Landreani&quot;\",\"isPartOf\":{\"@id\":\"https:\/\/www.fcedu.uner.edu.ar\/biblioteca\/#website\"},\"datePublished\":\"2016-12-19T02:02:12+00:00\",\"dateModified\":\"2017-10-09T13:09:19+00:00\",\"breadcrumb\":{\"@id\":\"https:\/\/www.fcedu.uner.edu.ar\/biblioteca\/escuela-proceso-social\/#breadcrumb\"},\"inLanguage\":\"es\",\"potentialAction\":[{\"@type\":\"ReadAction\",\"target\":[\"https:\/\/www.fcedu.uner.edu.ar\/biblioteca\/escuela-proceso-social\/\"]}]},{\"@type\":\"BreadcrumbList\",\"@id\":\"https:\/\/www.fcedu.uner.edu.ar\/biblioteca\/escuela-proceso-social\/#breadcrumb\",\"itemListElement\":[{\"@type\":\"ListItem\",\"position\":1,\"name\":\"Portada\",\"item\":\"https:\/\/www.fcedu.uner.edu.ar\/biblioteca\/\"},{\"@type\":\"ListItem\",\"position\":2,\"name\":\"La escuela como un proceso de construcci\u00f3n social\"}]},{\"@type\":\"WebSite\",\"@id\":\"https:\/\/www.fcedu.uner.edu.ar\/biblioteca\/#website\",\"url\":\"https:\/\/www.fcedu.uner.edu.ar\/biblioteca\/\",\"name\":\"Biblioteca &quot;Prof. N\u00e9lida Landreani&quot;\",\"description\":\"Otro sitio m\u00e1s de Sitios de Portal FCEDU UNER\",\"potentialAction\":[{\"@type\":\"SearchAction\",\"target\":{\"@type\":\"EntryPoint\",\"urlTemplate\":\"https:\/\/www.fcedu.uner.edu.ar\/biblioteca\/?s={search_term_string}\"},\"query-input\":\"required name=search_term_string\"}],\"inLanguage\":\"es\"}]}<\/script>\n<!-- \/ Yoast SEO plugin. -->","yoast_head_json":{"title":"La escuela como un proceso de construcci\u00f3n social - Biblioteca &quot;Prof. N\u00e9lida Landreani&quot;","robots":{"index":"index","follow":"follow","max-snippet":"max-snippet:-1","max-image-preview":"max-image-preview:large","max-video-preview":"max-video-preview:-1"},"canonical":"https:\/\/www.fcedu.uner.edu.ar\/biblioteca\/escuela-proceso-social\/","og_locale":"es_ES","og_type":"article","og_title":"La escuela como un proceso de construcci\u00f3n social - Biblioteca &quot;Prof. N\u00e9lida Landreani&quot;","og_description":"Partimos de considerar a las escuelas no s\u00f3lo como realidades homog\u00e9neas, determinadas por su car\u00e1cter p\u00fablico, sino tambi\u00e9n como conjuntos de pr\u00e1cticas sociales espec\u00edficas que poseen car\u00e1cter situado, en un tiempo y un espacio que se constituye por el mandato pol\u00edtico. Este es recodificado por la particular manera en que la trama cultural del medio... Read More","og_url":"https:\/\/www.fcedu.uner.edu.ar\/biblioteca\/escuela-proceso-social\/","og_site_name":"Biblioteca &quot;Prof. N\u00e9lida Landreani&quot;","article_modified_time":"2017-10-09T13:09:19+00:00","twitter_card":"summary_large_image","twitter_misc":{"Tiempo de lectura":"2 minutos"},"schema":{"@context":"https:\/\/schema.org","@graph":[{"@type":"WebPage","@id":"https:\/\/www.fcedu.uner.edu.ar\/biblioteca\/escuela-proceso-social\/","url":"https:\/\/www.fcedu.uner.edu.ar\/biblioteca\/escuela-proceso-social\/","name":"La escuela como un proceso de construcci\u00f3n social - Biblioteca &quot;Prof. N\u00e9lida Landreani&quot;","isPartOf":{"@id":"https:\/\/www.fcedu.uner.edu.ar\/biblioteca\/#website"},"datePublished":"2016-12-19T02:02:12+00:00","dateModified":"2017-10-09T13:09:19+00:00","breadcrumb":{"@id":"https:\/\/www.fcedu.uner.edu.ar\/biblioteca\/escuela-proceso-social\/#breadcrumb"},"inLanguage":"es","potentialAction":[{"@type":"ReadAction","target":["https:\/\/www.fcedu.uner.edu.ar\/biblioteca\/escuela-proceso-social\/"]}]},{"@type":"BreadcrumbList","@id":"https:\/\/www.fcedu.uner.edu.ar\/biblioteca\/escuela-proceso-social\/#breadcrumb","itemListElement":[{"@type":"ListItem","position":1,"name":"Portada","item":"https:\/\/www.fcedu.uner.edu.ar\/biblioteca\/"},{"@type":"ListItem","position":2,"name":"La escuela como un proceso de construcci\u00f3n social"}]},{"@type":"WebSite","@id":"https:\/\/www.fcedu.uner.edu.ar\/biblioteca\/#website","url":"https:\/\/www.fcedu.uner.edu.ar\/biblioteca\/","name":"Biblioteca &quot;Prof. N\u00e9lida Landreani&quot;","description":"Otro sitio m\u00e1s de Sitios de Portal FCEDU UNER","potentialAction":[{"@type":"SearchAction","target":{"@type":"EntryPoint","urlTemplate":"https:\/\/www.fcedu.uner.edu.ar\/biblioteca\/?s={search_term_string}"},"query-input":"required name=search_term_string"}],"inLanguage":"es"}]}},"_links":{"self":[{"href":"https:\/\/www.fcedu.uner.edu.ar\/biblioteca\/wp-json\/wp\/v2\/pages\/1124"}],"collection":[{"href":"https:\/\/www.fcedu.uner.edu.ar\/biblioteca\/wp-json\/wp\/v2\/pages"}],"about":[{"href":"https:\/\/www.fcedu.uner.edu.ar\/biblioteca\/wp-json\/wp\/v2\/types\/page"}],"author":[{"embeddable":true,"href":"https:\/\/www.fcedu.uner.edu.ar\/biblioteca\/wp-json\/wp\/v2\/users\/1"}],"replies":[{"embeddable":true,"href":"https:\/\/www.fcedu.uner.edu.ar\/biblioteca\/wp-json\/wp\/v2\/comments?post=1124"}],"version-history":[{"count":24,"href":"https:\/\/www.fcedu.uner.edu.ar\/biblioteca\/wp-json\/wp\/v2\/pages\/1124\/revisions"}],"predecessor-version":[{"id":1527,"href":"https:\/\/www.fcedu.uner.edu.ar\/biblioteca\/wp-json\/wp\/v2\/pages\/1124\/revisions\/1527"}],"wp:attachment":[{"href":"https:\/\/www.fcedu.uner.edu.ar\/biblioteca\/wp-json\/wp\/v2\/media?parent=1124"}],"curies":[{"name":"wp","href":"https:\/\/api.w.org\/{rel}","templated":true}]}}