{"id":1128,"date":"2016-12-19T02:04:01","date_gmt":"2016-12-19T02:04:01","guid":{"rendered":"http:\/\/www.fcedu.uner.edu.ar\/biblioteca\/?page_id=1128"},"modified":"2017-10-09T13:16:37","modified_gmt":"2017-10-09T13:16:37","slug":"proyectos-extension-universitaria","status":"publish","type":"page","link":"https:\/\/www.fcedu.uner.edu.ar\/biblioteca\/proyectos-extension-universitaria\/","title":{"rendered":"Proyectos de Extensi\u00f3n Universitaria"},"content":{"rendered":"<p><span style=\"color: #333333;\">El Proyecto de Extensi\u00f3n Universitaria denominado \u201cEl trabajo docente en escuelas urbano-marginales\u201d se gest\u00f3 entre la C\u00e1tedra de \u201cSociolog\u00eda de la Educaci\u00f3n\u201d, el Proyecto de Investigaci\u00f3n \u201cProcesos de Construcci\u00f3n de la vida cotidiana escolar\u201d en convenio con la Asociaci\u00f3n Gremial del Magisterio de Entre R\u00edos (AGMER). Consisti\u00f3 en una serie de talleres con docentes de escuelas primarias de sectores de pobreza urbana, en las localidades de Santa Elena, Concordia y Paran\u00e1, de la provincia de Entre R\u00edos, durante los a\u00f1os 1996 y 1997 que fue coordinado por Nina y parte del equipo de trabajo.<\/span><br \/>\n<span style=\"color: #333333;\"> Del mismo surgieron dos publicaciones que evidencian la producci\u00f3n de ideas, conceptos y reflexiones que, junto a esos docentes, pudimos sostener en un trabajo compartido en plena implementaci\u00f3n de pol\u00edticas neoliberales. Estas son:<\/span><\/p>\n<ul>\n<li><span style=\"color: #497bbd;\"><a style=\"color: #497bbd;\" title=\"LANDREANI, N\u00e9lida (1996 ). El taller, un espacio compartido de producci\u00f3n de saberes. Cuadernos de capacitaci\u00f3n docente, 1, A\u00f1o 1. Paran\u00e1: Facultad de Ciencias de la Educaci\u00f3n, UNER.\" href=\"http:\/\/biblio.fcedu.uner.edu.ar\/nina\/H5-Landreani_Nelida-El_taller-un_espacio_compartido_de_produccion_de_saberes.pdf\" target=\"_blank\"><strong>El taller. Un espacio compartido de producci\u00f3n de saberes <\/strong>(1996)<\/a><\/span><\/li>\n<\/ul>\n<ul>\n<li><span style=\"color: #497bbd;\"><a style=\"color: #497bbd;\" title=\"LANDREANI, N\u00e9lida (1997). Pobreza y exclusi\u00f3n social. Para entender las escuelas urbano marginales. Cuadernos de capacitaci\u00f3n docente, 2, A\u00f1o 2. Paran\u00e1: Facultad de Ciencias de la Educaci\u00f3n, UNER.\" href=\"http:\/\/biblio.fcedu.uner.edu.ar\/nina\/H5-Landreani_Nelida-Pobreza_y_exlusion_social_para_entender_las_escuelas_urbano_marginales-Cuadernos_Cap_Doc_Anio_II-2.pdf\" target=\"_blank\"><strong>Pobreza y exclusi\u00f3n social. Para entender las escuelas urbano marginales <\/strong>(1997)<\/a><\/span><\/li>\n<\/ul>\n<p>&nbsp;<\/p>\n<p>&nbsp;<\/p>\n<p style=\"text-align: right;\"><span style=\"color: #c4c4c4;\"><strong>PROYECTO DE INNOVACI\u00d3N E INCENTIVO A LA DOCENCIA<br \/>\n<\/strong><strong><em>\u201cNina Landreani: Legados de un caminar\u201d<\/em><\/strong><\/span><\/p>\n<p>&nbsp;<\/p>\n","protected":false},"excerpt":{"rendered":"<p>El Proyecto de Extensi\u00f3n Universitaria denominado \u201cEl trabajo docente en escuelas urbano-marginales\u201d se gest\u00f3 entre la C\u00e1tedra de \u201cSociolog\u00eda de la Educaci\u00f3n\u201d, el Proyecto de Investigaci\u00f3n \u201cProcesos de Construcci\u00f3n de la vida cotidiana escolar\u201d en convenio con la Asociaci\u00f3n Gremial del Magisterio de Entre R\u00edos (AGMER). Consisti\u00f3 en una serie de talleres con docentes de&#8230; <\/p>\n<div class=\"clear\"><\/div>\n<p><a href=\"https:\/\/www.fcedu.uner.edu.ar\/biblioteca\/proyectos-extension-universitaria\/\" class=\"excerpt-read-more\">Read More<i class=\"fa fa-caret-right icon-caret-right\"><\/i><\/a><\/p>\n","protected":false},"author":1,"featured_media":0,"parent":0,"menu_order":0,"comment_status":"closed","ping_status":"closed","template":"","meta":{"footnotes":""},"yoast_head":"<!-- This site is optimized with the Yoast SEO plugin v21.7 - https:\/\/yoast.com\/wordpress\/plugins\/seo\/ -->\n<title>Proyectos de Extensi\u00f3n Universitaria - Biblioteca &quot;Prof. N\u00e9lida Landreani&quot;<\/title>\n<meta name=\"robots\" content=\"index, follow, max-snippet:-1, max-image-preview:large, max-video-preview:-1\" \/>\n<link rel=\"canonical\" href=\"https:\/\/www.fcedu.uner.edu.ar\/biblioteca\/proyectos-extension-universitaria\/\" \/>\n<meta property=\"og:locale\" content=\"es_ES\" \/>\n<meta property=\"og:type\" content=\"article\" \/>\n<meta property=\"og:title\" content=\"Proyectos de Extensi\u00f3n Universitaria - Biblioteca &quot;Prof. N\u00e9lida Landreani&quot;\" \/>\n<meta property=\"og:description\" content=\"El Proyecto de Extensi\u00f3n Universitaria denominado \u201cEl trabajo docente en escuelas urbano-marginales\u201d se gest\u00f3 entre la C\u00e1tedra de \u201cSociolog\u00eda de la Educaci\u00f3n\u201d, el Proyecto de Investigaci\u00f3n \u201cProcesos de Construcci\u00f3n de la vida cotidiana escolar\u201d en convenio con la Asociaci\u00f3n Gremial del Magisterio de Entre R\u00edos (AGMER). Consisti\u00f3 en una serie de talleres con docentes de... Read More\" \/>\n<meta property=\"og:url\" content=\"https:\/\/www.fcedu.uner.edu.ar\/biblioteca\/proyectos-extension-universitaria\/\" \/>\n<meta property=\"og:site_name\" content=\"Biblioteca &quot;Prof. N\u00e9lida Landreani&quot;\" \/>\n<meta property=\"article:modified_time\" content=\"2017-10-09T13:16:37+00:00\" \/>\n<meta name=\"twitter:card\" content=\"summary_large_image\" \/>\n<meta name=\"twitter:label1\" content=\"Tiempo de lectura\" \/>\n\t<meta name=\"twitter:data1\" content=\"1 minuto\" \/>\n<script type=\"application\/ld+json\" class=\"yoast-schema-graph\">{\"@context\":\"https:\/\/schema.org\",\"@graph\":[{\"@type\":\"WebPage\",\"@id\":\"https:\/\/www.fcedu.uner.edu.ar\/biblioteca\/proyectos-extension-universitaria\/\",\"url\":\"https:\/\/www.fcedu.uner.edu.ar\/biblioteca\/proyectos-extension-universitaria\/\",\"name\":\"Proyectos de Extensi\u00f3n Universitaria - Biblioteca &quot;Prof. N\u00e9lida Landreani&quot;\",\"isPartOf\":{\"@id\":\"https:\/\/www.fcedu.uner.edu.ar\/biblioteca\/#website\"},\"datePublished\":\"2016-12-19T02:04:01+00:00\",\"dateModified\":\"2017-10-09T13:16:37+00:00\",\"breadcrumb\":{\"@id\":\"https:\/\/www.fcedu.uner.edu.ar\/biblioteca\/proyectos-extension-universitaria\/#breadcrumb\"},\"inLanguage\":\"es\",\"potentialAction\":[{\"@type\":\"ReadAction\",\"target\":[\"https:\/\/www.fcedu.uner.edu.ar\/biblioteca\/proyectos-extension-universitaria\/\"]}]},{\"@type\":\"BreadcrumbList\",\"@id\":\"https:\/\/www.fcedu.uner.edu.ar\/biblioteca\/proyectos-extension-universitaria\/#breadcrumb\",\"itemListElement\":[{\"@type\":\"ListItem\",\"position\":1,\"name\":\"Portada\",\"item\":\"https:\/\/www.fcedu.uner.edu.ar\/biblioteca\/\"},{\"@type\":\"ListItem\",\"position\":2,\"name\":\"Proyectos de Extensi\u00f3n Universitaria\"}]},{\"@type\":\"WebSite\",\"@id\":\"https:\/\/www.fcedu.uner.edu.ar\/biblioteca\/#website\",\"url\":\"https:\/\/www.fcedu.uner.edu.ar\/biblioteca\/\",\"name\":\"Biblioteca &quot;Prof. N\u00e9lida Landreani&quot;\",\"description\":\"Otro sitio m\u00e1s de Sitios de Portal FCEDU UNER\",\"potentialAction\":[{\"@type\":\"SearchAction\",\"target\":{\"@type\":\"EntryPoint\",\"urlTemplate\":\"https:\/\/www.fcedu.uner.edu.ar\/biblioteca\/?s={search_term_string}\"},\"query-input\":\"required name=search_term_string\"}],\"inLanguage\":\"es\"}]}<\/script>\n<!-- \/ Yoast SEO plugin. -->","yoast_head_json":{"title":"Proyectos de Extensi\u00f3n Universitaria - Biblioteca &quot;Prof. N\u00e9lida Landreani&quot;","robots":{"index":"index","follow":"follow","max-snippet":"max-snippet:-1","max-image-preview":"max-image-preview:large","max-video-preview":"max-video-preview:-1"},"canonical":"https:\/\/www.fcedu.uner.edu.ar\/biblioteca\/proyectos-extension-universitaria\/","og_locale":"es_ES","og_type":"article","og_title":"Proyectos de Extensi\u00f3n Universitaria - Biblioteca &quot;Prof. N\u00e9lida Landreani&quot;","og_description":"El Proyecto de Extensi\u00f3n Universitaria denominado \u201cEl trabajo docente en escuelas urbano-marginales\u201d se gest\u00f3 entre la C\u00e1tedra de \u201cSociolog\u00eda de la Educaci\u00f3n\u201d, el Proyecto de Investigaci\u00f3n \u201cProcesos de Construcci\u00f3n de la vida cotidiana escolar\u201d en convenio con la Asociaci\u00f3n Gremial del Magisterio de Entre R\u00edos (AGMER). Consisti\u00f3 en una serie de talleres con docentes de... Read More","og_url":"https:\/\/www.fcedu.uner.edu.ar\/biblioteca\/proyectos-extension-universitaria\/","og_site_name":"Biblioteca &quot;Prof. N\u00e9lida Landreani&quot;","article_modified_time":"2017-10-09T13:16:37+00:00","twitter_card":"summary_large_image","twitter_misc":{"Tiempo de lectura":"1 minuto"},"schema":{"@context":"https:\/\/schema.org","@graph":[{"@type":"WebPage","@id":"https:\/\/www.fcedu.uner.edu.ar\/biblioteca\/proyectos-extension-universitaria\/","url":"https:\/\/www.fcedu.uner.edu.ar\/biblioteca\/proyectos-extension-universitaria\/","name":"Proyectos de Extensi\u00f3n Universitaria - Biblioteca &quot;Prof. N\u00e9lida Landreani&quot;","isPartOf":{"@id":"https:\/\/www.fcedu.uner.edu.ar\/biblioteca\/#website"},"datePublished":"2016-12-19T02:04:01+00:00","dateModified":"2017-10-09T13:16:37+00:00","breadcrumb":{"@id":"https:\/\/www.fcedu.uner.edu.ar\/biblioteca\/proyectos-extension-universitaria\/#breadcrumb"},"inLanguage":"es","potentialAction":[{"@type":"ReadAction","target":["https:\/\/www.fcedu.uner.edu.ar\/biblioteca\/proyectos-extension-universitaria\/"]}]},{"@type":"BreadcrumbList","@id":"https:\/\/www.fcedu.uner.edu.ar\/biblioteca\/proyectos-extension-universitaria\/#breadcrumb","itemListElement":[{"@type":"ListItem","position":1,"name":"Portada","item":"https:\/\/www.fcedu.uner.edu.ar\/biblioteca\/"},{"@type":"ListItem","position":2,"name":"Proyectos de Extensi\u00f3n Universitaria"}]},{"@type":"WebSite","@id":"https:\/\/www.fcedu.uner.edu.ar\/biblioteca\/#website","url":"https:\/\/www.fcedu.uner.edu.ar\/biblioteca\/","name":"Biblioteca &quot;Prof. N\u00e9lida Landreani&quot;","description":"Otro sitio m\u00e1s de Sitios de Portal FCEDU UNER","potentialAction":[{"@type":"SearchAction","target":{"@type":"EntryPoint","urlTemplate":"https:\/\/www.fcedu.uner.edu.ar\/biblioteca\/?s={search_term_string}"},"query-input":"required name=search_term_string"}],"inLanguage":"es"}]}},"_links":{"self":[{"href":"https:\/\/www.fcedu.uner.edu.ar\/biblioteca\/wp-json\/wp\/v2\/pages\/1128"}],"collection":[{"href":"https:\/\/www.fcedu.uner.edu.ar\/biblioteca\/wp-json\/wp\/v2\/pages"}],"about":[{"href":"https:\/\/www.fcedu.uner.edu.ar\/biblioteca\/wp-json\/wp\/v2\/types\/page"}],"author":[{"embeddable":true,"href":"https:\/\/www.fcedu.uner.edu.ar\/biblioteca\/wp-json\/wp\/v2\/users\/1"}],"replies":[{"embeddable":true,"href":"https:\/\/www.fcedu.uner.edu.ar\/biblioteca\/wp-json\/wp\/v2\/comments?post=1128"}],"version-history":[{"count":8,"href":"https:\/\/www.fcedu.uner.edu.ar\/biblioteca\/wp-json\/wp\/v2\/pages\/1128\/revisions"}],"predecessor-version":[{"id":1530,"href":"https:\/\/www.fcedu.uner.edu.ar\/biblioteca\/wp-json\/wp\/v2\/pages\/1128\/revisions\/1530"}],"wp:attachment":[{"href":"https:\/\/www.fcedu.uner.edu.ar\/biblioteca\/wp-json\/wp\/v2\/media?parent=1128"}],"curies":[{"name":"wp","href":"https:\/\/api.w.org\/{rel}","templated":true}]}}