{"id":1290,"date":"2017-03-14T11:12:10","date_gmt":"2017-03-14T11:12:10","guid":{"rendered":"http:\/\/www.fcedu.uner.edu.ar\/biblioteca\/?page_id=1290"},"modified":"2018-03-05T15:00:17","modified_gmt":"2018-03-05T15:00:17","slug":"prof-nelida-landreani","status":"publish","type":"page","link":"https:\/\/www.fcedu.uner.edu.ar\/biblioteca\/prof-nelida-landreani\/","title":{"rendered":"Prof. N\u00e9lida Landreani"},"content":{"rendered":"<p><span style=\"color: #333333\">Hay quienes pasan por este mundo y lo dibujan, lo embellecen, lo transforman. Dejan huellas que advertir a quienes caminamos despu\u00e9s. Nos permiten sostener la mirada hacia adelante. Volvemos a ellos, para preguntarles y preguntarnos, para sostenernos en ese di\u00e1logo. Quienes dejan un legado, dejan m\u00e1s que una producci\u00f3n; conceden una inquietante interpelaci\u00f3n, un modo de pensar, una puerta que abrir. Se nos vuelven insistentemente presentes, atemporales, contempor\u00e1neos. Nina, entre todos ellos, se ha vuelto siempre, cada vez, un encuentro posible.<\/span><\/p>\n<ul>\n<li><strong><span style=\"color: #497bbd\"><a style=\"color: #497bbd\" href=\"https:\/\/www.fcedu.uner.edu.ar\/biblioteca\/?page_id=1119\">Biograf\u00eda<\/a><\/span><\/strong><\/li>\n<li><strong><span style=\"color: #497bbd\"><a style=\"color: #497bbd\" href=\"https:\/\/www.fcedu.uner.edu.ar\/biblioteca\/?page_id=1122\">Vida cotidiana escolar<\/a><\/span><\/strong><\/li>\n<li><strong><span style=\"color: #497bbd\"><a style=\"color: #497bbd\" href=\"https:\/\/www.fcedu.uner.edu.ar\/biblioteca\/?page_id=1124\">La escuela como un proceso de construcci\u00f3n social<\/a><\/span><\/strong><\/li>\n<li><strong><span style=\"color: #497bbd\"><a style=\"color: #497bbd\" href=\"https:\/\/www.fcedu.uner.edu.ar\/biblioteca\/?page_id=1126\">Apropiaci\u00f3n institucional<\/a><\/span><\/strong><\/li>\n<li><strong><span style=\"color: #497bbd\"><a style=\"color: #497bbd\" href=\"https:\/\/www.fcedu.uner.edu.ar\/biblioteca\/?page_id=1128\">Proyectos de Extensi\u00f3n Universitaria<\/a><\/span><\/strong><\/li>\n<li><strong><span style=\"color: #497bbd\"><a style=\"color: #497bbd\" href=\"https:\/\/www.fcedu.uner.edu.ar\/biblioteca\/?page_id=1130\">Proyectos de Investigaci\u00f3n<\/a><\/span><\/strong><\/li>\n<li><strong><span style=\"color: #497bbd\"><a style=\"color: #497bbd\" href=\"http:\/\/biblio.fcedu.uner.edu.ar\/nina\/H7-voz-nina.mp3\" target=\"_blank\" rel=\"noopener\">Voz de la Prof. N\u00e9lida \u00abNina\u00bb Landreani<\/a><\/span><\/strong><\/li>\n<\/ul>\n<p>&nbsp;<\/p>\n<h5><strong><span style=\"color: #333333\">Proyecto<\/span><\/strong><\/h5>\n<p><span style=\"color: #333333\"><em>Nina Landreani: Legados de un caminar <\/em>es un proyecto de Innovaci\u00f3n Pedag\u00f3gica e Incentivo a la Docencia, de la Facultad de Ciencias de la Educaci\u00f3n (UNER) aprobado por resoluci\u00f3n del CD 035\/16. Se centra en la figura de la Profesora N\u00e9lida Landreani: docente universitaria y militante social, quien orient\u00f3 incansablemente su pr\u00e1ctica educativa, social y pol\u00edtica a la defensa de la escuela y la universidad p\u00fablica.<\/span><\/p>\n<p><span style=\"color: #333333\"><em>Legados de un caminar<\/em> se dise\u00f1\u00f3 en dos versiones complementarias: una publicaci\u00f3n impresa y una digital, en las que se desarrollan los principales aspectos su vida y obra. Desde estos textos m\u00faltiples proponemos encontrarnos, actualizar sus pensamientos, luchas y sue\u00f1os y nuestras b\u00fasquedas y preocupaciones por una educaci\u00f3n popular, democr\u00e1tica y liberadora.<\/span><\/p>\n<p>&nbsp;<\/p>\n<h5><span style=\"color: #333333\"><strong>Participaron en el Proyecto:<\/strong><\/span><\/h5>\n<p><span style=\"color: #333333\"><em>&#8211; <strong>C\u00e1tedra \u201cSociolog\u00eda de la Educaci\u00f3n\u201d<\/strong><\/em><strong>:<\/strong> SUSANA VALENTINUZ, SUSANA BERGER, JAVIER MIRANDA, LORENA ROMERO, ROMINA GALLO Y ESTEBAN REZZA.<\/span><\/p>\n<p><span style=\"color: #333333\"><strong><em>&#8211; \u00c1rea Gr\u00e1fica del Centro de Producci\u00f3n en Comunicaci\u00f3n y Educaci\u00f3n: <\/em><\/strong>REGINA KUCHEN,\u00a0 FORTUNATO GALIZZI, MAR\u00cdA FLORENCIA HERN\u00c1NDEZ ROSS Y MAR\u00cdA LUCRECIA GRUBERT<\/span><\/p>\n<p>&nbsp;<\/p>\n<p>&nbsp;<\/p>\n<p>&nbsp;<\/p>\n","protected":false},"excerpt":{"rendered":"<p>Hay quienes pasan por este mundo y lo dibujan, lo embellecen, lo transforman. Dejan huellas que advertir a quienes caminamos despu\u00e9s. Nos permiten sostener la mirada hacia adelante. Volvemos a ellos, para preguntarles y preguntarnos, para sostenernos en ese di\u00e1logo. Quienes dejan un legado, dejan m\u00e1s que una producci\u00f3n; conceden una inquietante interpelaci\u00f3n, un modo&#8230; <\/p>\n<div class=\"clear\"><\/div>\n<p><a href=\"https:\/\/www.fcedu.uner.edu.ar\/biblioteca\/prof-nelida-landreani\/\" class=\"excerpt-read-more\">Read More<i class=\"fa fa-caret-right icon-caret-right\"><\/i><\/a><\/p>\n","protected":false},"author":14,"featured_media":0,"parent":0,"menu_order":0,"comment_status":"closed","ping_status":"closed","template":"","meta":{"footnotes":""},"yoast_head":"<!-- This site is optimized with the Yoast SEO plugin v21.7 - https:\/\/yoast.com\/wordpress\/plugins\/seo\/ -->\n<title>Prof. N\u00e9lida Landreani - Biblioteca &quot;Prof. N\u00e9lida Landreani&quot;<\/title>\n<meta name=\"robots\" content=\"index, follow, max-snippet:-1, max-image-preview:large, max-video-preview:-1\" \/>\n<link rel=\"canonical\" href=\"https:\/\/www.fcedu.uner.edu.ar\/biblioteca\/prof-nelida-landreani\/\" \/>\n<meta property=\"og:locale\" content=\"es_ES\" \/>\n<meta property=\"og:type\" content=\"article\" \/>\n<meta property=\"og:title\" content=\"Prof. N\u00e9lida Landreani - Biblioteca &quot;Prof. N\u00e9lida Landreani&quot;\" \/>\n<meta property=\"og:description\" content=\"Hay quienes pasan por este mundo y lo dibujan, lo embellecen, lo transforman. Dejan huellas que advertir a quienes caminamos despu\u00e9s. Nos permiten sostener la mirada hacia adelante. Volvemos a ellos, para preguntarles y preguntarnos, para sostenernos en ese di\u00e1logo. Quienes dejan un legado, dejan m\u00e1s que una producci\u00f3n; conceden una inquietante interpelaci\u00f3n, un modo... Read More\" \/>\n<meta property=\"og:url\" content=\"https:\/\/www.fcedu.uner.edu.ar\/biblioteca\/prof-nelida-landreani\/\" \/>\n<meta property=\"og:site_name\" content=\"Biblioteca &quot;Prof. N\u00e9lida Landreani&quot;\" \/>\n<meta property=\"article:modified_time\" content=\"2018-03-05T15:00:17+00:00\" \/>\n<meta name=\"twitter:card\" content=\"summary_large_image\" \/>\n<meta name=\"twitter:label1\" content=\"Tiempo de lectura\" \/>\n\t<meta name=\"twitter:data1\" content=\"2 minutos\" \/>\n<script type=\"application\/ld+json\" class=\"yoast-schema-graph\">{\"@context\":\"https:\/\/schema.org\",\"@graph\":[{\"@type\":\"WebPage\",\"@id\":\"https:\/\/www.fcedu.uner.edu.ar\/biblioteca\/prof-nelida-landreani\/\",\"url\":\"https:\/\/www.fcedu.uner.edu.ar\/biblioteca\/prof-nelida-landreani\/\",\"name\":\"Prof. N\u00e9lida Landreani - Biblioteca &quot;Prof. N\u00e9lida Landreani&quot;\",\"isPartOf\":{\"@id\":\"https:\/\/www.fcedu.uner.edu.ar\/biblioteca\/#website\"},\"datePublished\":\"2017-03-14T11:12:10+00:00\",\"dateModified\":\"2018-03-05T15:00:17+00:00\",\"breadcrumb\":{\"@id\":\"https:\/\/www.fcedu.uner.edu.ar\/biblioteca\/prof-nelida-landreani\/#breadcrumb\"},\"inLanguage\":\"es\",\"potentialAction\":[{\"@type\":\"ReadAction\",\"target\":[\"https:\/\/www.fcedu.uner.edu.ar\/biblioteca\/prof-nelida-landreani\/\"]}]},{\"@type\":\"BreadcrumbList\",\"@id\":\"https:\/\/www.fcedu.uner.edu.ar\/biblioteca\/prof-nelida-landreani\/#breadcrumb\",\"itemListElement\":[{\"@type\":\"ListItem\",\"position\":1,\"name\":\"Portada\",\"item\":\"https:\/\/www.fcedu.uner.edu.ar\/biblioteca\/\"},{\"@type\":\"ListItem\",\"position\":2,\"name\":\"Prof. N\u00e9lida Landreani\"}]},{\"@type\":\"WebSite\",\"@id\":\"https:\/\/www.fcedu.uner.edu.ar\/biblioteca\/#website\",\"url\":\"https:\/\/www.fcedu.uner.edu.ar\/biblioteca\/\",\"name\":\"Biblioteca &quot;Prof. N\u00e9lida Landreani&quot;\",\"description\":\"Otro sitio m\u00e1s de Sitios de Portal FCEDU UNER\",\"potentialAction\":[{\"@type\":\"SearchAction\",\"target\":{\"@type\":\"EntryPoint\",\"urlTemplate\":\"https:\/\/www.fcedu.uner.edu.ar\/biblioteca\/?s={search_term_string}\"},\"query-input\":\"required name=search_term_string\"}],\"inLanguage\":\"es\"}]}<\/script>\n<!-- \/ Yoast SEO plugin. -->","yoast_head_json":{"title":"Prof. N\u00e9lida Landreani - Biblioteca &quot;Prof. N\u00e9lida Landreani&quot;","robots":{"index":"index","follow":"follow","max-snippet":"max-snippet:-1","max-image-preview":"max-image-preview:large","max-video-preview":"max-video-preview:-1"},"canonical":"https:\/\/www.fcedu.uner.edu.ar\/biblioteca\/prof-nelida-landreani\/","og_locale":"es_ES","og_type":"article","og_title":"Prof. N\u00e9lida Landreani - Biblioteca &quot;Prof. N\u00e9lida Landreani&quot;","og_description":"Hay quienes pasan por este mundo y lo dibujan, lo embellecen, lo transforman. Dejan huellas que advertir a quienes caminamos despu\u00e9s. Nos permiten sostener la mirada hacia adelante. Volvemos a ellos, para preguntarles y preguntarnos, para sostenernos en ese di\u00e1logo. Quienes dejan un legado, dejan m\u00e1s que una producci\u00f3n; conceden una inquietante interpelaci\u00f3n, un modo... Read More","og_url":"https:\/\/www.fcedu.uner.edu.ar\/biblioteca\/prof-nelida-landreani\/","og_site_name":"Biblioteca &quot;Prof. N\u00e9lida Landreani&quot;","article_modified_time":"2018-03-05T15:00:17+00:00","twitter_card":"summary_large_image","twitter_misc":{"Tiempo de lectura":"2 minutos"},"schema":{"@context":"https:\/\/schema.org","@graph":[{"@type":"WebPage","@id":"https:\/\/www.fcedu.uner.edu.ar\/biblioteca\/prof-nelida-landreani\/","url":"https:\/\/www.fcedu.uner.edu.ar\/biblioteca\/prof-nelida-landreani\/","name":"Prof. N\u00e9lida Landreani - Biblioteca &quot;Prof. N\u00e9lida Landreani&quot;","isPartOf":{"@id":"https:\/\/www.fcedu.uner.edu.ar\/biblioteca\/#website"},"datePublished":"2017-03-14T11:12:10+00:00","dateModified":"2018-03-05T15:00:17+00:00","breadcrumb":{"@id":"https:\/\/www.fcedu.uner.edu.ar\/biblioteca\/prof-nelida-landreani\/#breadcrumb"},"inLanguage":"es","potentialAction":[{"@type":"ReadAction","target":["https:\/\/www.fcedu.uner.edu.ar\/biblioteca\/prof-nelida-landreani\/"]}]},{"@type":"BreadcrumbList","@id":"https:\/\/www.fcedu.uner.edu.ar\/biblioteca\/prof-nelida-landreani\/#breadcrumb","itemListElement":[{"@type":"ListItem","position":1,"name":"Portada","item":"https:\/\/www.fcedu.uner.edu.ar\/biblioteca\/"},{"@type":"ListItem","position":2,"name":"Prof. N\u00e9lida Landreani"}]},{"@type":"WebSite","@id":"https:\/\/www.fcedu.uner.edu.ar\/biblioteca\/#website","url":"https:\/\/www.fcedu.uner.edu.ar\/biblioteca\/","name":"Biblioteca &quot;Prof. N\u00e9lida Landreani&quot;","description":"Otro sitio m\u00e1s de Sitios de Portal FCEDU UNER","potentialAction":[{"@type":"SearchAction","target":{"@type":"EntryPoint","urlTemplate":"https:\/\/www.fcedu.uner.edu.ar\/biblioteca\/?s={search_term_string}"},"query-input":"required name=search_term_string"}],"inLanguage":"es"}]}},"_links":{"self":[{"href":"https:\/\/www.fcedu.uner.edu.ar\/biblioteca\/wp-json\/wp\/v2\/pages\/1290"}],"collection":[{"href":"https:\/\/www.fcedu.uner.edu.ar\/biblioteca\/wp-json\/wp\/v2\/pages"}],"about":[{"href":"https:\/\/www.fcedu.uner.edu.ar\/biblioteca\/wp-json\/wp\/v2\/types\/page"}],"author":[{"embeddable":true,"href":"https:\/\/www.fcedu.uner.edu.ar\/biblioteca\/wp-json\/wp\/v2\/users\/14"}],"replies":[{"embeddable":true,"href":"https:\/\/www.fcedu.uner.edu.ar\/biblioteca\/wp-json\/wp\/v2\/comments?post=1290"}],"version-history":[{"count":10,"href":"https:\/\/www.fcedu.uner.edu.ar\/biblioteca\/wp-json\/wp\/v2\/pages\/1290\/revisions"}],"predecessor-version":[{"id":1680,"href":"https:\/\/www.fcedu.uner.edu.ar\/biblioteca\/wp-json\/wp\/v2\/pages\/1290\/revisions\/1680"}],"wp:attachment":[{"href":"https:\/\/www.fcedu.uner.edu.ar\/biblioteca\/wp-json\/wp\/v2\/media?parent=1290"}],"curies":[{"name":"wp","href":"https:\/\/api.w.org\/{rel}","templated":true}]}}