{"id":1513,"date":"2017-09-26T15:03:04","date_gmt":"2017-09-26T15:03:04","guid":{"rendered":"http:\/\/www.fcedu.uner.edu.ar\/biblioteca\/?page_id=1513"},"modified":"2017-12-06T20:18:25","modified_gmt":"2017-12-06T20:18:25","slug":"seminario-politica-gobierno-y-gestion-universitaria","status":"publish","type":"page","link":"https:\/\/www.fcedu.uner.edu.ar\/biblioteca\/seminario-politica-gobierno-y-gestion-universitaria\/","title":{"rendered":"Seminario \u00abPol\u00edtica, Gobierno y Gesti\u00f3n Universitaria\u00bb"},"content":{"rendered":"","protected":true},"excerpt":{"rendered":"","protected":true},"author":14,"featured_media":0,"parent":0,"menu_order":0,"comment_status":"closed","ping_status":"closed","template":"","meta":{"footnotes":""},"yoast_head":"<!-- This site is optimized with the Yoast SEO plugin v21.7 - https:\/\/yoast.com\/wordpress\/plugins\/seo\/ -->\n<title>Seminario &quot;Pol\u00edtica, Gobierno y Gesti\u00f3n Universitaria&quot; - Biblioteca &quot;Prof. N\u00e9lida Landreani&quot;<\/title>\n<meta name=\"robots\" content=\"index, follow, max-snippet:-1, max-image-preview:large, max-video-preview:-1\" \/>\n<link rel=\"canonical\" href=\"https:\/\/www.fcedu.uner.edu.ar\/biblioteca\/seminario-politica-gobierno-y-gestion-universitaria\/\" \/>\n<meta property=\"og:locale\" content=\"es_ES\" \/>\n<meta property=\"og:type\" content=\"article\" \/>\n<meta property=\"og:title\" content=\"Seminario &quot;Pol\u00edtica, Gobierno y Gesti\u00f3n Universitaria&quot; - Biblioteca &quot;Prof. N\u00e9lida Landreani&quot;\" \/>\n<meta property=\"og:description\" content=\"No hay extracto porque es una entrada protegida.\" \/>\n<meta property=\"og:url\" content=\"https:\/\/www.fcedu.uner.edu.ar\/biblioteca\/seminario-politica-gobierno-y-gestion-universitaria\/\" \/>\n<meta property=\"og:site_name\" content=\"Biblioteca &quot;Prof. N\u00e9lida Landreani&quot;\" \/>\n<meta property=\"article:modified_time\" content=\"2017-12-06T20:18:25+00:00\" \/>\n<meta name=\"twitter:card\" content=\"summary_large_image\" \/>\n<meta name=\"twitter:label1\" content=\"Tiempo de lectura\" \/>\n\t<meta name=\"twitter:data1\" content=\"9 minutos\" \/>\n<script type=\"application\/ld+json\" class=\"yoast-schema-graph\">{\"@context\":\"https:\/\/schema.org\",\"@graph\":[{\"@type\":\"WebPage\",\"@id\":\"https:\/\/www.fcedu.uner.edu.ar\/biblioteca\/seminario-politica-gobierno-y-gestion-universitaria\/\",\"url\":\"https:\/\/www.fcedu.uner.edu.ar\/biblioteca\/seminario-politica-gobierno-y-gestion-universitaria\/\",\"name\":\"Seminario \\\"Pol\u00edtica, Gobierno y Gesti\u00f3n Universitaria\\\" - Biblioteca &quot;Prof. N\u00e9lida Landreani&quot;\",\"isPartOf\":{\"@id\":\"https:\/\/www.fcedu.uner.edu.ar\/biblioteca\/#website\"},\"datePublished\":\"2017-09-26T15:03:04+00:00\",\"dateModified\":\"2017-12-06T20:18:25+00:00\",\"breadcrumb\":{\"@id\":\"https:\/\/www.fcedu.uner.edu.ar\/biblioteca\/seminario-politica-gobierno-y-gestion-universitaria\/#breadcrumb\"},\"inLanguage\":\"es\"},{\"@type\":\"WebSite\",\"@id\":\"https:\/\/www.fcedu.uner.edu.ar\/biblioteca\/#website\",\"url\":\"https:\/\/www.fcedu.uner.edu.ar\/biblioteca\/\",\"name\":\"Biblioteca &quot;Prof. N\u00e9lida Landreani&quot;\",\"description\":\"Otro sitio m\u00e1s de Sitios de Portal FCEDU UNER\",\"potentialAction\":[{\"@type\":\"SearchAction\",\"target\":{\"@type\":\"EntryPoint\",\"urlTemplate\":\"https:\/\/www.fcedu.uner.edu.ar\/biblioteca\/?s={search_term_string}\"},\"query-input\":\"required name=search_term_string\"}],\"inLanguage\":\"es\"}]}<\/script>\n<!-- \/ Yoast SEO plugin. -->","yoast_head_json":{"title":"Seminario \"Pol\u00edtica, Gobierno y Gesti\u00f3n Universitaria\" - Biblioteca &quot;Prof. N\u00e9lida Landreani&quot;","robots":{"index":"index","follow":"follow","max-snippet":"max-snippet:-1","max-image-preview":"max-image-preview:large","max-video-preview":"max-video-preview:-1"},"canonical":"https:\/\/www.fcedu.uner.edu.ar\/biblioteca\/seminario-politica-gobierno-y-gestion-universitaria\/","og_locale":"es_ES","og_type":"article","og_title":"Seminario \"Pol\u00edtica, Gobierno y Gesti\u00f3n Universitaria\" - Biblioteca &quot;Prof. N\u00e9lida Landreani&quot;","og_description":"No hay extracto porque es una entrada protegida.","og_url":"https:\/\/www.fcedu.uner.edu.ar\/biblioteca\/seminario-politica-gobierno-y-gestion-universitaria\/","og_site_name":"Biblioteca &quot;Prof. N\u00e9lida Landreani&quot;","article_modified_time":"2017-12-06T20:18:25+00:00","twitter_card":"summary_large_image","twitter_misc":{"Tiempo de lectura":"9 minutos"},"schema":{"@context":"https:\/\/schema.org","@graph":[{"@type":"WebPage","@id":"https:\/\/www.fcedu.uner.edu.ar\/biblioteca\/seminario-politica-gobierno-y-gestion-universitaria\/","url":"https:\/\/www.fcedu.uner.edu.ar\/biblioteca\/seminario-politica-gobierno-y-gestion-universitaria\/","name":"Seminario \"Pol\u00edtica, Gobierno y Gesti\u00f3n Universitaria\" - Biblioteca &quot;Prof. N\u00e9lida Landreani&quot;","isPartOf":{"@id":"https:\/\/www.fcedu.uner.edu.ar\/biblioteca\/#website"},"datePublished":"2017-09-26T15:03:04+00:00","dateModified":"2017-12-06T20:18:25+00:00","breadcrumb":{"@id":"https:\/\/www.fcedu.uner.edu.ar\/biblioteca\/seminario-politica-gobierno-y-gestion-universitaria\/#breadcrumb"},"inLanguage":"es"},{"@type":"WebSite","@id":"https:\/\/www.fcedu.uner.edu.ar\/biblioteca\/#website","url":"https:\/\/www.fcedu.uner.edu.ar\/biblioteca\/","name":"Biblioteca &quot;Prof. N\u00e9lida Landreani&quot;","description":"Otro sitio m\u00e1s de Sitios de Portal FCEDU UNER","potentialAction":[{"@type":"SearchAction","target":{"@type":"EntryPoint","urlTemplate":"https:\/\/www.fcedu.uner.edu.ar\/biblioteca\/?s={search_term_string}"},"query-input":"required name=search_term_string"}],"inLanguage":"es"}]}},"_links":{"self":[{"href":"https:\/\/www.fcedu.uner.edu.ar\/biblioteca\/wp-json\/wp\/v2\/pages\/1513"}],"collection":[{"href":"https:\/\/www.fcedu.uner.edu.ar\/biblioteca\/wp-json\/wp\/v2\/pages"}],"about":[{"href":"https:\/\/www.fcedu.uner.edu.ar\/biblioteca\/wp-json\/wp\/v2\/types\/page"}],"author":[{"embeddable":true,"href":"https:\/\/www.fcedu.uner.edu.ar\/biblioteca\/wp-json\/wp\/v2\/users\/14"}],"replies":[{"embeddable":true,"href":"https:\/\/www.fcedu.uner.edu.ar\/biblioteca\/wp-json\/wp\/v2\/comments?post=1513"}],"version-history":[{"count":15,"href":"https:\/\/www.fcedu.uner.edu.ar\/biblioteca\/wp-json\/wp\/v2\/pages\/1513\/revisions"}],"predecessor-version":[{"id":1625,"href":"https:\/\/www.fcedu.uner.edu.ar\/biblioteca\/wp-json\/wp\/v2\/pages\/1513\/revisions\/1625"}],"wp:attachment":[{"href":"https:\/\/www.fcedu.uner.edu.ar\/biblioteca\/wp-json\/wp\/v2\/media?parent=1513"}],"curies":[{"name":"wp","href":"https:\/\/api.w.org\/{rel}","templated":true}]}}