{"id":175,"date":"2016-04-28T12:20:31","date_gmt":"2016-04-28T12:20:31","guid":{"rendered":"http:\/\/www.fcedu.uner.edu.ar\/biblioteca\/?page_id=175"},"modified":"2020-03-05T13:57:56","modified_gmt":"2020-03-05T13:57:56","slug":"seminarios-especializacion-docencia-universitaria","status":"publish","type":"page","link":"https:\/\/www.fcedu.uner.edu.ar\/biblioteca\/seminarios-especializacion-docencia-universitaria\/","title":{"rendered":"Seminarios de \u00abEspecializaci\u00f3n y Maestr\u00eda en Docencia Universitaria\u00bb"},"content":{"rendered":"<h4>Cohorte 2017<\/h4>\n<ul>\n<li><span style=\"color: #3366ff\"><a style=\"color: #3366ff\" href=\"https:\/\/www.fcedu.uner.edu.ar\/biblioteca\/?p=1513\">Seminario \u00abPol\u00edtica, Gobierno y Gesti\u00f3n Universitaria\u00bb<\/a><\/span><br \/>\nDr. Alejandro <strong>Caudis<\/strong> ; Mg. Milagros <strong>Rafaghelli<\/strong><\/li>\n<\/ul>\n<ul>\n<li><span style=\"color: #3366ff\"><a style=\"color: #3366ff\" href=\"https:\/\/www.fcedu.uner.edu.ar\/biblioteca\/?p=1618\">Seminario \u00abEpistemolog\u00eda de las Ciencias\u00bb<\/a><\/span><br \/>\nProf. Violeta Isabel <strong>Guyot<\/strong><\/li>\n<\/ul>\n<ul>\n<li><a href=\"https:\/\/www.fcedu.uner.edu.ar\/biblioteca\/?page_id=1667\"><span style=\"color: #3366ff\">Seminario \u00abInvestigaci\u00f3n y Extensi\u00f3n Universitaria\u00bb<\/span><\/a><br \/>\nDra. Viviana <strong>Macchiarola<\/strong><\/li>\n<\/ul>\n<ul>\n<li><a href=\"https:\/\/www.fcedu.uner.edu.ar\/biblioteca\/?page_id=1779\"><span style=\"color: #3366ff\">Seminario \u00abProblem\u00e1tica Institucional Universitaria\u00bb<\/span><\/a><br \/>\nLic. Sandra <strong>Nicastro<\/strong><\/li>\n<\/ul>\n<ul>\n<li><a href=\"https:\/\/www.fcedu.uner.edu.ar\/biblioteca\/?page_id=1818\"><span style=\"color: #3366ff\">Seminario \u00abProblem\u00e1ticas del curriculum, la ense\u00f1anza y la evaluaci\u00f3n\u00bb<\/span><\/a><br \/>\nProfesoras Victoria <strong>Baraldi<\/strong>, Susana <strong>Celman<\/strong> y Mar\u00eda Amelia <strong>Migueles<\/strong>.<\/li>\n<\/ul>\n<ul>\n<li><span style=\"color: #3366ff\"><a style=\"color: #3366ff\" href=\"https:\/\/www.fcedu.uner.edu.ar\/biblioteca\/?page_id=1875\">Seminario \u00abPedagog\u00eda Universitaria\u00bb<\/a><\/span><br \/>\nDra. Elisa <strong>Lucarelli<\/strong><\/li>\n<\/ul>\n<ul>\n<li><a href=\"https:\/\/www.fcedu.uner.edu.ar\/biblioteca\/?page_id=1900\"><span style=\"color: #3366ff\">Seminario \u00abPsicolog\u00eda y Educaci\u00f3n\u00bb<\/span><\/a><br \/>\nMg. Milagros <strong>Rafaghelli<\/strong><\/li>\n<\/ul>\n<ul>\n<li><a href=\"https:\/\/www.fcedu.uner.edu.ar\/biblioteca\/?page_id=1929\"><span style=\"color: #3366ff\">Seminario \u00abInvestigaci\u00f3n e Intervenci\u00f3n en la Pr\u00e1ctica Docente Universitaria\u00bb<\/span><\/a><br \/>\nProf. Mar\u00eda Teresa <strong>Alcal\u00e1<\/strong><\/li>\n<\/ul>\n<ul>\n<li><a href=\"https:\/\/www.fcedu.uner.edu.ar\/biblioteca\/?page_id=1852\"><span style=\"color: #3366ff\">Seminario \u00abLa Universidad como objeto de conocimiento para la acci\u00f3n. Pr\u00e1cticas pol\u00edtico-institucionales de planificaci\u00f3n universitaria\u00bb<\/span><\/a><br \/>\nProf. Germ\u00e1n <strong>Cantero<\/strong><\/li>\n<\/ul>\n<ul>\n<li><a href=\"https:\/\/www.fcedu.uner.edu.ar\/biblioteca\/?page_id=2097\"><span style=\"color: #3366ff\">Seminario \u00abSociolog\u00eda Pol\u00edtica de la Educaci\u00f3n Universitaria\u00bb<\/span><\/a><br \/>\nMgr. Susana B. <strong>Berger<\/strong><\/li>\n<\/ul>\n<ul>\n<li><span style=\"color: #3366ff\"><a style=\"color: #3366ff\" href=\"https:\/\/www.fcedu.uner.edu.ar\/biblioteca\/?page_id=2118\">Seminario \u00abDid\u00e1cticas Espec\u00edficas\u00bb<\/a><\/span><br \/>\nDra. Julia Andrea<strong> Bernik<\/strong><\/li>\n<\/ul>\n<ul>\n<li><span style=\"color: #3366ff\"><a style=\"color: #3366ff\" href=\"https:\/\/www.fcedu.uner.edu.ar\/biblioteca\/?page_id=2195\">Seminario \u00abLa ETNOGRAF\u00cdA: Un m\u00e9todo antropol\u00f3gico impregnado de comunicaci\u00f3n\u00bb<\/a><\/span><br \/>\nDra. Patricia <strong>Fasano \/ <\/strong>Lic. Marcelo <strong>Bechara<\/strong><\/li>\n<\/ul>\n<ul>\n<li><a href=\"https:\/\/www.fcedu.uner.edu.ar\/biblioteca\/?page_id=2227\"><span style=\"color: #3366ff\">Seminario \u00abInvestigaci\u00f3n social\u00bb<\/span><\/a><br \/>\nMg. Mar\u00eda del Rosario <strong>Badano \/<\/strong>\u00a0Mg. Amalia <strong>Homar<\/strong><\/li>\n<\/ul>\n<ul>\n<li><a href=\"https:\/\/www.fcedu.uner.edu.ar\/biblioteca\/?page_id=2243\"><span style=\"color: #3366ff\">Taller de Tesis<\/span><\/a><br \/>\nProf. Dra. Virginia <strong>Kummer<\/strong><\/li>\n<\/ul>\n<p>&nbsp;<\/p>\n<hr \/>\n<ul>\n<li><span style=\"color: #3366ff\"><a style=\"color: #3366ff\" href=\"https:\/\/www.fcedu.uner.edu.ar\/biblioteca\/?page_id=1965\">Pr\u00e1cticas Acad\u00e9micas Universitarias I<\/a><\/span><br \/>\nMg. Mirta <strong>Espinosa<\/strong> y\u00a0Prof. Erika <strong>Espelos\u00ecn\u00a0<\/strong><\/li>\n<\/ul>\n<ul>\n<li><span style=\"color: #3366ff\"><a style=\"color: #3366ff\" href=\"https:\/\/www.fcedu.uner.edu.ar\/biblioteca\/?page_id=1968\">Pr\u00e1cticas Acad\u00e9micas Universitarias II<\/a><\/span><br \/>\nMg. Mirta <strong>Espinosa<\/strong> y Prof. Erika <strong>Espelosin<\/strong><\/li>\n<\/ul>\n<ul>\n<li><span style=\"color: #3366ff\"><a style=\"color: #3366ff\" href=\"https:\/\/www.fcedu.uner.edu.ar\/biblioteca\/?p=1608\">Taller de Reflexi\u00f3n y Escritura Acad\u00e9mcia (TREA)<\/a><\/span><br \/>\nResponsables a cargo: Prof.Silvina <strong>Baudino<\/strong> ; Mar\u00eda del Pilar <strong>Britos<\/strong> ; Lic. Eleonora <strong>Friedrich<\/strong><\/li>\n<\/ul>\n<p>&nbsp;<\/p>\n<p>&nbsp;<\/p>\n<hr \/>\n<p><span style=\"color: #333333\"><strong>Sitios de Inter\u00e9s<\/strong><\/span><\/p>\n<p><span style=\"color: #497bbd\"><a class=\"link\" style=\"color: #497bbd\" href=\"http:\/\/biblio.fcedu.uner.edu.ar\/posgrado\/DU_esp_doc_univ\/21_politica_gob_gest\/contenido.htm\">\u27a5<\/a>\u00a0<a class=\"link\" style=\"color: #497bbd\" href=\"http:\/\/www.clacso.org.ar\/investigacioncritica\/index.php\" target=\"_blank\" rel=\"noopener\">Revista Latinoamericana de Investigaci\u00f3n Cr\u00edtica I+C<\/a><\/span><\/p>\n<p><span style=\"color: #497bbd\"><a class=\"link\" style=\"color: #497bbd\" href=\"http:\/\/biblio.fcedu.uner.edu.ar\/posgrado\/DU_esp_doc_univ\/21_politica_gob_gest\/contenido.htm\">\u27a5<\/a>\u00a0<a class=\"link\" style=\"color: #497bbd\" href=\"http:\/\/ries.universia.net\/index.php\/ries\" target=\"_blank\" rel=\"noopener\">Revista Iberoamericana de Educaci\u00f3n Superior (RIES) <\/a><\/span><br \/>\n<span style=\"color: #497bbd\"> <a class=\"menu\" style=\"color: #497bbd\" href=\"http:\/\/biblio.fcedu.uner.edu.ar\/posgrado\/materiales\/DU_esp_doc_univ\/sitios_materiales\/RIES_articulos.doc\" target=\"_blank\" rel=\"noopener\">Ver Contenido<\/a><\/span><\/p>\n<p><span style=\"color: #497bbd\"><a class=\"link\" style=\"color: #497bbd\" href=\"http:\/\/biblio.fcedu.uner.edu.ar\/posgrado\/DU_esp_doc_univ\/21_politica_gob_gest\/contenido.htm\">\u27a5<\/a>\u00a0<a class=\"link\" style=\"color: #497bbd\" href=\"http:\/\/www.untref.edu.ar\/raes\/\" target=\"_blank\" rel=\"noopener\">Revista Argentina de Educaci\u00f3n Superior (RAES)<\/a><\/span><\/p>\n<p><span style=\"color: #497bbd\"><a class=\"link\" style=\"color: #497bbd\" href=\"http:\/\/biblio.fcedu.uner.edu.ar\/posgrado\/DU_esp_doc_univ\/21_politica_gob_gest\/contenido.htm\">\u27a5<\/a><a class=\"link\" style=\"color: #497bbd\" href=\"http:\/\/bibliotecavirtual.unl.edu.ar\/publicaciones\/index.php\/Itinerarios\/issue\/archive\" target=\"_blank\" rel=\"noopener\">Revista de la Escuela de Ciencias de la Educaci\u00f3n de la Facultad de Humanidades y Artes de la Universidad Nacional de Rosario (Argentina). Itinerarios Educativos &#8211; UNL<\/a><\/span><\/p>\n<p><span style=\"color: #497bbd\"><a class=\"link\" style=\"color: #497bbd\" href=\"http:\/\/biblio.fcedu.uner.edu.ar\/posgrado\/DU_esp_doc_univ\/21_politica_gob_gest\/contenido.htm\">\u27a5<\/a>\u00a0<a class=\"link\" style=\"color: #497bbd\" href=\"http:\/\/bibliotecavirtual.unl.edu.ar\/publicaciones\/index.php\/EstudiosSociales\/issue\/archive\" target=\"_blank\" rel=\"noopener\">Revista Estudios Sociales &#8211; UNL<\/a><\/span><\/p>\n<p><span style=\"color: #497bbd\"><a class=\"link\" style=\"color: #497bbd\" href=\"http:\/\/biblio.fcedu.uner.edu.ar\/posgrado\/DU_esp_doc_univ\/21_politica_gob_gest\/contenido.htm\">\u27a5<\/a>\u00a0<a class=\"link\" style=\"color: #497bbd\" href=\"http:\/\/fh.mdp.edu.ar\/revistas\/index.php\/r_educ\" target=\"_blank\" rel=\"noopener\">Revista de Educaci\u00f3n &#8211; Universidad de Mar del Plata<\/a><\/span><\/p>\n<p><span style=\"color: #497bbd\"><a class=\"link\" style=\"color: #497bbd\" href=\"http:\/\/biblio.fcedu.uner.edu.ar\/posgrado\/DU_esp_doc_univ\/21_politica_gob_gest\/contenido.htm\">\u27a5<\/a>\u00a0<a class=\"link\" style=\"color: #497bbd\" href=\"http:\/\/relapae.com.ar\/numeros\/\" target=\"_blank\" rel=\"noopener\">Revista Latinoamericana de Politicas y Administraci\u00f3n de la Educaci\u00f3n &#8211; Universidad Nacional de Tres de Febrero<\/a>.<\/span><\/p>\n<p><span style=\"color: #497bbd\"><a class=\"link\" style=\"color: #497bbd\" href=\"http:\/\/biblio.fcedu.uner.edu.ar\/posgrado\/DU_esp_doc_univ\/21_politica_gob_gest\/contenido.htm\">\u27a5<\/a>\u00a0<a class=\"link\" style=\"color: #497bbd\" href=\"http:\/\/www.dptoeducacion.unlu.edu.ar\/?q=node\/26\" target=\"_blank\" rel=\"noopener\">Revista Polifon\u00edas &#8211; Universidad Nacional de Luj\u00e1n<\/a><\/span><\/p>\n<p><span style=\"color: #497bbd\"><a class=\"link\" style=\"color: #497bbd\" href=\"http:\/\/biblio.fcedu.uner.edu.ar\/posgrado\/DU_esp_doc_univ\/21_politica_gob_gest\/contenido.htm\">\u27a5<\/a>\u00a0<a class=\"link\" style=\"color: #497bbd\" href=\"http:\/\/www.iisue.unam.mx\/perfiles\/\" target=\"_blank\" rel=\"noopener\">Revista Perfiles educativos &#8211; Universidad Nacional Autonoma de M\u00e9xico<\/a><\/span><\/p>\n<p><span style=\"color: #497bbd\"><a class=\"link\" style=\"color: #497bbd\" href=\"http:\/\/biblio.fcedu.uner.edu.ar\/posgrado\/DU_esp_doc_univ\/21_politica_gob_gest\/contenido.htm\">\u27a5<\/a>\u00a0<a class=\"link\" style=\"color: #497bbd\" href=\"http:\/\/ppct.caicyt.gov.ar\/index.php\/cisen\/index\" target=\"_blank\" rel=\"noopener\">Revista del CI.SE.N: Tramas\/Maepova del Centro de Investigaciones Socio Educativas del Norte Argentino. Facultad de Humanidades, Universidad Nacional de Salta<\/a>.<\/span><\/p>\n","protected":false},"excerpt":{"rendered":"<p>Cohorte 2017 Seminario \u00abPol\u00edtica, Gobierno y Gesti\u00f3n Universitaria\u00bb Dr. Alejandro Caudis ; Mg. Milagros Rafaghelli Seminario \u00abEpistemolog\u00eda de las Ciencias\u00bb Prof. Violeta Isabel Guyot Seminario \u00abInvestigaci\u00f3n y Extensi\u00f3n Universitaria\u00bb Dra. Viviana Macchiarola Seminario \u00abProblem\u00e1tica Institucional Universitaria\u00bb Lic. Sandra Nicastro Seminario \u00abProblem\u00e1ticas del curriculum, la ense\u00f1anza y la evaluaci\u00f3n\u00bb Profesoras Victoria Baraldi, Susana Celman y Mar\u00eda&#8230; <\/p>\n<div class=\"clear\"><\/div>\n<p><a href=\"https:\/\/www.fcedu.uner.edu.ar\/biblioteca\/seminarios-especializacion-docencia-universitaria\/\" class=\"excerpt-read-more\">Read More<i class=\"fa fa-caret-right icon-caret-right\"><\/i><\/a><\/p>\n","protected":false},"author":7,"featured_media":0,"parent":0,"menu_order":0,"comment_status":"closed","ping_status":"closed","template":"","meta":{"footnotes":""},"yoast_head":"<!-- This site is optimized with the Yoast SEO plugin v21.7 - https:\/\/yoast.com\/wordpress\/plugins\/seo\/ -->\n<title>Seminarios de &quot;Especializaci\u00f3n y Maestr\u00eda en Docencia Universitaria&quot; - Biblioteca &quot;Prof. N\u00e9lida Landreani&quot;<\/title>\n<meta name=\"robots\" content=\"index, follow, max-snippet:-1, max-image-preview:large, max-video-preview:-1\" \/>\n<link rel=\"canonical\" href=\"https:\/\/www.fcedu.uner.edu.ar\/biblioteca\/seminarios-especializacion-docencia-universitaria\/\" \/>\n<meta property=\"og:locale\" content=\"es_ES\" \/>\n<meta property=\"og:type\" content=\"article\" \/>\n<meta property=\"og:title\" content=\"Seminarios de &quot;Especializaci\u00f3n y Maestr\u00eda en Docencia Universitaria&quot; - Biblioteca &quot;Prof. N\u00e9lida Landreani&quot;\" \/>\n<meta property=\"og:description\" content=\"Cohorte 2017 Seminario \u00abPol\u00edtica, Gobierno y Gesti\u00f3n Universitaria\u00bb Dr. Alejandro Caudis ; Mg. Milagros Rafaghelli Seminario \u00abEpistemolog\u00eda de las Ciencias\u00bb Prof. Violeta Isabel Guyot Seminario \u00abInvestigaci\u00f3n y Extensi\u00f3n Universitaria\u00bb Dra. Viviana Macchiarola Seminario \u00abProblem\u00e1tica Institucional Universitaria\u00bb Lic. Sandra Nicastro Seminario \u00abProblem\u00e1ticas del curriculum, la ense\u00f1anza y la evaluaci\u00f3n\u00bb Profesoras Victoria Baraldi, Susana Celman y Mar\u00eda... Read More\" \/>\n<meta property=\"og:url\" content=\"https:\/\/www.fcedu.uner.edu.ar\/biblioteca\/seminarios-especializacion-docencia-universitaria\/\" \/>\n<meta property=\"og:site_name\" content=\"Biblioteca &quot;Prof. N\u00e9lida Landreani&quot;\" \/>\n<meta property=\"article:modified_time\" content=\"2020-03-05T13:57:56+00:00\" \/>\n<meta name=\"twitter:card\" content=\"summary_large_image\" \/>\n<meta name=\"twitter:label1\" content=\"Tiempo de lectura\" \/>\n\t<meta name=\"twitter:data1\" content=\"2 minutos\" \/>\n<script type=\"application\/ld+json\" class=\"yoast-schema-graph\">{\"@context\":\"https:\/\/schema.org\",\"@graph\":[{\"@type\":\"WebPage\",\"@id\":\"https:\/\/www.fcedu.uner.edu.ar\/biblioteca\/seminarios-especializacion-docencia-universitaria\/\",\"url\":\"https:\/\/www.fcedu.uner.edu.ar\/biblioteca\/seminarios-especializacion-docencia-universitaria\/\",\"name\":\"Seminarios de \\\"Especializaci\u00f3n y Maestr\u00eda en Docencia Universitaria\\\" - Biblioteca &quot;Prof. N\u00e9lida Landreani&quot;\",\"isPartOf\":{\"@id\":\"https:\/\/www.fcedu.uner.edu.ar\/biblioteca\/#website\"},\"datePublished\":\"2016-04-28T12:20:31+00:00\",\"dateModified\":\"2020-03-05T13:57:56+00:00\",\"breadcrumb\":{\"@id\":\"https:\/\/www.fcedu.uner.edu.ar\/biblioteca\/seminarios-especializacion-docencia-universitaria\/#breadcrumb\"},\"inLanguage\":\"es\",\"potentialAction\":[{\"@type\":\"ReadAction\",\"target\":[\"https:\/\/www.fcedu.uner.edu.ar\/biblioteca\/seminarios-especializacion-docencia-universitaria\/\"]}]},{\"@type\":\"BreadcrumbList\",\"@id\":\"https:\/\/www.fcedu.uner.edu.ar\/biblioteca\/seminarios-especializacion-docencia-universitaria\/#breadcrumb\",\"itemListElement\":[{\"@type\":\"ListItem\",\"position\":1,\"name\":\"Portada\",\"item\":\"https:\/\/www.fcedu.uner.edu.ar\/biblioteca\/\"},{\"@type\":\"ListItem\",\"position\":2,\"name\":\"Seminarios de \u00abEspecializaci\u00f3n y Maestr\u00eda en Docencia Universitaria\u00bb\"}]},{\"@type\":\"WebSite\",\"@id\":\"https:\/\/www.fcedu.uner.edu.ar\/biblioteca\/#website\",\"url\":\"https:\/\/www.fcedu.uner.edu.ar\/biblioteca\/\",\"name\":\"Biblioteca &quot;Prof. N\u00e9lida Landreani&quot;\",\"description\":\"Otro sitio m\u00e1s de Sitios de Portal FCEDU UNER\",\"potentialAction\":[{\"@type\":\"SearchAction\",\"target\":{\"@type\":\"EntryPoint\",\"urlTemplate\":\"https:\/\/www.fcedu.uner.edu.ar\/biblioteca\/?s={search_term_string}\"},\"query-input\":\"required name=search_term_string\"}],\"inLanguage\":\"es\"}]}<\/script>\n<!-- \/ Yoast SEO plugin. -->","yoast_head_json":{"title":"Seminarios de \"Especializaci\u00f3n y Maestr\u00eda en Docencia Universitaria\" - Biblioteca &quot;Prof. N\u00e9lida Landreani&quot;","robots":{"index":"index","follow":"follow","max-snippet":"max-snippet:-1","max-image-preview":"max-image-preview:large","max-video-preview":"max-video-preview:-1"},"canonical":"https:\/\/www.fcedu.uner.edu.ar\/biblioteca\/seminarios-especializacion-docencia-universitaria\/","og_locale":"es_ES","og_type":"article","og_title":"Seminarios de \"Especializaci\u00f3n y Maestr\u00eda en Docencia Universitaria\" - Biblioteca &quot;Prof. N\u00e9lida Landreani&quot;","og_description":"Cohorte 2017 Seminario \u00abPol\u00edtica, Gobierno y Gesti\u00f3n Universitaria\u00bb Dr. Alejandro Caudis ; Mg. Milagros Rafaghelli Seminario \u00abEpistemolog\u00eda de las Ciencias\u00bb Prof. Violeta Isabel Guyot Seminario \u00abInvestigaci\u00f3n y Extensi\u00f3n Universitaria\u00bb Dra. Viviana Macchiarola Seminario \u00abProblem\u00e1tica Institucional Universitaria\u00bb Lic. Sandra Nicastro Seminario \u00abProblem\u00e1ticas del curriculum, la ense\u00f1anza y la evaluaci\u00f3n\u00bb Profesoras Victoria Baraldi, Susana Celman y Mar\u00eda... Read More","og_url":"https:\/\/www.fcedu.uner.edu.ar\/biblioteca\/seminarios-especializacion-docencia-universitaria\/","og_site_name":"Biblioteca &quot;Prof. N\u00e9lida Landreani&quot;","article_modified_time":"2020-03-05T13:57:56+00:00","twitter_card":"summary_large_image","twitter_misc":{"Tiempo de lectura":"2 minutos"},"schema":{"@context":"https:\/\/schema.org","@graph":[{"@type":"WebPage","@id":"https:\/\/www.fcedu.uner.edu.ar\/biblioteca\/seminarios-especializacion-docencia-universitaria\/","url":"https:\/\/www.fcedu.uner.edu.ar\/biblioteca\/seminarios-especializacion-docencia-universitaria\/","name":"Seminarios de \"Especializaci\u00f3n y Maestr\u00eda en Docencia Universitaria\" - Biblioteca &quot;Prof. N\u00e9lida Landreani&quot;","isPartOf":{"@id":"https:\/\/www.fcedu.uner.edu.ar\/biblioteca\/#website"},"datePublished":"2016-04-28T12:20:31+00:00","dateModified":"2020-03-05T13:57:56+00:00","breadcrumb":{"@id":"https:\/\/www.fcedu.uner.edu.ar\/biblioteca\/seminarios-especializacion-docencia-universitaria\/#breadcrumb"},"inLanguage":"es","potentialAction":[{"@type":"ReadAction","target":["https:\/\/www.fcedu.uner.edu.ar\/biblioteca\/seminarios-especializacion-docencia-universitaria\/"]}]},{"@type":"BreadcrumbList","@id":"https:\/\/www.fcedu.uner.edu.ar\/biblioteca\/seminarios-especializacion-docencia-universitaria\/#breadcrumb","itemListElement":[{"@type":"ListItem","position":1,"name":"Portada","item":"https:\/\/www.fcedu.uner.edu.ar\/biblioteca\/"},{"@type":"ListItem","position":2,"name":"Seminarios de \u00abEspecializaci\u00f3n y Maestr\u00eda en Docencia Universitaria\u00bb"}]},{"@type":"WebSite","@id":"https:\/\/www.fcedu.uner.edu.ar\/biblioteca\/#website","url":"https:\/\/www.fcedu.uner.edu.ar\/biblioteca\/","name":"Biblioteca &quot;Prof. N\u00e9lida Landreani&quot;","description":"Otro sitio m\u00e1s de Sitios de Portal FCEDU UNER","potentialAction":[{"@type":"SearchAction","target":{"@type":"EntryPoint","urlTemplate":"https:\/\/www.fcedu.uner.edu.ar\/biblioteca\/?s={search_term_string}"},"query-input":"required name=search_term_string"}],"inLanguage":"es"}]}},"_links":{"self":[{"href":"https:\/\/www.fcedu.uner.edu.ar\/biblioteca\/wp-json\/wp\/v2\/pages\/175"}],"collection":[{"href":"https:\/\/www.fcedu.uner.edu.ar\/biblioteca\/wp-json\/wp\/v2\/pages"}],"about":[{"href":"https:\/\/www.fcedu.uner.edu.ar\/biblioteca\/wp-json\/wp\/v2\/types\/page"}],"author":[{"embeddable":true,"href":"https:\/\/www.fcedu.uner.edu.ar\/biblioteca\/wp-json\/wp\/v2\/users\/7"}],"replies":[{"embeddable":true,"href":"https:\/\/www.fcedu.uner.edu.ar\/biblioteca\/wp-json\/wp\/v2\/comments?post=175"}],"version-history":[{"count":53,"href":"https:\/\/www.fcedu.uner.edu.ar\/biblioteca\/wp-json\/wp\/v2\/pages\/175\/revisions"}],"predecessor-version":[{"id":2253,"href":"https:\/\/www.fcedu.uner.edu.ar\/biblioteca\/wp-json\/wp\/v2\/pages\/175\/revisions\/2253"}],"wp:attachment":[{"href":"https:\/\/www.fcedu.uner.edu.ar\/biblioteca\/wp-json\/wp\/v2\/media?parent=175"}],"curies":[{"name":"wp","href":"https:\/\/api.w.org\/{rel}","templated":true}]}}