{"id":1818,"date":"2018-05-07T13:59:26","date_gmt":"2018-05-07T13:59:26","guid":{"rendered":"http:\/\/www.fcedu.uner.edu.ar\/biblioteca\/?page_id=1818"},"modified":"2018-06-15T12:54:20","modified_gmt":"2018-06-15T12:54:20","slug":"seminario-problematicas-del-curriculum-la-ensenanza-la-evaluacion","status":"publish","type":"page","link":"https:\/\/www.fcedu.uner.edu.ar\/biblioteca\/seminario-problematicas-del-curriculum-la-ensenanza-la-evaluacion\/","title":{"rendered":"Seminario \u00abProblem\u00e1ticas del curriculum, la ense\u00f1anza y la evaluaci\u00f3n\u00bb"},"content":{"rendered":"","protected":true},"excerpt":{"rendered":"","protected":true},"author":14,"featured_media":0,"parent":0,"menu_order":0,"comment_status":"closed","ping_status":"closed","template":"","meta":{"footnotes":""},"yoast_head":"<!-- This site is optimized with the Yoast SEO plugin v21.7 - https:\/\/yoast.com\/wordpress\/plugins\/seo\/ -->\n<title>Seminario &quot;Problem\u00e1ticas del curriculum, la ense\u00f1anza y la evaluaci\u00f3n&quot; - Biblioteca &quot;Prof. N\u00e9lida Landreani&quot;<\/title>\n<meta name=\"robots\" content=\"index, follow, max-snippet:-1, max-image-preview:large, max-video-preview:-1\" \/>\n<link rel=\"canonical\" href=\"https:\/\/www.fcedu.uner.edu.ar\/biblioteca\/seminario-problematicas-del-curriculum-la-ensenanza-la-evaluacion\/\" \/>\n<meta property=\"og:locale\" content=\"es_ES\" \/>\n<meta property=\"og:type\" content=\"article\" \/>\n<meta property=\"og:title\" content=\"Seminario &quot;Problem\u00e1ticas del curriculum, la ense\u00f1anza y la evaluaci\u00f3n&quot; - Biblioteca &quot;Prof. N\u00e9lida Landreani&quot;\" \/>\n<meta property=\"og:description\" content=\"No hay extracto porque es una entrada protegida.\" \/>\n<meta property=\"og:url\" content=\"https:\/\/www.fcedu.uner.edu.ar\/biblioteca\/seminario-problematicas-del-curriculum-la-ensenanza-la-evaluacion\/\" \/>\n<meta property=\"og:site_name\" content=\"Biblioteca &quot;Prof. N\u00e9lida Landreani&quot;\" \/>\n<meta property=\"article:modified_time\" content=\"2018-06-15T12:54:20+00:00\" \/>\n<meta name=\"twitter:card\" content=\"summary_large_image\" \/>\n<meta name=\"twitter:label1\" content=\"Tiempo de lectura\" \/>\n\t<meta name=\"twitter:data1\" content=\"8 minutos\" \/>\n<script type=\"application\/ld+json\" class=\"yoast-schema-graph\">{\"@context\":\"https:\/\/schema.org\",\"@graph\":[{\"@type\":\"WebPage\",\"@id\":\"https:\/\/www.fcedu.uner.edu.ar\/biblioteca\/seminario-problematicas-del-curriculum-la-ensenanza-la-evaluacion\/\",\"url\":\"https:\/\/www.fcedu.uner.edu.ar\/biblioteca\/seminario-problematicas-del-curriculum-la-ensenanza-la-evaluacion\/\",\"name\":\"Seminario \\\"Problem\u00e1ticas del curriculum, la ense\u00f1anza y la evaluaci\u00f3n\\\" - Biblioteca &quot;Prof. N\u00e9lida Landreani&quot;\",\"isPartOf\":{\"@id\":\"https:\/\/www.fcedu.uner.edu.ar\/biblioteca\/#website\"},\"datePublished\":\"2018-05-07T13:59:26+00:00\",\"dateModified\":\"2018-06-15T12:54:20+00:00\",\"breadcrumb\":{\"@id\":\"https:\/\/www.fcedu.uner.edu.ar\/biblioteca\/seminario-problematicas-del-curriculum-la-ensenanza-la-evaluacion\/#breadcrumb\"},\"inLanguage\":\"es\"},{\"@type\":\"WebSite\",\"@id\":\"https:\/\/www.fcedu.uner.edu.ar\/biblioteca\/#website\",\"url\":\"https:\/\/www.fcedu.uner.edu.ar\/biblioteca\/\",\"name\":\"Biblioteca &quot;Prof. N\u00e9lida Landreani&quot;\",\"description\":\"Otro sitio m\u00e1s de Sitios de Portal FCEDU UNER\",\"potentialAction\":[{\"@type\":\"SearchAction\",\"target\":{\"@type\":\"EntryPoint\",\"urlTemplate\":\"https:\/\/www.fcedu.uner.edu.ar\/biblioteca\/?s={search_term_string}\"},\"query-input\":\"required name=search_term_string\"}],\"inLanguage\":\"es\"}]}<\/script>\n<!-- \/ Yoast SEO plugin. -->","yoast_head_json":{"title":"Seminario \"Problem\u00e1ticas del curriculum, la ense\u00f1anza y la evaluaci\u00f3n\" - Biblioteca &quot;Prof. N\u00e9lida Landreani&quot;","robots":{"index":"index","follow":"follow","max-snippet":"max-snippet:-1","max-image-preview":"max-image-preview:large","max-video-preview":"max-video-preview:-1"},"canonical":"https:\/\/www.fcedu.uner.edu.ar\/biblioteca\/seminario-problematicas-del-curriculum-la-ensenanza-la-evaluacion\/","og_locale":"es_ES","og_type":"article","og_title":"Seminario \"Problem\u00e1ticas del curriculum, la ense\u00f1anza y la evaluaci\u00f3n\" - Biblioteca &quot;Prof. N\u00e9lida Landreani&quot;","og_description":"No hay extracto porque es una entrada protegida.","og_url":"https:\/\/www.fcedu.uner.edu.ar\/biblioteca\/seminario-problematicas-del-curriculum-la-ensenanza-la-evaluacion\/","og_site_name":"Biblioteca &quot;Prof. N\u00e9lida Landreani&quot;","article_modified_time":"2018-06-15T12:54:20+00:00","twitter_card":"summary_large_image","twitter_misc":{"Tiempo de lectura":"8 minutos"},"schema":{"@context":"https:\/\/schema.org","@graph":[{"@type":"WebPage","@id":"https:\/\/www.fcedu.uner.edu.ar\/biblioteca\/seminario-problematicas-del-curriculum-la-ensenanza-la-evaluacion\/","url":"https:\/\/www.fcedu.uner.edu.ar\/biblioteca\/seminario-problematicas-del-curriculum-la-ensenanza-la-evaluacion\/","name":"Seminario \"Problem\u00e1ticas del curriculum, la ense\u00f1anza y la evaluaci\u00f3n\" - Biblioteca &quot;Prof. N\u00e9lida Landreani&quot;","isPartOf":{"@id":"https:\/\/www.fcedu.uner.edu.ar\/biblioteca\/#website"},"datePublished":"2018-05-07T13:59:26+00:00","dateModified":"2018-06-15T12:54:20+00:00","breadcrumb":{"@id":"https:\/\/www.fcedu.uner.edu.ar\/biblioteca\/seminario-problematicas-del-curriculum-la-ensenanza-la-evaluacion\/#breadcrumb"},"inLanguage":"es"},{"@type":"WebSite","@id":"https:\/\/www.fcedu.uner.edu.ar\/biblioteca\/#website","url":"https:\/\/www.fcedu.uner.edu.ar\/biblioteca\/","name":"Biblioteca &quot;Prof. N\u00e9lida Landreani&quot;","description":"Otro sitio m\u00e1s de Sitios de Portal FCEDU UNER","potentialAction":[{"@type":"SearchAction","target":{"@type":"EntryPoint","urlTemplate":"https:\/\/www.fcedu.uner.edu.ar\/biblioteca\/?s={search_term_string}"},"query-input":"required name=search_term_string"}],"inLanguage":"es"}]}},"_links":{"self":[{"href":"https:\/\/www.fcedu.uner.edu.ar\/biblioteca\/wp-json\/wp\/v2\/pages\/1818"}],"collection":[{"href":"https:\/\/www.fcedu.uner.edu.ar\/biblioteca\/wp-json\/wp\/v2\/pages"}],"about":[{"href":"https:\/\/www.fcedu.uner.edu.ar\/biblioteca\/wp-json\/wp\/v2\/types\/page"}],"author":[{"embeddable":true,"href":"https:\/\/www.fcedu.uner.edu.ar\/biblioteca\/wp-json\/wp\/v2\/users\/14"}],"replies":[{"embeddable":true,"href":"https:\/\/www.fcedu.uner.edu.ar\/biblioteca\/wp-json\/wp\/v2\/comments?post=1818"}],"version-history":[{"count":5,"href":"https:\/\/www.fcedu.uner.edu.ar\/biblioteca\/wp-json\/wp\/v2\/pages\/1818\/revisions"}],"predecessor-version":[{"id":1855,"href":"https:\/\/www.fcedu.uner.edu.ar\/biblioteca\/wp-json\/wp\/v2\/pages\/1818\/revisions\/1855"}],"wp:attachment":[{"href":"https:\/\/www.fcedu.uner.edu.ar\/biblioteca\/wp-json\/wp\/v2\/media?parent=1818"}],"curies":[{"name":"wp","href":"https:\/\/api.w.org\/{rel}","templated":true}]}}