{"id":2243,"date":"2020-03-05T13:54:55","date_gmt":"2020-03-05T13:54:55","guid":{"rendered":"https:\/\/www.fcedu.uner.edu.ar\/biblioteca\/?page_id=2243"},"modified":"2020-03-10T13:23:00","modified_gmt":"2020-03-10T13:23:00","slug":"taller-de-tesis","status":"publish","type":"page","link":"https:\/\/www.fcedu.uner.edu.ar\/biblioteca\/taller-de-tesis\/","title":{"rendered":"Taller de Tesis"},"content":{"rendered":"<p>Docente a cargo: <em><strong>Prof. Dra. Virginia Kummer<\/strong><\/em><\/p>\n<h4>A\u00f1o 2020<\/h4>\n<h5>1. FUNDAMENTACI\u00d3N<\/h5>\n<p>El Taller de Tesis se propone como una instancia proped\u00e9utica para la elaboraci\u00f3n del\u00a0Trabajo Final de la Maestr\u00eda. Supone en tal sentido, un espacio de articulaci\u00f3n y\u00a0profundizaci\u00f3n de saberes y experiencias, tanto de los desarrollados durante el cursado\u00a0de la Maestr\u00eda como de aquellos otros que se desprenden de las pr\u00e1cticas de los y las\u00a0participantes, diversas desde el punto de vista de las din\u00e1micas\u00a0 institucionales,\u00a0disciplinares y personales pero con un elemento com\u00fan: la docencia en el nivel superior,\u00a0universitario o no universitario.<\/p>\n<p>El Taller retoma contenidos vistos en el Seminario de Investigaci\u00f3n, entre los cuales sobresale la necesaria articulaci\u00f3n entre la reflexi\u00f3n te\u00f3rica y la investigaci\u00f3n\u00a0 imp\u00edrica,\u00a0en el convencimiento de que tal reflexi\u00f3n contribuir\u00e1 a la delimitaci\u00f3n de temas y o\u00a0problemas de inter\u00e9s para el desarrollo del trabajo final de la carrera, cuya especificidad\u00a0est\u00e1 dada por el ejercicio cr\u00edtico-reflexivo de la docencia en el nivel superior,\u00a0universitario o no universitario.<\/p>\n<p>De este modo, el Taller de Tesis pone \u00e9nfasis en dos dimensiones: por un lado, en la\u00a0especificidad que la escritura de un trabajo acad\u00e9mico demanda, y por otro lado, en la\u00a0identificaci\u00f3n de temas y o problemas de inter\u00e9s de la disciplina que pueden\u00a0 resultar\u00a0luego \u00fatiles para la elaboraci\u00f3n del mismo.<\/p>\n<p>El programa contiene cuatro m\u00f3dulos que contemplan los planteos anteriores. Se espera\u00a0que al finalizar el cursado del Taller, los participantes puedan proponer de modo escrito,\u00a0un problema objeto de estudio del campo disciplinar, se\u00f1alar su relevancia te\u00f3rica y\u00a0formular preguntas que resulten heur\u00edsticamente interesantes.<\/p>\n<p>La propuesta del Taller persigue como objetivo principal la idea de que, m\u00e1s all\u00e1 de la\u00a0variedad y opciones posibles para la realizaci\u00f3n del Trabajo Final de maestr\u00eda \u2013en este\u00a0caso tesis profesional- existen invariantes del discurso y la pr\u00e1ctica cient\u00edficos. En tal\u00a0sentido, encarar una labor de investigaci\u00f3n con la pretensi\u00f3n de generar un\u00a0conocimiento leg\u00edtimo respecto de un objeto en particular, implica reconocer que\u00a0 dicho\u00a0conocimiento re\u00fane caracter\u00edsticas diferenciales respecto de saberes emp\u00edricos o\u00a0intuitivos, propios del sentido com\u00fan o cotidianos. Esto es, reconocer que el saber<br \/>\ncient\u00edfico tiene una especificidad, fundada especialmente en la dimensi\u00f3n te\u00f3rica de<br \/>\ntodo problema objeto de estudio y en los m\u00e9todos de descubrimiento y validaci\u00f3n.<\/p>\n<p>&nbsp;<\/p>\n<h5>2. OBJETIVOS<\/h5>\n<h6>Generales<\/h6>\n<p style=\"padding-left: 30px\">2.1. Orientar a los y las maestrandos\/ as en la reflexi\u00f3n sobre criterios generales para la\u00a0selecci\u00f3n del objeto de estudio, el tipo de Trabajo Final, la preparaci\u00f3n y presentaci\u00f3n\u00a0del mismo.<br \/>\n2.2. Propiciar en los y las estudiantes el intercambio de ideas y experiencias con relaci\u00f3n al\u00a0proceso de escritura del Trabajo Final de maestr\u00eda.<\/p>\n<h6>Espec\u00edficos<\/h6>\n<p style=\"padding-left: 30px\">2.1.1. Reconocer el pluralismo existente en materia de investigaci\u00f3n educativa,\u00a0comparar y ordenar esta pluralidad dentro de un esquema anal\u00edtico coherente.<br \/>\n2.2.1. Desarrollar una reflexi\u00f3n cr\u00edtica en torno a las diferentes metodolog\u00edas de\u00a0 producci\u00f3n de\u00a0conocimiento en educaci\u00f3n, que tienda a reconocer y valorar el\u00a0 pluralismo metodol\u00f3gico\u00a0existente.<\/p>\n<p>&nbsp;<\/p>\n<h5>3. CONTENIDOS<\/h5>\n<p><strong>M\u00d3DULO 1.<\/strong> Consideraciones sobre la tesis final de grado.<br \/>\nEl contexto de realizaci\u00f3n del Trabajo Final. Tipos: Proyecto, Estudio de Casos, Obra, Tesis. Tesis y trabajo de investigaci\u00f3n.<br \/>\nLa construcci\u00f3n del conocimiento cient\u00edfico en educaci\u00f3n: problemas y desaf\u00edos.<\/p>\n<h6>Bibliograf\u00eda obligatoria<\/h6>\n<ul>\n<li>Bourdieu P. (2005). La pr\u00e1ctica de la sociolog\u00eda reflexiva (Seminario de Par\u00eds) En P.\u00a0Bourdieu y L. Wacquant, Una invitaci\u00f3n a la sociolog\u00eda reflexiva (Seminario de Par\u00eds).\u00a0Buenos Aires: Siglo Veintiuno Editores, Argentina. Disponible en:<br \/>\n<a href=\"http:\/\/www.redmovimientos.mx\/2016\/wp-content\/uploads\/2016\/10\/Bourdieu-P.-Wacquant-L.-2005.-Una-invitaci%C3%B3n-a-la-sociolog%C3%ADa-reflexiva.-Editorial-Siglo-XXI.pdf\" target=\"_blank\" rel=\"noopener\"><span style=\"color: #3366ff\">http:\/\/www.redmovimientos.mx\/2016\/wp-content\/uploads\/2016\/10\/Bourdieu-P.-Wacquant-L.-2005.-Una-invitaci%C3%B3n-a-la-sociolog%C3%ADa-reflexiva.-Editorial-Siglo-XXI.pdf<\/span><\/a><\/li>\n<\/ul>\n<ul>\n<li>Dei, D. (2006). La tesis. C\u00f3mo orientarse en su elaboraci\u00f3n. Buenos Aires: Prometeo.\u00a0Buenos Aires: Prometeo. Disponible en:<br \/>\n<a href=\"https:\/\/seminariople.files.wordpress.com\/2014\/08\/dei-daniel-la-tesis.pdf\" target=\"_blank\" rel=\"noopener\"><span style=\"color: #3366ff\">https:\/\/seminariople.files.wordpress.com\/2014\/08\/dei-daniel-la-tesis.pdf<\/span><\/a><\/li>\n<\/ul>\n<ul>\n<li>Wainerman, C., Di Virgilio M.M. (Comps.) (2010). El quehacer de la investigaci\u00f3n\u00a0en educaci\u00f3n. Buenos Aires: Manantial. Selecci\u00f3n de cap\u00edtulos.<\/li>\n<\/ul>\n<ul>\n<li>Yuni J., Urbano C.: <a href=\"http:\/\/biblio.fcedu.uner.edu.ar\/posgrado\/materiales\/DU_esp_doc_univ\/316_taller_tesis\/Yuni_Jose-Mapas_y_herramientas_para_conocer_la_escuela-Parte_1.pdf\" target=\"_blank\" rel=\"noopener\"><span style=\"color: #3366ff\">Mapas y herramientas para conocer la escuela. Investigaci\u00f3n\u00a0etnogr\u00e1fica. Investigaci\u00f3n-acci\u00f3n<\/span><\/a>. C\u00f3rdoba, Argentina: Editorial Brujas. 2012. Primera parte,\u00a0cap\u00edtulos 1 a 4.<\/li>\n<\/ul>\n<p>&nbsp;<\/p>\n<h6>Bibliograf\u00eda de ampliaci\u00f3n:<\/h6>\n<ul>\n<li>Arnoux E., Di Stefano M., Pereira C. (2004). La lectura y la escritura en la Universidad.\u00a0Buenos Aires: EUDEBA. Selecci\u00f3n de textos.<\/li>\n<\/ul>\n<ul>\n<li>Eco. U. (2003). C\u00f3mo se hace una tesis. Barcelona: Gedisa. (Hay versiones disponibles en\u00a0internet.)<\/li>\n<\/ul>\n<ul>\n<li>Klein I. (2007). El taller del escritor universitario. Disponible en:<br \/>\n<a href=\"https:\/\/experimentosdeescritura.files.wordpress.com\/2014\/05\/el_taller_escritor_u.pdf\" target=\"_blank\" rel=\"noopener\"><span style=\"color: #3366ff\">https:\/\/experimentosdeescritura.files.wordpress.com\/2014\/05\/el_taller_escritor_u.pdf<\/span><\/a><\/li>\n<\/ul>\n<ul>\n<li>Branch C. L. &amp;amp; Villareal D. (2008). Redacci\u00f3n de trabajos para publicaciones cient\u00edficas. En\u00a0Ecolog\u00eda Austral 18, 139-150. Disponible en:<br \/>\n<a href=\"https:\/\/bibliotecadigital.exactas.uba.ar\/download\/ecologiaaustral\/ecologiaaustral_v018_n01_p139.pdf\" target=\"_blank\" rel=\"noopener\"><span style=\"color: #3366ff\">https:\/\/bibliotecadigital.exactas.uba.ar\/download\/ecologiaaustral\/ecologiaaustral_v018_n01_p139.pdf<\/span><\/a><\/li>\n<\/ul>\n<p>&nbsp;<\/p>\n<p><strong>M\u00d3DULO 2<\/strong>. Campo, t\u00edtulo y problema de investigaci\u00f3n.<br \/>\nLa dimensi\u00f3n epistemol\u00f3gica de la construcci\u00f3n del problema objeto de estudio. Fuentes de los\u00a0problemas de investigaci\u00f3n. El proceso de delimitaci\u00f3n y formulaci\u00f3n del mismo. Preguntas\u00a0del \u00e1rea problema. Revisi\u00f3n de antecedentes. Identificaci\u00f3n de la perspectiva disciplinar o\u00a0conceptual desde la cual se abordar\u00e1 el problema. La formulaci\u00f3n de objetivos. La formulaci\u00f3n\u00a0de hip\u00f3tesis.<\/p>\n<h6><\/h6>\n<h6>Bibliograf\u00eda obligatoria<\/h6>\n<ul>\n<li>Borsotti C. (2006) Temas de Metodolog\u00eda de la Investigaci\u00f3n en Ciencias Sociales\u00a0emp\u00edricas. Buenos Aires: Mi\u00f1o y D\u00e1vila. Cap\u00edtulos I, II, III, IV. Disponibles\u00a0en: <a href=\"https:\/\/dptocomunicacionunsj.files.wordpress.com\/2013\/02\/carlos-borsotti-temas-de-metodologc3ada-de-la-investigacic3b3n-en-las-ciencias-sociales-empc3adricas.pdf\" target=\"_blank\" rel=\"noopener\"><span style=\"color: #3366ff\">https:\/\/dptocomunicacionunsj.files.wordpress.com\/2013\/02\/carlos-borsotti-temas-de-metodologc3ada-de-la-investigacic3b3n-en-las-ciencias-sociales-empc3adricas.pdf<\/span><\/a><\/li>\n<\/ul>\n<ul>\n<li>Ynoub, R. (2007) El proyecto y la metodolog\u00eda de la investigaci\u00f3n. Buenos Aires,\u00a0Cengage Learning. Cap\u00edtulo I a V. Disponible en:<br \/>\n<a href=\"https:\/\/introjuridicafacso.files.wordpress.com\/2019\/06\/ynoub-el-proyecto-y-la-metodologia-de-investigacion.pdf\" target=\"_blank\" rel=\"noopener\"><span style=\"color: #3366ff\">https:\/\/introjuridicafacso.files.wordpress.com\/2019\/06\/ynoub-el-proyecto-y-la-metodologia-de-investigacion.pdf<\/span><\/a><\/li>\n<\/ul>\n<ul>\n<li>Yuni J., Urbano C. (2006). <a href=\"http:\/\/biblio.fcedu.uner.edu.ar\/posgrado\/materiales\/DU_esp_doc_univ\/316_taller_tesis\/Yuni_Jose-Urbano_Claudio-Tecnicas_para_investigar_1.pdf\" target=\"_blank\" rel=\"noopener\"><span style=\"color: #3366ff\">T\u00e9cnicas para investigar. Recursos metodol\u00f3gicos para\u00a0la preparaci\u00f3n de proyectos de investigaci\u00f3n<\/span><\/a>. C\u00f3rdoba: Editorial Brujas. Volumen\u00a01.<\/li>\n<\/ul>\n<h6><\/h6>\n<h6>Bibliograf\u00eda de ampliaci\u00f3n<\/h6>\n<ul>\n<li>Arnal, J., Del Rinc\u00f3n, D. y Latorre, A.: Investigaci\u00f3n educativa. Barcelona: Labor, 1992.\u00a0Primera Parte.<\/li>\n<\/ul>\n<ul>\n<li>Valles M. S. (1996).T\u00e9cnicas cualitativas de investigaci\u00f3n social. Reflexi\u00f3n metodol\u00f3gica y\u00a0pr\u00e1ctica profesional. Madrid: S\u00edntesis. Disponible en:<br \/>\n<a href=\"https:\/\/metodologiaecs.files.wordpress.com\/2014\/11\/vallesmiguel-tc3a9cnicas-cualitativas-de-investigacic3b3n-social-1999.pdf\" target=\"_blank\" rel=\"noopener\"><span style=\"color: #3366ff\">https:\/\/metodologiaecs.files.wordpress.com\/2014\/11\/vallesmiguel-tc3a9cnicas-cualitativas-de-investigacic3b3n-social-1999.pdf<\/span><\/a><\/li>\n<\/ul>\n<ul>\n<li>Sautu, R., Boniolo P., Dalle P., Elbert R. (2010). Manual de metodolog\u00eda. Construcci\u00f3n del\u00a0marco te\u00f3rico, formulaci\u00f3n de los objetivos y elecci\u00f3n de la metodolog\u00eda. Buenos Aires:\u00a0Prometeo. (Contiene ejemplos de objetos de estudios de distintas disciplinas y dise\u00f1os metodol\u00f3gicos). Disponible en: <a href=\"http:\/\/biblioteca.clacso.edu.ar\/gsdl\/collect\/clacso\/index\/assoc\/D1532.dir\/sautu2.pdf\" target=\"_blank\" rel=\"noopener\"><span style=\"color: #3366ff\">http:\/\/biblioteca.clacso.edu.ar\/gsdl\/collect\/clacso\/index\/assoc\/D1532.dir\/sautu2.pdf<\/span><\/a><\/li>\n<\/ul>\n<p>&nbsp;<\/p>\n<p><strong>M\u00d3DULO 3<\/strong>. La elecci\u00f3n del tipo de dise\u00f1o.<br \/>\nDecisiones acerca del dise\u00f1o coherente con la dimensi\u00f3n epistemol\u00f3gica. Elecci\u00f3n del\u00a0Tipo de dise\u00f1o: Pre-facto \/ Post facto. Cualitativo, cuantitativo, triangulado. Selecci\u00f3n\u00a0del contexto: Universo y unidades de an\u00e1lisis. Selecci\u00f3n de los casos.<br \/>\nElecci\u00f3n, dise\u00f1o e implementaci\u00f3n de las t\u00e9cnicas de relevamiento coherente con las<br \/>\ndecisiones anteriores (cuestionario, entrevista, historias de vida, grupos de discusi\u00f3n,<br \/>\nobservaci\u00f3n documental)<\/p>\n<h6>Bibliograf\u00eda obligatoria<\/h6>\n<ul>\n<li>Banks M. (2010). Los datos visuales en investigaci\u00f3n cualitativa. Madrid: Morata.<\/li>\n<\/ul>\n<ul>\n<li>Canales, M., Peinado A. (1998). Grupos de discusi\u00f3n. En J. M. Delgado, J.\u00a0Guti\u00e9rrez J. (Coords). M\u00e9todos y t\u00e9cnicas cualitativas de Investigaci\u00f3n en Ciencias\u00a0Sociales. Espa\u00f1a: S\u00edntesis.<\/li>\n<\/ul>\n<ul>\n<li>Simons, H. (2015). El estudio de caso: teor\u00eda y pr\u00e1ctica. Madrid, Editorial Morata,\u00a0S.L.<\/li>\n<\/ul>\n<ul>\n<li>Ynoub, R. (2007) El proyecto y la metodolog\u00eda de la investigaci\u00f3n. Buenos Aires,\u00a0Cengage Learning. Cap\u00edtulo VI a IX. Disponible en:<br \/>\n<a href=\"https:\/\/introjuridicafacso.files.wordpress.com\/2019\/06\/ynoub-el-proyecto-y-la-metodologia-de-investigacion.pdf\" target=\"_blank\" rel=\"noopener\"><span style=\"color: #3366ff\">https:\/\/introjuridicafacso.files.wordpress.com\/2019\/06\/ynoub-el-proyecto-y-la-metodologia-de-investigacion.pdf<\/span><\/a><\/li>\n<\/ul>\n<p>&nbsp;<\/p>\n<h6>Bibliograf\u00eda de ampliaci\u00f3n<\/h6>\n<ul>\n<li>Marradi, A., Archenti N., Piovani, J. I (2010). Metodolog\u00eda de las Ciencias Sociales.\u00a0Buenos Aires: Cengaje Learning, Argentina. Cap\u00edtulo 5.<\/li>\n<\/ul>\n<ul>\n<li>Rockwell, E. (2009). La experiencia etnogr\u00e1fica. Historia y cultura en los procesos\u00a0educativos, Buenos Aires: Paid\u00f3s.<\/li>\n<\/ul>\n<ul>\n<li>Yuni J., Urbano C. (2006). T\u00e9cnicas para investigar. Recursos metodol\u00f3gicos para\u00a0la preparaci\u00f3n de proyectos de investigaci\u00f3n. C\u00f3rdoba: Editorial Brujas. Volumen\u00a02.<\/li>\n<\/ul>\n<ul>\n<li>Sautu, R. (2007). Pr\u00e1ctica de la investigaci\u00f3n cualitativa y cuantitativa. Buenos Aires:\u00a0Lumiere. Introducci\u00f3n, cap\u00edtulo 1.<\/li>\n<\/ul>\n<p>&nbsp;<\/p>\n<p><strong>M\u00d3DULO 4<\/strong>. La elaboraci\u00f3n del Proyecto o Plan.<br \/>\nLos contenidos del Plan. Orientaciones generales. Plan de actividades. Referencias\u00a0documentales. Citas y Referencias en Ciencias Sociales. El uso de la estad\u00edstica. Volver\u00a0sobre lo planteado: ejercicios aplicados al tema de la tesis.<\/p>\n<p>&nbsp;<\/p>\n<h6>Bibliograf\u00eda obligatoria<\/h6>\n<ul>\n<li>Dei, D. (2006). La tesis. C\u00f3mo orientarse en su elaboraci\u00f3n. Buenos Aires: Prometeo.\u00a0Buenos Aires: Prometeo. Disponible en:<br \/>\n<a href=\"https:\/\/seminariople.files.wordpress.com\/2014\/08\/dei-daniel-la-tesis.pdf\" target=\"_blank\" rel=\"noopener\"><span style=\"color: #3366ff\">https:\/\/seminariople.files.wordpress.com\/2014\/08\/dei-daniel-la-tesis.pdf<\/span><\/a><\/li>\n<\/ul>\n<ul>\n<li>Yuni J., Urbano C. (2006). T\u00e9cnicas para investigar. Recursos metodol\u00f3gicos para\u00a0la preparaci\u00f3n de proyectos de investigaci\u00f3n. C\u00f3rdoba: Editorial Brujas. Volumen\u00a03.<\/li>\n<\/ul>\n<p>&nbsp;<\/p>\n<h6>Bibliograf\u00eda de ampliaci\u00f3n<\/h6>\n<ul>\n<li>Baranger, D. (1992). Construcci\u00f3n y an\u00e1lisis de datos. Una introducci\u00f3n al uso de\u00a0t\u00e9cnicas cuantitativas en la Investigaci\u00f3n Social. Posadas: Universidad Nacional de\u00a0Misiones. Cap\u00edtulos 1 y 3.<\/li>\n<\/ul>\n<ul>\n<li>Gribbs, G. (2012). El an\u00e1lisis de datos cualitativos en Investigaci\u00f3n cualitativa.<br \/>\nEspa\u00f1a: Ediciones Morata.<\/li>\n<\/ul>\n<ul>\n<li>Minuj\u00edn A., D\u2019alessio A., Oiberman I. (1987) Estad\u00edstica descriptiva. Manual<br \/>\norientado a las Ciencias Sociales, Buenos Aires: Puntosur.<\/li>\n<\/ul>\n<p>&nbsp;<\/p>\n<h5>4. METODOLOG\u00cdA<\/h5>\n<p>La propuesta did\u00e1ctico-pedag\u00f3gica para el Seminario de Trabajo Final incluye exposici\u00f3n por\u00a0parte del docente, discusiones en peque\u00f1os grupos con consigna de trabajo y puesta en com\u00fan de las producciones de los grupos.<\/p>\n<p>Tal como se expres\u00f3 en los objetivos, se pretende que el Seminario sea un \u00e1mbito de\u00a0intercambio de experiencias y de saberes sobre el proceso de escritura por el que transitan los y\u00a0las cursantes. Durante la primera jornada de trabajo, se abordar\u00e1n los contenidos de los dos\u00a0primeros m\u00f3dulos, siendo los dos restantes materia de tratamiento en las segundas jornadas de\u00a0trabajo.<\/p>\n<p>&nbsp;<\/p>\n<h5>5. EVALUACI\u00d3N<\/h5>\n<p>La evaluaci\u00f3n consistir\u00e1 en un trabajo escrito individual referido al tema de la tesis. El trabajo\u00a0tendr\u00e1 una extensi\u00f3n no menor a las 10 p\u00e1ginas y no mayor a las 15 p\u00e1ginas (Letra Times\u00a0New Roman 12, espacio 1,5, bibliograf\u00eda y car\u00e1tula en numeraci\u00f3n aparte).<br \/>\nEl texto con las consignas para la realizaci\u00f3n del trabajo final se incluye al final del Programa.<\/p>\n<p>&nbsp;<\/p>\n<h5>6. DURACI\u00d3N<\/h5>\n<p>2 Jornadas, 30 horas ( Cr\u00e9ditos Acad\u00e9micos)<\/p>\n<p>&nbsp;<\/p>\n<h5>7. D\u00cdAS, HORARIOS Y LUGAR DE CURSADO<\/h5>\n<p>Viernes 6 y 27 de marzo, 9 a 13 y 15 a 19 h<br \/>\nS\u00e1bado 7 y 28 de marzo, 9 a 13 h.<\/p>\n<p style=\"text-align: right\"><strong><em>Facultad de Ciencias de la Educaci\u00f3n, <\/em><\/strong><\/p>\n<p style=\"text-align: right\"><strong><em>Universidad Nacional de Entre R\u00edos.<\/em><\/strong><\/p>\n<p style=\"text-align: right\"><em><strong>Dra. Virginia Kummer<\/strong><\/em><br \/>\n<em><strong>Febrero 2020<\/strong><\/em><\/p>\n<p>&nbsp;<\/p>\n<p>&nbsp;<\/p>\n<p>&nbsp;<\/p>\n<h4>Trabajo final. Seminario de Tesis. Maestr\u00eda en Docencia Universitaria.<\/h4>\n<p>El trabajo tendr\u00e1 una extensi\u00f3n no menor a las 10 p\u00e1ginas y no mayor a las 15\u00a0 p\u00e1ginas\u00a0(Letra Times New Roman 12, espacio 1,5, bibliograf\u00eda y car\u00e1tula en numeraci\u00f3n aparte).<\/p>\n<p>&nbsp;<\/p>\n<p>Consigna para la realizaci\u00f3n del trabajo final:<\/p>\n<p>1. Identifique el \u00e1rea tem\u00e1tica<br \/>\n2. Enuncie la problem\u00e1tica que considere que debe ser investigada cient\u00edficamente\u00a0en su disciplina.<br \/>\n2.1. En un p\u00e1rrafo considere las limitaciones de las respuestas disponibles por\u00a0referencia a los hechos que deben esclarecerse y por referencias a los\u00a0conocimientos vigentes.<br \/>\n2.2. Formule los interrogantes iniciales de la investigaci\u00f3n. Recuerde que\u00a0deben expresarse con claridad, factibilidad y pertinencia disciplinar.<br \/>\n3. Formule el objetivo general de la investigaci\u00f3n y los objetivos espec\u00edficos<br \/>\n4. Considere cu\u00e1l o cu\u00e1les marcos te\u00f3ricos podr\u00edan sustentar esta investigaci\u00f3n y\u00a0fundamente.<br \/>\n5. Indique con qu\u00e9 metodolog\u00eda abordar\u00e1 el problema objeto de estudio.<\/p>\n<p>&nbsp;<\/p>\n<p>&nbsp;<\/p>\n<p>&nbsp;<\/p>\n<p>&nbsp;<\/p>\n<p>&nbsp;<\/p>\n<p>&nbsp;<\/p>\n<p>&nbsp;<\/p>\n<p>&nbsp;<\/p>\n","protected":false},"excerpt":{"rendered":"<p>Docente a cargo: Prof. Dra. Virginia Kummer A\u00f1o 2020 1. FUNDAMENTACI\u00d3N El Taller de Tesis se propone como una instancia proped\u00e9utica para la elaboraci\u00f3n del\u00a0Trabajo Final de la Maestr\u00eda. Supone en tal sentido, un espacio de articulaci\u00f3n y\u00a0profundizaci\u00f3n de saberes y experiencias, tanto de los desarrollados durante el cursado\u00a0de la Maestr\u00eda como de aquellos otros&#8230; <\/p>\n<div class=\"clear\"><\/div>\n<p><a href=\"https:\/\/www.fcedu.uner.edu.ar\/biblioteca\/taller-de-tesis\/\" class=\"excerpt-read-more\">Read More<i class=\"fa fa-caret-right icon-caret-right\"><\/i><\/a><\/p>\n","protected":false},"author":14,"featured_media":0,"parent":0,"menu_order":0,"comment_status":"closed","ping_status":"closed","template":"","meta":{"footnotes":""},"yoast_head":"<!-- This site is optimized with the Yoast SEO plugin v21.7 - https:\/\/yoast.com\/wordpress\/plugins\/seo\/ -->\n<title>Taller de Tesis - Biblioteca &quot;Prof. N\u00e9lida Landreani&quot;<\/title>\n<meta name=\"robots\" content=\"index, follow, max-snippet:-1, max-image-preview:large, max-video-preview:-1\" \/>\n<link rel=\"canonical\" href=\"https:\/\/www.fcedu.uner.edu.ar\/biblioteca\/taller-de-tesis\/\" \/>\n<meta property=\"og:locale\" content=\"es_ES\" \/>\n<meta property=\"og:type\" content=\"article\" \/>\n<meta property=\"og:title\" content=\"Taller de Tesis - Biblioteca &quot;Prof. N\u00e9lida Landreani&quot;\" \/>\n<meta property=\"og:description\" content=\"Docente a cargo: Prof. Dra. Virginia Kummer A\u00f1o 2020 1. FUNDAMENTACI\u00d3N El Taller de Tesis se propone como una instancia proped\u00e9utica para la elaboraci\u00f3n del\u00a0Trabajo Final de la Maestr\u00eda. Supone en tal sentido, un espacio de articulaci\u00f3n y\u00a0profundizaci\u00f3n de saberes y experiencias, tanto de los desarrollados durante el cursado\u00a0de la Maestr\u00eda como de aquellos otros... Read More\" \/>\n<meta property=\"og:url\" content=\"https:\/\/www.fcedu.uner.edu.ar\/biblioteca\/taller-de-tesis\/\" \/>\n<meta property=\"og:site_name\" content=\"Biblioteca &quot;Prof. N\u00e9lida Landreani&quot;\" \/>\n<meta property=\"article:modified_time\" content=\"2020-03-10T13:23:00+00:00\" \/>\n<meta name=\"twitter:card\" content=\"summary_large_image\" \/>\n<meta name=\"twitter:label1\" content=\"Tiempo de lectura\" \/>\n\t<meta name=\"twitter:data1\" content=\"10 minutos\" \/>\n<script type=\"application\/ld+json\" class=\"yoast-schema-graph\">{\"@context\":\"https:\/\/schema.org\",\"@graph\":[{\"@type\":\"WebPage\",\"@id\":\"https:\/\/www.fcedu.uner.edu.ar\/biblioteca\/taller-de-tesis\/\",\"url\":\"https:\/\/www.fcedu.uner.edu.ar\/biblioteca\/taller-de-tesis\/\",\"name\":\"Taller de Tesis - Biblioteca &quot;Prof. N\u00e9lida Landreani&quot;\",\"isPartOf\":{\"@id\":\"https:\/\/www.fcedu.uner.edu.ar\/biblioteca\/#website\"},\"datePublished\":\"2020-03-05T13:54:55+00:00\",\"dateModified\":\"2020-03-10T13:23:00+00:00\",\"breadcrumb\":{\"@id\":\"https:\/\/www.fcedu.uner.edu.ar\/biblioteca\/taller-de-tesis\/#breadcrumb\"},\"inLanguage\":\"es\",\"potentialAction\":[{\"@type\":\"ReadAction\",\"target\":[\"https:\/\/www.fcedu.uner.edu.ar\/biblioteca\/taller-de-tesis\/\"]}]},{\"@type\":\"BreadcrumbList\",\"@id\":\"https:\/\/www.fcedu.uner.edu.ar\/biblioteca\/taller-de-tesis\/#breadcrumb\",\"itemListElement\":[{\"@type\":\"ListItem\",\"position\":1,\"name\":\"Portada\",\"item\":\"https:\/\/www.fcedu.uner.edu.ar\/biblioteca\/\"},{\"@type\":\"ListItem\",\"position\":2,\"name\":\"Taller de Tesis\"}]},{\"@type\":\"WebSite\",\"@id\":\"https:\/\/www.fcedu.uner.edu.ar\/biblioteca\/#website\",\"url\":\"https:\/\/www.fcedu.uner.edu.ar\/biblioteca\/\",\"name\":\"Biblioteca &quot;Prof. N\u00e9lida Landreani&quot;\",\"description\":\"Otro sitio m\u00e1s de Sitios de Portal FCEDU UNER\",\"potentialAction\":[{\"@type\":\"SearchAction\",\"target\":{\"@type\":\"EntryPoint\",\"urlTemplate\":\"https:\/\/www.fcedu.uner.edu.ar\/biblioteca\/?s={search_term_string}\"},\"query-input\":\"required name=search_term_string\"}],\"inLanguage\":\"es\"}]}<\/script>\n<!-- \/ Yoast SEO plugin. -->","yoast_head_json":{"title":"Taller de Tesis - Biblioteca &quot;Prof. N\u00e9lida Landreani&quot;","robots":{"index":"index","follow":"follow","max-snippet":"max-snippet:-1","max-image-preview":"max-image-preview:large","max-video-preview":"max-video-preview:-1"},"canonical":"https:\/\/www.fcedu.uner.edu.ar\/biblioteca\/taller-de-tesis\/","og_locale":"es_ES","og_type":"article","og_title":"Taller de Tesis - Biblioteca &quot;Prof. N\u00e9lida Landreani&quot;","og_description":"Docente a cargo: Prof. Dra. Virginia Kummer A\u00f1o 2020 1. FUNDAMENTACI\u00d3N El Taller de Tesis se propone como una instancia proped\u00e9utica para la elaboraci\u00f3n del\u00a0Trabajo Final de la Maestr\u00eda. Supone en tal sentido, un espacio de articulaci\u00f3n y\u00a0profundizaci\u00f3n de saberes y experiencias, tanto de los desarrollados durante el cursado\u00a0de la Maestr\u00eda como de aquellos otros... Read More","og_url":"https:\/\/www.fcedu.uner.edu.ar\/biblioteca\/taller-de-tesis\/","og_site_name":"Biblioteca &quot;Prof. N\u00e9lida Landreani&quot;","article_modified_time":"2020-03-10T13:23:00+00:00","twitter_card":"summary_large_image","twitter_misc":{"Tiempo de lectura":"10 minutos"},"schema":{"@context":"https:\/\/schema.org","@graph":[{"@type":"WebPage","@id":"https:\/\/www.fcedu.uner.edu.ar\/biblioteca\/taller-de-tesis\/","url":"https:\/\/www.fcedu.uner.edu.ar\/biblioteca\/taller-de-tesis\/","name":"Taller de Tesis - Biblioteca &quot;Prof. N\u00e9lida Landreani&quot;","isPartOf":{"@id":"https:\/\/www.fcedu.uner.edu.ar\/biblioteca\/#website"},"datePublished":"2020-03-05T13:54:55+00:00","dateModified":"2020-03-10T13:23:00+00:00","breadcrumb":{"@id":"https:\/\/www.fcedu.uner.edu.ar\/biblioteca\/taller-de-tesis\/#breadcrumb"},"inLanguage":"es","potentialAction":[{"@type":"ReadAction","target":["https:\/\/www.fcedu.uner.edu.ar\/biblioteca\/taller-de-tesis\/"]}]},{"@type":"BreadcrumbList","@id":"https:\/\/www.fcedu.uner.edu.ar\/biblioteca\/taller-de-tesis\/#breadcrumb","itemListElement":[{"@type":"ListItem","position":1,"name":"Portada","item":"https:\/\/www.fcedu.uner.edu.ar\/biblioteca\/"},{"@type":"ListItem","position":2,"name":"Taller de Tesis"}]},{"@type":"WebSite","@id":"https:\/\/www.fcedu.uner.edu.ar\/biblioteca\/#website","url":"https:\/\/www.fcedu.uner.edu.ar\/biblioteca\/","name":"Biblioteca &quot;Prof. N\u00e9lida Landreani&quot;","description":"Otro sitio m\u00e1s de Sitios de Portal FCEDU UNER","potentialAction":[{"@type":"SearchAction","target":{"@type":"EntryPoint","urlTemplate":"https:\/\/www.fcedu.uner.edu.ar\/biblioteca\/?s={search_term_string}"},"query-input":"required name=search_term_string"}],"inLanguage":"es"}]}},"_links":{"self":[{"href":"https:\/\/www.fcedu.uner.edu.ar\/biblioteca\/wp-json\/wp\/v2\/pages\/2243"}],"collection":[{"href":"https:\/\/www.fcedu.uner.edu.ar\/biblioteca\/wp-json\/wp\/v2\/pages"}],"about":[{"href":"https:\/\/www.fcedu.uner.edu.ar\/biblioteca\/wp-json\/wp\/v2\/types\/page"}],"author":[{"embeddable":true,"href":"https:\/\/www.fcedu.uner.edu.ar\/biblioteca\/wp-json\/wp\/v2\/users\/14"}],"replies":[{"embeddable":true,"href":"https:\/\/www.fcedu.uner.edu.ar\/biblioteca\/wp-json\/wp\/v2\/comments?post=2243"}],"version-history":[{"count":7,"href":"https:\/\/www.fcedu.uner.edu.ar\/biblioteca\/wp-json\/wp\/v2\/pages\/2243\/revisions"}],"predecessor-version":[{"id":2259,"href":"https:\/\/www.fcedu.uner.edu.ar\/biblioteca\/wp-json\/wp\/v2\/pages\/2243\/revisions\/2259"}],"wp:attachment":[{"href":"https:\/\/www.fcedu.uner.edu.ar\/biblioteca\/wp-json\/wp\/v2\/media?parent=2243"}],"curies":[{"name":"wp","href":"https:\/\/api.w.org\/{rel}","templated":true}]}}