{"id":24,"date":"2015-12-15T13:56:31","date_gmt":"2015-12-15T13:56:31","guid":{"rendered":"http:\/\/www.fcedu.uner.edu.ar\/biblioteca\/?page_id=24"},"modified":"2026-05-06T15:31:47","modified_gmt":"2026-05-06T15:31:47","slug":"quienes-somos","status":"publish","type":"page","link":"https:\/\/www.fcedu.uner.edu.ar\/biblioteca\/quienes-somos\/","title":{"rendered":"Qui\u00e9nes somos"},"content":{"rendered":"<div class=\"gdlr-shortcode-wrapper\"><div class=\"gdlr-box-with-icon-ux gdlr-ux\"><div class=\"gdlr-item gdlr-box-with-icon-item pos-left type-normal\" ><i class=\"fa fa-book\"  style=\"color:#ffd012;\" ><\/i><br><h4 class=\"box-with-icon-title\"> Biblioteca \u201cProf. N\u00e9lida Landreani\u201d<\/h4><div class=\"clear\"><\/div><div class=\"box-with-icon-caption\"><p> <span style=\"color: #333333;\">La biblioteca \u201cProf. N\u00e9lida Landreani\u201d de la Facultad de Ciencias de la Educaci\u00f3n cuenta con un acervo documental integrado por libros y documentos, obras de referencia, documentos de organizaciones internacionales, diarios, revistas. Dentro de los materiales audiovisuales, cuenta con diapositivas, l\u00e1minas, grabaciones sonoras, cintas de video, CD-ROM y bases de datos electr\u00f3nicas. Adem\u00e1s posee puntos de acceso a la Biblioteca Electr\u00f3nica de Ciencia y Tecnolog\u00eda.<\/span><\/p>\n<div class=\"gdlr-shortcode-wrapper\"><div class=\"clear\"><\/div><div class=\"gdlr-item gdlr-divider-item\"  ><div class=\"gdlr-divider solid\"  style=\"width: 50%;\" ><\/div><\/div><\/div>\n<p><span style=\"color: #333333;\"><strong>Servicios ofrecidos:<\/strong><\/span><\/p>\n<ul>\n<li><span style=\"color: #333333;\">Pr\u00e9stamo a domicilio.<\/span><\/li>\n<li><span style=\"color: #333333;\">Pr\u00e9stamo por fin de semana.<\/span><\/li>\n<li><span style=\"color: #333333;\">Pr\u00e9stamo solamente en mostrador: las Tesis y algunos materiales especiales s\u00f3lo est\u00e1n disponibles para su consulta en el mostrador de la Biblioteca.<\/span><\/li>\n<li><span style=\"color: #333333;\">Pr\u00e9stamo en Sala de Lectura.<\/span><\/li>\n<li><span style=\"color: #333333;\">Pr\u00e9stamo en Sala de Lectura para Usuarios Externos.<\/span><\/li>\n<li><span style=\"color: #333333;\">Pr\u00e9stamo interbibliotecario: para acceder a material disponible en las Bibliotecas de la UNER.<\/span><\/li>\n<\/ul>\n<div class=\"gdlr-shortcode-wrapper\"><div class=\"clear\"><\/div><div class=\"gdlr-item gdlr-divider-item\"  ><div class=\"gdlr-divider solid\"  style=\"width: 50%;\" ><\/div><\/div><\/div>\n<p><strong><a href=\"http:\/\/biblio.fcedu.uner.edu.ar\/biblioteca\/opac\/buscar.html\" target=\"_blank\" rel=\"noopener\">\u00a0<\/p>\n<i class=\"gdlr-icon fa fa-folder-o\" style=\"color: #ffd012; font-size: 15px; \" ><\/i>\n<p> El cat\u00e1logo completo de obras y materiales puede ser consultado en l\u00ednea<\/a><\/strong><\/p>\n<p><span style=\"color: #333333;\">Requisitos para retirar un libro de biblioteca:<\/span><\/p>\n<ul>\n<li><span style=\"color: #333333;\">Estar inscripto al a\u00f1o acad\u00e9mico.<\/span><\/li>\n<li><span style=\"color: #333333;\">Cumplimentar el registro fotogr\u00e1fico. (Foto digital del usuario que se saca en el lugar y sin costo para tener de esta forma una identificaci\u00f3n en el sistema inform\u00e1tico.)<\/span><\/li>\n<\/ul>\n<p>&nbsp;<\/p>\n<\/div><\/div><\/div><\/div>\n<p>&nbsp;<\/p>\n<div class=\"gdlr-shortcode-wrapper\"><div class=\"gdlr-item-title-wrapper gdlr-item pos-center \"><div class=\"gdlr-item-title-head\"><h3 class=\"gdlr-item-title gdlr-skin-title gdlr-skin-border\" >Equipo de Trabajo<\/h3><div class=\"clear\"><\/div><\/div><\/div><div class=\"gdlr-personnel-item-wrapper\" ><div class=\"clear\"><\/div><div class=\"six columns\"><div class=\"gdlr-item gdlr-personnel-item box-style\"><div class=\"gdlr-ux gdlr-personnel-ux\"><div class=\"personnel-item\"><div class=\"personnel-item-inner gdlr-skin-box\"><div class=\"personnel-author-image gdlr-skin-border\" ><img decoding=\"async\" src=\"https:\/\/www.fcedu.uner.edu.ar\/biblioteca\/wp-content\/uploads\/2016\/09\/deharbe_hipolito.png\" alt=\"\"  \/><\/div><div class=\"personnel-info\"><div class=\"personnel-author gdlr-skin-title\">Lic. Hip\u00f3lito Deharbe<\/div><div class=\"personnel-position gdlr-skin-info\">Jefe Dpto Biblioteca<\/div><\/div><div class=\"personnel-content gdlr-skin-content\"><p>hipolito.deharbe@uner.edu.ar<\/p>\n<\/div><\/div><\/div><\/div><\/div><\/div><div class=\"six columns\"><div class=\"gdlr-item gdlr-personnel-item box-style\"><div class=\"gdlr-ux gdlr-personnel-ux\"><div class=\"personnel-item\"><div class=\"personnel-item-inner gdlr-skin-box\"><div class=\"personnel-author-image gdlr-skin-border\" ><img decoding=\"async\" src=\"https:\/\/www.fcedu.uner.edu.ar\/biblioteca\/wp-content\/uploads\/2023\/10\/Rosana4.jpeg\" alt=\"\"  \/><\/div><div class=\"personnel-info\"><div class=\"personnel-author gdlr-skin-title\">Bib. Rosana G. Schaller<\/div><div class=\"personnel-position gdlr-skin-info\">Jefe Divisi\u00f3n<\/div><\/div><div class=\"personnel-content gdlr-skin-content\"><p>rosana.schaller@uner.edu.ar<\/p>\n<\/div><\/div><\/div><\/div><\/div><\/div><div class=\"clear\"><\/div><div class=\"six columns\"><div class=\"gdlr-item gdlr-personnel-item box-style\"><div class=\"gdlr-ux gdlr-personnel-ux\"><div class=\"personnel-item\"><div class=\"personnel-item-inner gdlr-skin-box\"><div class=\"personnel-author-image gdlr-skin-border\" ><img decoding=\"async\" src=\"https:\/\/www.fcedu.uner.edu.ar\/biblioteca\/wp-content\/uploads\/2023\/10\/fotonueva6.jpg\" alt=\"\"  \/><\/div><div class=\"personnel-info\"><div class=\"personnel-author gdlr-skin-title\">Lic. Gonzalo Cabral<\/div><div class=\"personnel-position gdlr-skin-info\">Auxiliar T\u00e9cnico<\/div><\/div><div class=\"personnel-content gdlr-skin-content\"><p>gonzalo.cabral@uner.edu.ar<\/p>\n<\/div><\/div><\/div><\/div><\/div><\/div><div class=\"six columns\"><div class=\"gdlr-item gdlr-personnel-item box-style\"><div class=\"gdlr-ux gdlr-personnel-ux\"><div class=\"personnel-item\"><div class=\"personnel-item-inner gdlr-skin-box\"><div class=\"personnel-author-image gdlr-skin-border\" ><img decoding=\"async\" src=\"https:\/\/www.fcedu.uner.edu.ar\/biblioteca\/wp-content\/uploads\/2026\/05\/Rios_Maria_Eugenia.jpg\" alt=\"\"  \/><\/div><div class=\"personnel-info\"><div class=\"personnel-author gdlr-skin-title\">Bib. Mar\u00eda Eugenia R\u00edos<\/div><div class=\"personnel-position gdlr-skin-info\">Auxiliar T\u00e9cnico<\/div><\/div><div class=\"personnel-content gdlr-skin-content\"><p>maria.rios@uner.edu.ar<\/p>\n<\/div><\/div><\/div><\/div><\/div><\/div><div class=\"clear\"><\/div><\/div><\/div>\n<p>&nbsp;<\/p>\n","protected":false},"excerpt":{"rendered":"<p>&nbsp; &nbsp;<\/p>\n","protected":false},"author":2,"featured_media":0,"parent":0,"menu_order":0,"comment_status":"closed","ping_status":"closed","template":"","meta":{"footnotes":""},"yoast_head":"<!-- This site is optimized with the Yoast SEO plugin v21.7 - https:\/\/yoast.com\/wordpress\/plugins\/seo\/ -->\n<title>Qui\u00e9nes somos - Biblioteca &quot;Prof. N\u00e9lida Landreani&quot;<\/title>\n<meta name=\"robots\" content=\"index, follow, max-snippet:-1, max-image-preview:large, max-video-preview:-1\" \/>\n<link rel=\"canonical\" href=\"https:\/\/www.fcedu.uner.edu.ar\/biblioteca\/quienes-somos\/\" \/>\n<meta property=\"og:locale\" content=\"es_ES\" \/>\n<meta property=\"og:type\" content=\"article\" \/>\n<meta property=\"og:title\" content=\"Qui\u00e9nes somos - Biblioteca &quot;Prof. N\u00e9lida Landreani&quot;\" \/>\n<meta property=\"og:description\" content=\"&nbsp; &nbsp;\" \/>\n<meta property=\"og:url\" content=\"https:\/\/www.fcedu.uner.edu.ar\/biblioteca\/quienes-somos\/\" \/>\n<meta property=\"og:site_name\" content=\"Biblioteca &quot;Prof. N\u00e9lida Landreani&quot;\" \/>\n<meta property=\"article:modified_time\" content=\"2026-05-06T15:31:47+00:00\" \/>\n<meta name=\"twitter:card\" content=\"summary_large_image\" \/>\n<meta name=\"twitter:label1\" content=\"Tiempo de lectura\" \/>\n\t<meta name=\"twitter:data1\" content=\"2 minutos\" \/>\n<script type=\"application\/ld+json\" class=\"yoast-schema-graph\">{\"@context\":\"https:\/\/schema.org\",\"@graph\":[{\"@type\":\"WebPage\",\"@id\":\"https:\/\/www.fcedu.uner.edu.ar\/biblioteca\/quienes-somos\/\",\"url\":\"https:\/\/www.fcedu.uner.edu.ar\/biblioteca\/quienes-somos\/\",\"name\":\"Qui\u00e9nes somos - Biblioteca &quot;Prof. N\u00e9lida Landreani&quot;\",\"isPartOf\":{\"@id\":\"https:\/\/www.fcedu.uner.edu.ar\/biblioteca\/#website\"},\"datePublished\":\"2015-12-15T13:56:31+00:00\",\"dateModified\":\"2026-05-06T15:31:47+00:00\",\"breadcrumb\":{\"@id\":\"https:\/\/www.fcedu.uner.edu.ar\/biblioteca\/quienes-somos\/#breadcrumb\"},\"inLanguage\":\"es\",\"potentialAction\":[{\"@type\":\"ReadAction\",\"target\":[\"https:\/\/www.fcedu.uner.edu.ar\/biblioteca\/quienes-somos\/\"]}]},{\"@type\":\"BreadcrumbList\",\"@id\":\"https:\/\/www.fcedu.uner.edu.ar\/biblioteca\/quienes-somos\/#breadcrumb\",\"itemListElement\":[{\"@type\":\"ListItem\",\"position\":1,\"name\":\"Portada\",\"item\":\"https:\/\/www.fcedu.uner.edu.ar\/biblioteca\/\"},{\"@type\":\"ListItem\",\"position\":2,\"name\":\"Qui\u00e9nes somos\"}]},{\"@type\":\"WebSite\",\"@id\":\"https:\/\/www.fcedu.uner.edu.ar\/biblioteca\/#website\",\"url\":\"https:\/\/www.fcedu.uner.edu.ar\/biblioteca\/\",\"name\":\"Biblioteca &quot;Prof. N\u00e9lida Landreani&quot;\",\"description\":\"Otro sitio m\u00e1s de Sitios de Portal FCEDU UNER\",\"potentialAction\":[{\"@type\":\"SearchAction\",\"target\":{\"@type\":\"EntryPoint\",\"urlTemplate\":\"https:\/\/www.fcedu.uner.edu.ar\/biblioteca\/?s={search_term_string}\"},\"query-input\":\"required name=search_term_string\"}],\"inLanguage\":\"es\"}]}<\/script>\n<!-- \/ Yoast SEO plugin. -->","yoast_head_json":{"title":"Qui\u00e9nes somos - Biblioteca &quot;Prof. N\u00e9lida Landreani&quot;","robots":{"index":"index","follow":"follow","max-snippet":"max-snippet:-1","max-image-preview":"max-image-preview:large","max-video-preview":"max-video-preview:-1"},"canonical":"https:\/\/www.fcedu.uner.edu.ar\/biblioteca\/quienes-somos\/","og_locale":"es_ES","og_type":"article","og_title":"Qui\u00e9nes somos - Biblioteca &quot;Prof. N\u00e9lida Landreani&quot;","og_description":"&nbsp; &nbsp;","og_url":"https:\/\/www.fcedu.uner.edu.ar\/biblioteca\/quienes-somos\/","og_site_name":"Biblioteca &quot;Prof. N\u00e9lida Landreani&quot;","article_modified_time":"2026-05-06T15:31:47+00:00","twitter_card":"summary_large_image","twitter_misc":{"Tiempo de lectura":"2 minutos"},"schema":{"@context":"https:\/\/schema.org","@graph":[{"@type":"WebPage","@id":"https:\/\/www.fcedu.uner.edu.ar\/biblioteca\/quienes-somos\/","url":"https:\/\/www.fcedu.uner.edu.ar\/biblioteca\/quienes-somos\/","name":"Qui\u00e9nes somos - Biblioteca &quot;Prof. N\u00e9lida Landreani&quot;","isPartOf":{"@id":"https:\/\/www.fcedu.uner.edu.ar\/biblioteca\/#website"},"datePublished":"2015-12-15T13:56:31+00:00","dateModified":"2026-05-06T15:31:47+00:00","breadcrumb":{"@id":"https:\/\/www.fcedu.uner.edu.ar\/biblioteca\/quienes-somos\/#breadcrumb"},"inLanguage":"es","potentialAction":[{"@type":"ReadAction","target":["https:\/\/www.fcedu.uner.edu.ar\/biblioteca\/quienes-somos\/"]}]},{"@type":"BreadcrumbList","@id":"https:\/\/www.fcedu.uner.edu.ar\/biblioteca\/quienes-somos\/#breadcrumb","itemListElement":[{"@type":"ListItem","position":1,"name":"Portada","item":"https:\/\/www.fcedu.uner.edu.ar\/biblioteca\/"},{"@type":"ListItem","position":2,"name":"Qui\u00e9nes somos"}]},{"@type":"WebSite","@id":"https:\/\/www.fcedu.uner.edu.ar\/biblioteca\/#website","url":"https:\/\/www.fcedu.uner.edu.ar\/biblioteca\/","name":"Biblioteca &quot;Prof. N\u00e9lida Landreani&quot;","description":"Otro sitio m\u00e1s de Sitios de Portal FCEDU UNER","potentialAction":[{"@type":"SearchAction","target":{"@type":"EntryPoint","urlTemplate":"https:\/\/www.fcedu.uner.edu.ar\/biblioteca\/?s={search_term_string}"},"query-input":"required name=search_term_string"}],"inLanguage":"es"}]}},"_links":{"self":[{"href":"https:\/\/www.fcedu.uner.edu.ar\/biblioteca\/wp-json\/wp\/v2\/pages\/24"}],"collection":[{"href":"https:\/\/www.fcedu.uner.edu.ar\/biblioteca\/wp-json\/wp\/v2\/pages"}],"about":[{"href":"https:\/\/www.fcedu.uner.edu.ar\/biblioteca\/wp-json\/wp\/v2\/types\/page"}],"author":[{"embeddable":true,"href":"https:\/\/www.fcedu.uner.edu.ar\/biblioteca\/wp-json\/wp\/v2\/users\/2"}],"replies":[{"embeddable":true,"href":"https:\/\/www.fcedu.uner.edu.ar\/biblioteca\/wp-json\/wp\/v2\/comments?post=24"}],"version-history":[{"count":12,"href":"https:\/\/www.fcedu.uner.edu.ar\/biblioteca\/wp-json\/wp\/v2\/pages\/24\/revisions"}],"predecessor-version":[{"id":3067,"href":"https:\/\/www.fcedu.uner.edu.ar\/biblioteca\/wp-json\/wp\/v2\/pages\/24\/revisions\/3067"}],"wp:attachment":[{"href":"https:\/\/www.fcedu.uner.edu.ar\/biblioteca\/wp-json\/wp\/v2\/media?parent=24"}],"curies":[{"name":"wp","href":"https:\/\/api.w.org\/{rel}","templated":true}]}}