{"id":26,"date":"2015-12-15T13:57:36","date_gmt":"2015-12-15T13:57:36","guid":{"rendered":"http:\/\/www.fcedu.uner.edu.ar\/biblioteca\/?page_id=26"},"modified":"2016-09-14T13:45:40","modified_gmt":"2016-09-14T13:45:40","slug":"servicios","status":"publish","type":"page","link":"https:\/\/www.fcedu.uner.edu.ar\/biblioteca\/servicios\/","title":{"rendered":"Servicios"},"content":{"rendered":"<div class=\"gdlr-shortcode-wrapper\"><div class=\"gdlr-box-with-icon-ux gdlr-ux\"><div class=\"gdlr-item gdlr-box-with-icon-item pos-left type-normal\" ><i class=\"fa fa-check-square-o\"  style=\"color:#ffd012;\" ><\/i><br><h4 class=\"box-with-icon-title\">Pr\u00e9stamo a Domicilio<\/h4><div class=\"clear\"><\/div><div class=\"box-with-icon-caption\"><p><span style=\"color: #333333\">Servicio disponible para los usuarios habilitados en el sistema: alumnos inscriptos al a\u00f1o acad\u00e9mico, docentes, graduados, personal superior, personal administrativo y de servicios. Se prestar\u00e1n hasta dos (2) textos por lector por el tiempo que determine el personal de biblioteca acorde a la demanda existente.<\/span><\/p>\n<\/div><\/div><\/div><\/div>\n<div class=\"gdlr-shortcode-wrapper\"><div class=\"gdlr-box-with-icon-ux gdlr-ux\"><div class=\"gdlr-item gdlr-box-with-icon-item pos-left type-normal\" ><i class=\"fa fa-check-square-o\"  style=\"color:#ffd012;\" ><\/i><br><h4 class=\"box-with-icon-title\">Pr\u00e9stamo por fin de semana<\/h4><div class=\"clear\"><\/div><div class=\"box-with-icon-caption\"><p><span style=\"color: #333333\">Ciertos materiales pueden ser prestados a domicilio \u00fanicamente por fin de semana; el pr\u00e9stamo se podr\u00e1 realizar el d\u00eda anterior al comienzo del fin de semana despu\u00e9s de las 17:00; contempl\u00e1ndose la devoluci\u00f3n el d\u00eda h\u00e1bil inmediato al fin de semana, antes de las 10:00.<\/span><\/p>\n<\/div><\/div><\/div><\/div>\n<div class=\"gdlr-shortcode-wrapper\"><div class=\"gdlr-box-with-icon-ux gdlr-ux\"><div class=\"gdlr-item gdlr-box-with-icon-item pos-left type-normal\" ><i class=\"fa fa-check-square-o\"  style=\"color:#ffd012;\" ><\/i><br><h4 class=\"box-with-icon-title\">Pr\u00e9stamo solamente en mostrador<\/h4><div class=\"clear\"><\/div><div class=\"box-with-icon-caption\"><p><span style=\"color: #333333\">Las Tesis y algunos materiales especiales s\u00f3lo podr\u00e1n ser prestados para su consulta en el mostrador de la Biblioteca.<\/span><\/p>\n<\/div><\/div><\/div><\/div>\n<div class=\"gdlr-shortcode-wrapper\"><div class=\"gdlr-box-with-icon-ux gdlr-ux\"><div class=\"gdlr-item gdlr-box-with-icon-item pos-left type-normal\" ><i class=\"fa fa-check-square-o\"  style=\"color:#ffd012;\" ><\/i><br><h4 class=\"box-with-icon-title\">Pr\u00e9stamo en Sala de Lectura<\/h4><div class=\"clear\"><\/div><div class=\"box-with-icon-caption\"><p><span style=\"color: #333333\">Pueden acceder al mismo alumnos, docentes, investigadores, personal superior, personal administrativo y de servicios, graduados y usuarios externos.<\/span><br \/>\n<span style=\"color: #333333\"> El pr\u00e9stamo en Sala de Lectura para Usuarios Externos (personas ajenas a la Facultad) se realiza previo registro del mismo en el padr\u00f3n de lectores y presentaci\u00f3n de una identificaci\u00f3n \u2013DNI o Carn\u00e9 de Conducir no vencido- en los siguientes horarios: Lunes a Viernes: 7:30 a 10:30 y 13:00 a 16:0. La devoluci\u00f3n se admite hasta la hora 12:15 y 19:15 respectivamente.<\/span><\/p>\n<\/div><\/div><\/div><\/div>\n<div class=\"gdlr-shortcode-wrapper\"><div class=\"gdlr-box-with-icon-ux gdlr-ux\"><div class=\"gdlr-item gdlr-box-with-icon-item pos-left type-normal\" ><i class=\"fa fa-check-square-o\"  style=\"color:#ffd012;\" ><\/i><br><h4 class=\"box-with-icon-title\">Pr\u00e9stamo interbibliotecario<\/h4><div class=\"clear\"><\/div><div class=\"box-with-icon-caption\"><p><span style=\"color: #333333\">Mediante este servicio se puede solicitar material que se encuentra disponible en las Bibliotecas de la UNER. Las solicitudes de pr\u00e9stamos ser\u00e1n firmadas por el Jefe de la Biblioteca o responsable, haci\u00e9ndose cargo de la recepci\u00f3n y devoluci\u00f3n. El pr\u00e9stamo queda sujeto a la disponibilidad del material bibliogr\u00e1fico existente en la Biblioteca prestadora.<\/span><\/p>\n<\/div><\/div><\/div><\/div>\n<div class=\"gdlr-shortcode-wrapper\"><div class=\"gdlr-box-with-icon-ux gdlr-ux\"><div class=\"gdlr-item gdlr-box-with-icon-item pos-left type-normal\" ><i class=\"fa fa-check-square-o\"  style=\"color:#ffd012;\" ><\/i><br><h4 class=\"box-with-icon-title\">Canje<\/h4><div class=\"clear\"><\/div><div class=\"box-with-icon-caption\"><p><span style=\"color: #333333\">La biblioteca cuenta con textos -Serie \u201cCuadernos\u201d- y publicaciones editados por la Facultad; los que se encuentran disponibles para canje con otras bibliotecas. A tales efectos, cont\u00e1ctese con nuestra Biblioteca para acceder a este servicio.<\/span><\/p>\n<\/div><\/div><\/div><\/div>\n<div class=\"gdlr-shortcode-wrapper\"><div class=\"gdlr-box-with-icon-ux gdlr-ux\"><div class=\"gdlr-item gdlr-box-with-icon-item pos-left type-normal\" ><i class=\"fa fa-check-square-o\"  style=\"color:#ffd012;\" ><\/i><br><h4 class=\"box-with-icon-title\">Donaci\u00f3n<\/h4><div class=\"clear\"><\/div><div class=\"box-with-icon-caption\"><p><span style=\"color: #333333\">La Biblioteca recibe en car\u00e1cter de donaci\u00f3n aquellas obras que respondan a la tem\u00e1tica, que se encuentren en buen estado f\u00edsico y cuyo contenido permanezca vigente. Para realizar una donaci\u00f3n, se sugiere como primera medida contactarse con el personal de la biblioteca para informarse sobre el procedimiento.<\/span><\/p>\n<\/div><\/div><\/div><\/div>\n<h3><\/h3>\n<p>&nbsp;<\/p>\n","protected":false},"excerpt":{"rendered":"<p>&nbsp;<\/p>\n","protected":false},"author":7,"featured_media":0,"parent":0,"menu_order":0,"comment_status":"closed","ping_status":"closed","template":"","meta":{"footnotes":""},"yoast_head":"<!-- This site is optimized with the Yoast SEO plugin v21.7 - https:\/\/yoast.com\/wordpress\/plugins\/seo\/ -->\n<title>Servicios - Biblioteca &quot;Prof. N\u00e9lida Landreani&quot;<\/title>\n<meta name=\"robots\" content=\"index, follow, max-snippet:-1, max-image-preview:large, max-video-preview:-1\" \/>\n<link rel=\"canonical\" href=\"https:\/\/www.fcedu.uner.edu.ar\/biblioteca\/servicios\/\" \/>\n<meta property=\"og:locale\" content=\"es_ES\" \/>\n<meta property=\"og:type\" content=\"article\" \/>\n<meta property=\"og:title\" content=\"Servicios - Biblioteca &quot;Prof. N\u00e9lida Landreani&quot;\" \/>\n<meta property=\"og:description\" content=\"&nbsp;\" \/>\n<meta property=\"og:url\" content=\"https:\/\/www.fcedu.uner.edu.ar\/biblioteca\/servicios\/\" \/>\n<meta property=\"og:site_name\" content=\"Biblioteca &quot;Prof. N\u00e9lida Landreani&quot;\" \/>\n<meta property=\"article:modified_time\" content=\"2016-09-14T13:45:40+00:00\" \/>\n<meta name=\"twitter:card\" content=\"summary_large_image\" \/>\n<meta name=\"twitter:label1\" content=\"Tiempo de lectura\" \/>\n\t<meta name=\"twitter:data1\" content=\"2 minutos\" \/>\n<script type=\"application\/ld+json\" class=\"yoast-schema-graph\">{\"@context\":\"https:\/\/schema.org\",\"@graph\":[{\"@type\":\"WebPage\",\"@id\":\"https:\/\/www.fcedu.uner.edu.ar\/biblioteca\/servicios\/\",\"url\":\"https:\/\/www.fcedu.uner.edu.ar\/biblioteca\/servicios\/\",\"name\":\"Servicios - Biblioteca &quot;Prof. N\u00e9lida Landreani&quot;\",\"isPartOf\":{\"@id\":\"https:\/\/www.fcedu.uner.edu.ar\/biblioteca\/#website\"},\"datePublished\":\"2015-12-15T13:57:36+00:00\",\"dateModified\":\"2016-09-14T13:45:40+00:00\",\"breadcrumb\":{\"@id\":\"https:\/\/www.fcedu.uner.edu.ar\/biblioteca\/servicios\/#breadcrumb\"},\"inLanguage\":\"es\",\"potentialAction\":[{\"@type\":\"ReadAction\",\"target\":[\"https:\/\/www.fcedu.uner.edu.ar\/biblioteca\/servicios\/\"]}]},{\"@type\":\"BreadcrumbList\",\"@id\":\"https:\/\/www.fcedu.uner.edu.ar\/biblioteca\/servicios\/#breadcrumb\",\"itemListElement\":[{\"@type\":\"ListItem\",\"position\":1,\"name\":\"Portada\",\"item\":\"https:\/\/www.fcedu.uner.edu.ar\/biblioteca\/\"},{\"@type\":\"ListItem\",\"position\":2,\"name\":\"Servicios\"}]},{\"@type\":\"WebSite\",\"@id\":\"https:\/\/www.fcedu.uner.edu.ar\/biblioteca\/#website\",\"url\":\"https:\/\/www.fcedu.uner.edu.ar\/biblioteca\/\",\"name\":\"Biblioteca &quot;Prof. N\u00e9lida Landreani&quot;\",\"description\":\"Otro sitio m\u00e1s de Sitios de Portal FCEDU UNER\",\"potentialAction\":[{\"@type\":\"SearchAction\",\"target\":{\"@type\":\"EntryPoint\",\"urlTemplate\":\"https:\/\/www.fcedu.uner.edu.ar\/biblioteca\/?s={search_term_string}\"},\"query-input\":\"required name=search_term_string\"}],\"inLanguage\":\"es\"}]}<\/script>\n<!-- \/ Yoast SEO plugin. -->","yoast_head_json":{"title":"Servicios - Biblioteca &quot;Prof. N\u00e9lida Landreani&quot;","robots":{"index":"index","follow":"follow","max-snippet":"max-snippet:-1","max-image-preview":"max-image-preview:large","max-video-preview":"max-video-preview:-1"},"canonical":"https:\/\/www.fcedu.uner.edu.ar\/biblioteca\/servicios\/","og_locale":"es_ES","og_type":"article","og_title":"Servicios - Biblioteca &quot;Prof. N\u00e9lida Landreani&quot;","og_description":"&nbsp;","og_url":"https:\/\/www.fcedu.uner.edu.ar\/biblioteca\/servicios\/","og_site_name":"Biblioteca &quot;Prof. N\u00e9lida Landreani&quot;","article_modified_time":"2016-09-14T13:45:40+00:00","twitter_card":"summary_large_image","twitter_misc":{"Tiempo de lectura":"2 minutos"},"schema":{"@context":"https:\/\/schema.org","@graph":[{"@type":"WebPage","@id":"https:\/\/www.fcedu.uner.edu.ar\/biblioteca\/servicios\/","url":"https:\/\/www.fcedu.uner.edu.ar\/biblioteca\/servicios\/","name":"Servicios - Biblioteca &quot;Prof. N\u00e9lida Landreani&quot;","isPartOf":{"@id":"https:\/\/www.fcedu.uner.edu.ar\/biblioteca\/#website"},"datePublished":"2015-12-15T13:57:36+00:00","dateModified":"2016-09-14T13:45:40+00:00","breadcrumb":{"@id":"https:\/\/www.fcedu.uner.edu.ar\/biblioteca\/servicios\/#breadcrumb"},"inLanguage":"es","potentialAction":[{"@type":"ReadAction","target":["https:\/\/www.fcedu.uner.edu.ar\/biblioteca\/servicios\/"]}]},{"@type":"BreadcrumbList","@id":"https:\/\/www.fcedu.uner.edu.ar\/biblioteca\/servicios\/#breadcrumb","itemListElement":[{"@type":"ListItem","position":1,"name":"Portada","item":"https:\/\/www.fcedu.uner.edu.ar\/biblioteca\/"},{"@type":"ListItem","position":2,"name":"Servicios"}]},{"@type":"WebSite","@id":"https:\/\/www.fcedu.uner.edu.ar\/biblioteca\/#website","url":"https:\/\/www.fcedu.uner.edu.ar\/biblioteca\/","name":"Biblioteca &quot;Prof. N\u00e9lida Landreani&quot;","description":"Otro sitio m\u00e1s de Sitios de Portal FCEDU UNER","potentialAction":[{"@type":"SearchAction","target":{"@type":"EntryPoint","urlTemplate":"https:\/\/www.fcedu.uner.edu.ar\/biblioteca\/?s={search_term_string}"},"query-input":"required name=search_term_string"}],"inLanguage":"es"}]}},"_links":{"self":[{"href":"https:\/\/www.fcedu.uner.edu.ar\/biblioteca\/wp-json\/wp\/v2\/pages\/26"}],"collection":[{"href":"https:\/\/www.fcedu.uner.edu.ar\/biblioteca\/wp-json\/wp\/v2\/pages"}],"about":[{"href":"https:\/\/www.fcedu.uner.edu.ar\/biblioteca\/wp-json\/wp\/v2\/types\/page"}],"author":[{"embeddable":true,"href":"https:\/\/www.fcedu.uner.edu.ar\/biblioteca\/wp-json\/wp\/v2\/users\/7"}],"replies":[{"embeddable":true,"href":"https:\/\/www.fcedu.uner.edu.ar\/biblioteca\/wp-json\/wp\/v2\/comments?post=26"}],"version-history":[{"count":17,"href":"https:\/\/www.fcedu.uner.edu.ar\/biblioteca\/wp-json\/wp\/v2\/pages\/26\/revisions"}],"predecessor-version":[{"id":976,"href":"https:\/\/www.fcedu.uner.edu.ar\/biblioteca\/wp-json\/wp\/v2\/pages\/26\/revisions\/976"}],"wp:attachment":[{"href":"https:\/\/www.fcedu.uner.edu.ar\/biblioteca\/wp-json\/wp\/v2\/media?parent=26"}],"curies":[{"name":"wp","href":"https:\/\/api.w.org\/{rel}","templated":true}]}}