{"id":810,"date":"2017-03-22T21:42:18","date_gmt":"2017-03-22T21:42:18","guid":{"rendered":"http:\/\/www.fcedu.uner.edu.ar\/catalogo\/?page_id=810"},"modified":"2026-04-13T13:00:30","modified_gmt":"2026-04-13T16:00:30","slug":"sobre-el-proyecto","status":"publish","type":"page","link":"https:\/\/www.fcedu.uner.edu.ar\/catalogo\/sobre-el-proyecto\/","title":{"rendered":"Sobre el cat\u00e1logo"},"content":{"rendered":"<p>El cat\u00e1logo de consulta en l\u00ednea re\u00fane las publicaciones impresas y digitales editadas por la Facultad de Ciencias de la Educaci\u00f3n de la UNER. Su prop\u00f3sito es potenciar la visibilidad de la investigaci\u00f3n y la producci\u00f3n acad\u00e9mica, facilitando que el conocimiento circule y sea accesible para toda la comunidad, a la vez que promueve la generaci\u00f3n continua de nuevas producciones.<br \/>\nLa sistematizaci\u00f3n del Cat\u00e1logo est\u00e1 a cargo del <a href=\"https:\/\/www.fcedu.uner.edu.ar\/gestion-editorial\/\">\u00c1rea de Gesti\u00f3n Editorial.<\/a><\/p>\n<p>Coordinaci\u00f3n: Marina Hedrich<br \/>\nEquipo: Gretel Schroeder, Celina Engelberger<\/p>\n<p>Buenos Aires 389, box entrepiso<br \/>\n<a href=\"mailto:gestioneditorial.fcedu@uner.edu.ar\">gestioneditorial.fcedu@uner.edu.ar<\/a><\/p>\n<p>&nbsp;<\/p>\n","protected":false},"excerpt":{"rendered":"<p>El cat\u00e1logo de consulta en l\u00ednea re\u00fane las publicaciones impresas y digitales editadas por la Facultad de Ciencias de la Educaci\u00f3n de la UNER. Su prop\u00f3sito es potenciar&#8230;<\/p>\n","protected":false},"author":1,"featured_media":0,"parent":0,"menu_order":0,"comment_status":"closed","ping_status":"closed","template":"","meta":{"footnotes":""},"_links":{"self":[{"href":"https:\/\/www.fcedu.uner.edu.ar\/catalogo\/wp-json\/wp\/v2\/pages\/810"}],"collection":[{"href":"https:\/\/www.fcedu.uner.edu.ar\/catalogo\/wp-json\/wp\/v2\/pages"}],"about":[{"href":"https:\/\/www.fcedu.uner.edu.ar\/catalogo\/wp-json\/wp\/v2\/types\/page"}],"author":[{"embeddable":true,"href":"https:\/\/www.fcedu.uner.edu.ar\/catalogo\/wp-json\/wp\/v2\/users\/1"}],"replies":[{"embeddable":true,"href":"https:\/\/www.fcedu.uner.edu.ar\/catalogo\/wp-json\/wp\/v2\/comments?post=810"}],"version-history":[{"count":11,"href":"https:\/\/www.fcedu.uner.edu.ar\/catalogo\/wp-json\/wp\/v2\/pages\/810\/revisions"}],"predecessor-version":[{"id":2874,"href":"https:\/\/www.fcedu.uner.edu.ar\/catalogo\/wp-json\/wp\/v2\/pages\/810\/revisions\/2874"}],"wp:attachment":[{"href":"https:\/\/www.fcedu.uner.edu.ar\/catalogo\/wp-json\/wp\/v2\/media?parent=810"}],"curies":[{"name":"wp","href":"https:\/\/api.w.org\/{rel}","templated":true}]}}