{"id":812,"date":"2017-03-22T21:42:45","date_gmt":"2017-03-22T21:42:45","guid":{"rendered":"http:\/\/www.fcedu.uner.edu.ar\/catalogo\/?page_id=812"},"modified":"2017-11-06T17:43:18","modified_gmt":"2017-11-06T17:43:18","slug":"sobre-la-coleccion","status":"publish","type":"page","link":"https:\/\/www.fcedu.uner.edu.ar\/catalogo\/sobre-la-coleccion\/","title":{"rendered":"Sobre la colecci\u00f3n"},"content":{"rendered":"<p>El cat\u00e1logo de consulta on-line se compone de los libros, dossiers y revistas editadas por la Facultad. La colecci\u00f3n que se ofrece en materia de comunicaci\u00f3n y educaci\u00f3n est\u00e1 compuesta por materiales de c\u00e1tedras, productos finales de actividades de estudiantes y piezas de investigaci\u00f3n y an\u00e1lisis hist\u00f3rico y cient\u00edfico. Adem\u00e1s de encontrar publicaciones individuales, existen tres grandes colecciones a\u00fan vigentes: las revisas cient\u00edficas El Cardo y Del Prudente Saber y el M\u00e1ximo Posible de Sabor; y la serie Cuadernos.<\/p>\n","protected":false},"excerpt":{"rendered":"<p>El cat\u00e1logo de consulta on-line se compone de los libros, dossiers y revistas editadas por la Facultad. La colecci\u00f3n que se ofrece en materia de comunicaci\u00f3n y educaci\u00f3n&#8230;<\/p>\n","protected":false},"author":1,"featured_media":0,"parent":0,"menu_order":0,"comment_status":"closed","ping_status":"closed","template":"","meta":{"footnotes":""},"_links":{"self":[{"href":"https:\/\/www.fcedu.uner.edu.ar\/catalogo\/wp-json\/wp\/v2\/pages\/812"}],"collection":[{"href":"https:\/\/www.fcedu.uner.edu.ar\/catalogo\/wp-json\/wp\/v2\/pages"}],"about":[{"href":"https:\/\/www.fcedu.uner.edu.ar\/catalogo\/wp-json\/wp\/v2\/types\/page"}],"author":[{"embeddable":true,"href":"https:\/\/www.fcedu.uner.edu.ar\/catalogo\/wp-json\/wp\/v2\/users\/1"}],"replies":[{"embeddable":true,"href":"https:\/\/www.fcedu.uner.edu.ar\/catalogo\/wp-json\/wp\/v2\/comments?post=812"}],"version-history":[{"count":4,"href":"https:\/\/www.fcedu.uner.edu.ar\/catalogo\/wp-json\/wp\/v2\/pages\/812\/revisions"}],"predecessor-version":[{"id":894,"href":"https:\/\/www.fcedu.uner.edu.ar\/catalogo\/wp-json\/wp\/v2\/pages\/812\/revisions\/894"}],"wp:attachment":[{"href":"https:\/\/www.fcedu.uner.edu.ar\/catalogo\/wp-json\/wp\/v2\/media?parent=812"}],"curies":[{"name":"wp","href":"https:\/\/api.w.org\/{rel}","templated":true}]}}