{"id":21,"date":"2023-02-28T16:06:54","date_gmt":"2023-02-28T15:06:54","guid":{"rendered":"https:\/\/www.fcedu.uner.edu.ar\/encece\/?page_id=21"},"modified":"2023-08-22T11:56:18","modified_gmt":"2023-08-22T14:56:18","slug":"localizacion","status":"publish","type":"page","link":"https:\/\/www.fcedu.uner.edu.ar\/encece\/localizacion\/","title":{"rendered":"LOCALIZACI\u00d3N"},"content":{"rendered":"<hr \/>\n<h4><\/h4>\n<h4 class=\"entry-title\" style=\"text-align: center;\"><strong>Sede del encuentro<\/strong><\/h4>\n<p>&nbsp;<\/p>\n<div class=\"entry-content\">\n<h4 class=\"wp-block-heading\"><strong>\ud83d\udccdFacultad de Ciencias de la Educaci\u00f3n \u2013 Universidad Nacional de Entre R\u00edos<\/strong><\/h4>\n<p data-adtags-visited=\"true\">Alameda de la Federaci\u00f3n 106 (sede administrativa) \/ Buenos Aires 389, Paran\u00e1 \u2013 Argentina<\/p>\n<p data-adtags-visited=\"true\">\n<\/div>\n<h5 data-adtags-visited=\"true\"><strong>C\u00f3mo llegar:<\/strong><\/h5>\n<ul>\n<li><span class=\"feature_attr\"><strong>L\u00edneas de colectivos<\/strong>\u00a0<strong>desde la Terminal:<\/strong>\u00a015<\/span><\/li>\n<li><strong>Cooperativa de Radio Taxis de Paran\u00e1 24hs:<\/strong> WhatsApp 3434055055<\/li>\n<\/ul>\n<h5 data-adtags-visited=\"true\"><strong>Informaci\u00f3n \u00fatil:<\/strong><\/h5>\n<p data-adtags-visited=\"true\"><strong>Hoteles:<\/strong><\/p>\n<p data-adtags-visited=\"true\"><a href=\"https:\/\/www.wyndhamhotels.com\/es-xl\/hojo\/parana-argentina\/howard-johnson-plaza-hotel-mayorazgo\/overview?CID=LC:HJ::GGL:RIO:National:19487&amp;iata=00093796\" target=\"_blank\" rel=\"noreferrer noopener\">Howard Johnson Mayorazgo<\/a>\u00a0\u2013 Avenida Luis Etchevehere y Francisco de Miranda 331 (0343) 4206800<\/p>\n<p data-adtags-visited=\"true\"><a href=\"http:\/\/maran.com.ar\/\">Maran Suites &amp; Towers<\/a>: Alameda de la Federaci\u00f3n y Mitre \u2013 (0343) 4235444<br \/>\n<a href=\"http:\/\/www.sanjorgeparana.com\/\">Hotel San Jorge<\/a>\u00a0\u2013 Belgrano 368 \u2013 (0343) 4221685<br \/>\n<a href=\"http:\/\/www.hotel-provincial.com\/\">Hotel Provincial<\/a>\u00a0\u2013 Villaguay 162 \u2013 (0343) 4235619<br \/>\n<a href=\"http:\/\/hotelesparana.com\/gran-hotel-parana\/es\/index.php\">Gran Hotel Paran\u00e1<\/a> \u2013 Urquiza 976 \u2013 (0343) 4223900<\/p>\n<p data-adtags-visited=\"true\"><a href=\"http:\/\/hotelcoevera.com.ar\/\" target=\"_blank\" rel=\"noreferrer noopener\">Hotel Co\u00e9 Ver<\/a>\u00e1 \u2013 Av. Almafuerte 890 \u2013 (0343) 4240365<\/p>\n<p><strong>Apart Hotel:<\/strong><\/p>\n<p data-adtags-visited=\"true\"><a href=\"https:\/\/elpuertoapart.inn.fan\/\" target=\"_blank\" rel=\"noreferrer noopener\">El Puerto<\/a>\u00a0\u2013 Mart\u00edn Miguel de G\u00fcemes 1396<\/p>\n<p data-adtags-visited=\"true\"><a href=\"https:\/\/www.facebook.com\/AlquileresTemporalesParana\/\" target=\"_blank\" rel=\"noreferrer noopener\">Frente al r\u00edo<\/a>\u00a0\u2013 Laurencena 323 \u2013 (0343) 155191191<\/p>\n<p data-adtags-visited=\"true\"><strong>Hostels:<\/strong><\/p>\n<p data-adtags-visited=\"true\"><a href=\"http:\/\/www.lasmagnoliashostel.com.ar\/\" target=\"_blank\" rel=\"noreferrer noopener\">Hostel Las Magnolias<\/a>\u00a0\u2013 Ferr\u00e9 236 \u2013 (0343) 407 3087<br \/>\n<a href=\"https:\/\/www.instagram.com\/paranaarthostel\/?hl=es\">Paran\u00e1 Art Hostel<\/a>\u00a0\u2013 Rosario del Tala 243 \u2013 (0343) 4315597<br \/>\n<a href=\"http:\/\/www.hostelbuenavista.com.ar\/\">Hostel Buena Vista<\/a>\u00a0\u2013 Mitre 449 \u2013 (0343) 155 011404<br \/>\n<a href=\"http:\/\/www.hostelbarrancas.com\/\">Hostel Barrancas<\/a>\u00a0\u2013 Velez Sarsfield 756 \u2013 (0343) 422 4151<\/p>\n<p data-adtags-visited=\"true\"><a href=\"https:\/\/www.facebook.com\/bardot.hostel\/\">Hostel Bardot<\/a> &#8211; Montecaseros 578 &#8211; (0343) 155434237<\/p>\n<hr \/>\n<h4 style=\"text-align: center;\" data-adtags-visited=\"true\"><a href=\"https:\/\/www.fcedu.uner.edu.ar\/encece\/wp-content\/uploads\/2023\/08\/Alojamiento-en-Parana\u0301.pdf\"><strong>M\u00e1s informaci\u00f3n<\/strong><\/a><\/h4>\n<hr \/>\n<p><strong>Restaurantes:<\/strong><\/p>\n<p>Las Vegas<\/p>\n<p>Nicassia soho<\/p>\n<p>Live Rock<\/p>\n<p>Flamingo<\/p>\n<p>La Fourchette<\/p>\n<p>Justo rest\u00f3<\/p>\n<p>&nbsp;<\/p>\n<p><strong>Caf\u00e9s y bares:<\/strong><\/p>\n<p>Lapan<\/p>\n<p>Caf\u00e9 Mart\u00ednez<\/p>\n<p>Social Caf\u00e9<\/p>\n<p>Bonafide<\/p>\n<p>Havanna<\/p>\n<p>Shay<\/p>\n<p>Caf\u00e9 S\u00e1enz Pe\u00f1a<\/p>\n<p>YPF Full<\/p>\n<p>Rivadavia caf\u00e9<\/p>\n<p>Caf\u00e9 Brusselas<\/p>\n<p>Pe\u00f1\u00f3n del \u00c1guila<\/p>\n<p>Pasaje 508<\/p>\n<p>Las Piedras<\/p>\n<p>R\u00edo Nuevo (comida oriental)<\/p>\n<p>Chapa chapa (comida oriental)<\/p>\n<p>Russell beer pub<\/p>\n<p>Brooklyn<\/p>\n<p>Tres Pintas birrer\u00eda<\/p>\n<p>&nbsp;<\/p>\n<p><strong>Librer\u00edas:<\/strong><\/p>\n<p>Del Ateneo<\/p>\n<p>Vaporeso<\/p>\n<p>Kl\u00e1xika<\/p>\n<p>C\u00f3dice<\/p>\n<p>Yenny \u2013 Ateneo<\/p>\n<p>&nbsp;<\/p>\n<p><strong>Otra Informaci\u00f3n de Inter\u00e9s:<\/strong><\/p>\n<p><a href=\"https:\/\/paranaturismo.com.ar\/\" target=\"_blank\" rel=\"noreferrer noopener\">Turismo Paran\u00e1<\/a><\/p>\n<p><a href=\"https:\/\/www.facebook.com\/paranaculturaok\" target=\"_blank\" rel=\"noreferrer noopener\">Cultura Paran\u00e1<\/a><\/p>\n<p>&nbsp;<\/p>\n<header class=\"entry-header\">\n<div class=\"entry-header-wrapper\">\n<h4><\/h4>\n<hr \/>\n<h4><img loading=\"lazy\" decoding=\"async\" class=\"alignnone wp-image-408\" src=\"https:\/\/www.fcedu.uner.edu.ar\/encece\/wp-content\/uploads\/2023\/08\/parana-1-1-1-300x164.jpg\" alt=\"\" width=\"138\" height=\"75\" srcset=\"https:\/\/www.fcedu.uner.edu.ar\/encece\/wp-content\/uploads\/2023\/08\/parana-1-1-1-300x164.jpg 300w, https:\/\/www.fcedu.uner.edu.ar\/encece\/wp-content\/uploads\/2023\/08\/parana-1-1-1-1024x558.jpg 1024w, https:\/\/www.fcedu.uner.edu.ar\/encece\/wp-content\/uploads\/2023\/08\/parana-1-1-1-768x419.jpg 768w, https:\/\/www.fcedu.uner.edu.ar\/encece\/wp-content\/uploads\/2023\/08\/parana-1-1-1-710x387.jpg 710w, https:\/\/www.fcedu.uner.edu.ar\/encece\/wp-content\/uploads\/2023\/08\/parana-1-1-1.jpg 1102w\" sizes=\"(max-width: 138px) 100vw, 138px\" \/><img loading=\"lazy\" decoding=\"async\" class=\"wp-image-407 alignright\" src=\"https:\/\/www.fcedu.uner.edu.ar\/encece\/wp-content\/uploads\/2023\/08\/empatur-2-1-300x240.jpg\" alt=\"\" width=\"108\" height=\"86\" srcset=\"https:\/\/www.fcedu.uner.edu.ar\/encece\/wp-content\/uploads\/2023\/08\/empatur-2-1-300x240.jpg 300w, https:\/\/www.fcedu.uner.edu.ar\/encece\/wp-content\/uploads\/2023\/08\/empatur-2-1-1024x818.jpg 1024w, https:\/\/www.fcedu.uner.edu.ar\/encece\/wp-content\/uploads\/2023\/08\/empatur-2-1-768x614.jpg 768w, https:\/\/www.fcedu.uner.edu.ar\/encece\/wp-content\/uploads\/2023\/08\/empatur-2-1-1536x1227.jpg 1536w, https:\/\/www.fcedu.uner.edu.ar\/encece\/wp-content\/uploads\/2023\/08\/empatur-2-1-2048x1636.jpg 2048w, https:\/\/www.fcedu.uner.edu.ar\/encece\/wp-content\/uploads\/2023\/08\/empatur-2-1-710x567.jpg 710w\" sizes=\"(max-width: 108px) 100vw, 108px\" \/><\/h4>\n<\/div>\n<\/header>\n","protected":false},"excerpt":{"rendered":"<p>Sede del encuentro &nbsp; \ud83d\udccdFacultad de Ciencias de la Educaci\u00f3n \u2013 Universidad Nacional de Entre R\u00edos Alameda de la Federaci\u00f3n 106 (sede administrativa) \/ Buenos Aires 389, Paran\u00e1 \u2013 Argentina&nbsp;[ &hellip; ]<\/p>\n","protected":false},"author":1,"featured_media":0,"parent":0,"menu_order":0,"comment_status":"closed","ping_status":"closed","template":"","meta":{"footnotes":""},"_links":{"self":[{"href":"https:\/\/www.fcedu.uner.edu.ar\/encece\/wp-json\/wp\/v2\/pages\/21"}],"collection":[{"href":"https:\/\/www.fcedu.uner.edu.ar\/encece\/wp-json\/wp\/v2\/pages"}],"about":[{"href":"https:\/\/www.fcedu.uner.edu.ar\/encece\/wp-json\/wp\/v2\/types\/page"}],"author":[{"embeddable":true,"href":"https:\/\/www.fcedu.uner.edu.ar\/encece\/wp-json\/wp\/v2\/users\/1"}],"replies":[{"embeddable":true,"href":"https:\/\/www.fcedu.uner.edu.ar\/encece\/wp-json\/wp\/v2\/comments?post=21"}],"version-history":[{"count":10,"href":"https:\/\/www.fcedu.uner.edu.ar\/encece\/wp-json\/wp\/v2\/pages\/21\/revisions"}],"predecessor-version":[{"id":417,"href":"https:\/\/www.fcedu.uner.edu.ar\/encece\/wp-json\/wp\/v2\/pages\/21\/revisions\/417"}],"wp:attachment":[{"href":"https:\/\/www.fcedu.uner.edu.ar\/encece\/wp-json\/wp\/v2\/media?parent=21"}],"curies":[{"name":"wp","href":"https:\/\/api.w.org\/{rel}","templated":true}]}}