{"id":461,"date":"2023-09-19T10:18:19","date_gmt":"2023-09-19T13:18:19","guid":{"rendered":"https:\/\/www.fcedu.uner.edu.ar\/encece\/?page_id=461"},"modified":"2023-09-22T09:47:08","modified_gmt":"2023-09-22T12:47:08","slug":"declaracion-del-xvi-encece","status":"publish","type":"page","link":"https:\/\/www.fcedu.uner.edu.ar\/encece\/xvi-encece-parana\/declaracion-del-xvi-encece\/","title":{"rendered":"Declaraci\u00f3n del XVI ENCECE"},"content":{"rendered":"<hr \/>\n<p><img loading=\"lazy\" decoding=\"async\" class=\"alignnone wp-image-682\" src=\"https:\/\/www.fcedu.uner.edu.ar\/encece\/wp-content\/uploads\/2023\/09\/Red-de-coordinadores-ENCECE-300x199.jpg\" alt=\"\" width=\"831\" height=\"551\" srcset=\"https:\/\/www.fcedu.uner.edu.ar\/encece\/wp-content\/uploads\/2023\/09\/Red-de-coordinadores-ENCECE-300x199.jpg 300w, https:\/\/www.fcedu.uner.edu.ar\/encece\/wp-content\/uploads\/2023\/09\/Red-de-coordinadores-ENCECE-1024x679.jpg 1024w, https:\/\/www.fcedu.uner.edu.ar\/encece\/wp-content\/uploads\/2023\/09\/Red-de-coordinadores-ENCECE-768x509.jpg 768w, https:\/\/www.fcedu.uner.edu.ar\/encece\/wp-content\/uploads\/2023\/09\/Red-de-coordinadores-ENCECE-270x180.jpg 270w, https:\/\/www.fcedu.uner.edu.ar\/encece\/wp-content\/uploads\/2023\/09\/Red-de-coordinadores-ENCECE-710x471.jpg 710w, https:\/\/www.fcedu.uner.edu.ar\/encece\/wp-content\/uploads\/2023\/09\/Red-de-coordinadores-ENCECE.jpg 1278w\" sizes=\"(max-width: 831px) 100vw, 831px\" \/><\/p>\n<hr \/>\n<p>Directores\/as, coordinadores\/as, docentes de Ciencias de la Educaci\u00f3n del pa\u00eds, reunidos en el XVI Encuentro Nacional de Carreras de Educaci\u00f3n y Ciencias de la Educaci\u00f3n de las Universidades Nacionales (ENCECE) realizado los d\u00edas 14 y 15 de septiembre de 2023, DECLARAMOS que:<\/p>\n<p>Entendemos las instituciones p\u00fablicas como espacio de encuentro y construcci\u00f3n colectiva de \u201clo social\u201d y reconocemos problemas en la educaci\u00f3n y el sistema educativo. Su abordaje debe hacerse sin mesianismos, atajos o recetas m\u00e1gicas. Las instituciones educativas y las agencias de investigaci\u00f3n cient\u00edfica estatales producen conocimiento y pol\u00edticas de forma sistem\u00e1tica asumiendo el contexto de complejidad de la realidad social y educativa. Integramos estas instituciones y ponemos nuestro trabajo diario al servicio de una sociedad mejor para todos, todas y todes.<\/p>\n<p>Consideramos a la educaci\u00f3n p\u00fablica piedra angular del Estado Federal de Derecho y al sistema educativo como herramienta fundamental de socializaci\u00f3n. Los derechos que hoy defendemos se cristalizan en el Estado y son la resultante de un largo proceso hist\u00f3rico de conquistas sociales que debe trascender las atribuciones de \u201cUN\u201d gobierno. Reivindicamos los acuerdos sociales que conforman el consenso democr\u00e1tico luego de la \u00faltima Dictadura c\u00edvico militar.<\/p>\n<p>Tambi\u00e9n queremos expresar que ante el documento publicado recientemente por el CIN, que plantea 7 puntos acordados para modificar algunos aspectos de la educaci\u00f3n superior, pensamos que los mismos ameritan un debate y an\u00e1lisis profundo. Asumimos el compromiso de hacerlo en el marco de la red y los colectivos de los cuales participamos.<\/p>\n<p>Refrendamos todos los d\u00edas con nuestro trabajo el compromiso con la educaci\u00f3n p\u00fablica, gratuita, federal y de calidad y lo seguiremos haciendo en direcci\u00f3n hacia una sociedad m\u00e1s justa, igualitaria e inclusiva. Es el espacio p\u00fablico, nuestro espacio com\u00fan como sociedad. Es el lugar donde todos, todas y todes nos encontramos en las diversidades y donde aprendemos que el otro es tan valioso\u00a0como\u00a0uno\u00a0mismo.<\/p>\n<hr \/>\n<h4 style=\"text-align: center\"><a href=\"https:\/\/www.fcedu.uner.edu.ar\/encece\/xvi-encece-parana\/galeria-de-fotos-del-xvi-encece-parana\/\"><strong>Galer\u00eda de fotos<\/strong><\/a><\/h4>\n","protected":false},"excerpt":{"rendered":"<p>Directores\/as, coordinadores\/as, docentes de Ciencias de la Educaci\u00f3n del pa\u00eds, reunidos en el XVI Encuentro Nacional de Carreras de Educaci\u00f3n y Ciencias de la Educaci\u00f3n de las Universidades Nacionales (ENCECE)&nbsp;[ &hellip; ]<\/p>\n","protected":false},"author":1001027,"featured_media":462,"parent":94,"menu_order":0,"comment_status":"closed","ping_status":"closed","template":"","meta":{"footnotes":""},"_links":{"self":[{"href":"https:\/\/www.fcedu.uner.edu.ar\/encece\/wp-json\/wp\/v2\/pages\/461"}],"collection":[{"href":"https:\/\/www.fcedu.uner.edu.ar\/encece\/wp-json\/wp\/v2\/pages"}],"about":[{"href":"https:\/\/www.fcedu.uner.edu.ar\/encece\/wp-json\/wp\/v2\/types\/page"}],"author":[{"embeddable":true,"href":"https:\/\/www.fcedu.uner.edu.ar\/encece\/wp-json\/wp\/v2\/users\/1001027"}],"replies":[{"embeddable":true,"href":"https:\/\/www.fcedu.uner.edu.ar\/encece\/wp-json\/wp\/v2\/comments?post=461"}],"version-history":[{"count":5,"href":"https:\/\/www.fcedu.uner.edu.ar\/encece\/wp-json\/wp\/v2\/pages\/461\/revisions"}],"predecessor-version":[{"id":684,"href":"https:\/\/www.fcedu.uner.edu.ar\/encece\/wp-json\/wp\/v2\/pages\/461\/revisions\/684"}],"up":[{"embeddable":true,"href":"https:\/\/www.fcedu.uner.edu.ar\/encece\/wp-json\/wp\/v2\/pages\/94"}],"wp:featuredmedia":[{"embeddable":true,"href":"https:\/\/www.fcedu.uner.edu.ar\/encece\/wp-json\/wp\/v2\/media\/462"}],"wp:attachment":[{"href":"https:\/\/www.fcedu.uner.edu.ar\/encece\/wp-json\/wp\/v2\/media?parent=461"}],"curies":[{"name":"wp","href":"https:\/\/api.w.org\/{rel}","templated":true}]}}