{"id":94,"date":"2023-03-13T10:04:52","date_gmt":"2023-03-13T13:04:52","guid":{"rendered":"https:\/\/www.fcedu.uner.edu.ar\/encece\/?page_id=94"},"modified":"2023-08-08T14:50:03","modified_gmt":"2023-08-08T17:50:03","slug":"xvi-encece-parana","status":"publish","type":"page","link":"https:\/\/www.fcedu.uner.edu.ar\/encece\/xvi-encece-parana\/","title":{"rendered":"XVI ENCECE &#8211; Paran\u00e1"},"content":{"rendered":"<header class=\"entry-header\">\n<h1 class=\"entry-title\"><strong style=\"font-size: 16px\"><img loading=\"lazy\" decoding=\"async\" class=\"aligncenter wp-image-102 size-large\" src=\"https:\/\/www.fcedu.uner.edu.ar\/encece\/wp-content\/uploads\/2023\/03\/header-encece-1024x320.png\" alt=\"\" width=\"1024\" height=\"320\" srcset=\"https:\/\/www.fcedu.uner.edu.ar\/encece\/wp-content\/uploads\/2023\/03\/header-encece-1024x320.png 1024w, https:\/\/www.fcedu.uner.edu.ar\/encece\/wp-content\/uploads\/2023\/03\/header-encece-300x94.png 300w, https:\/\/www.fcedu.uner.edu.ar\/encece\/wp-content\/uploads\/2023\/03\/header-encece-768x240.png 768w, https:\/\/www.fcedu.uner.edu.ar\/encece\/wp-content\/uploads\/2023\/03\/header-encece-1536x480.png 1536w, https:\/\/www.fcedu.uner.edu.ar\/encece\/wp-content\/uploads\/2023\/03\/header-encece-710x222.png 710w, https:\/\/www.fcedu.uner.edu.ar\/encece\/wp-content\/uploads\/2023\/03\/header-encece.png 1920w\" sizes=\"(max-width: 1024px) 100vw, 1024px\" \/><br \/>\nLo p\u00fablico, lo pol\u00edtico, la formaci\u00f3n: aportes para pensar la educaci\u00f3n | <\/strong><strong style=\"font-size: 16px\">14 y 15 de septiembre | <\/strong><strong style=\"font-size: 16px\">Facultad de Ciencias de la Educaci\u00f3n UNER<\/strong><\/h1>\n<\/header>\n<div class=\"entry-content\">\n<p class=\"_04xlpA direction-ltr align-justify para-style-body\"><span class=\"S1PPyQ\">La Facultad de Ciencias de la Educaci\u00f3n de la Universidad Nacional de Entre R\u00edos (UNER) ser\u00e1 sede del XVI Encuentro Nacional de Carreras de Educaci\u00f3n y Ciencias de la Educaci\u00f3n de las Universidades Nacionales, los d\u00edas 14 y 15 de septiembre de 2023, en la ciudad de Paran\u00e1.<\/span><\/p>\n<p class=\"_04xlpA direction-ltr align-justify para-style-body\"><span class=\"S1PPyQ\">En este marco se renueva el desaf\u00edo particular que asumen estos encuentros de carrera que, en l\u00edneas generales, consisten en abrir un espacio de intercambios donde estudiantes, graduades y docentes comparten preocupaciones, enfoques, lecturas, investigaciones, experiencias y producciones promovidas en las carreras de Educaci\u00f3n y Ciencias de la Educaci\u00f3n, atendiendo a las particularidades de cada una de ellas, de las distintas universidades nacionales del pa\u00eds as\u00ed como en los \u00e1mbitos de inserci\u00f3n laboral y profesional.<\/span><\/p>\n<p class=\"_04xlpA direction-ltr align-justify para-style-body\"><span class=\"S1PPyQ\">En esta edici\u00f3n se reanudar\u00e1n los debates y las reflexiones acerca de la educaci\u00f3n, sus desaf\u00edos y encrucijadas en los distintos niveles y modalidades, tanto del \u00e1mbito formal como no formal, recuperando para ello los aportes te\u00f3ricos y pr\u00e1cticos que brindan las distintas instancias formativas y experiencias, para imaginar y proyectar otros modos posibles.<\/span><\/p>\n<p class=\"_04xlpA direction-ltr align-justify para-style-body\"><span class=\"S1PPyQ\">Los intercambios que viabiliza el encuentro colaboran en el fortalecimiento de los lazos entre las carreras, sumamente necesarios en estos tiempos tensionados por los efectos de las pol\u00edticas neoliberales, el avance de las l\u00f3gicas del mercado en educaci\u00f3n, las reconfiguraciones sociales y culturales, los desaf\u00edos y problemas para la educaci\u00f3n que trajo la pandemia por Covid-19, entre otros.<\/span><\/p>\n<p class=\"_04xlpA direction-ltr align-justify para-style-body\"><span class=\"S1PPyQ\">Por ello, con la intenci\u00f3n de potenciar esa participaci\u00f3n de estudiantes, graduades y docentes en las modalidades que el encuentro prev\u00e9 (seminarios, foros y mesas de trabajo), se invita a la realizaci\u00f3n de pre-encuentros de carrera con modalidad virtual, gestionados desde las coordinaciones de carrera de las distintas unidades acad\u00e9micas durante los meses de abril, mayo y junio. <\/span><\/p>\n<p><span class=\"S1PPyQ\">Para la Facultad de Ciencias de la Educaci\u00f3n el encuentro constituir\u00e1 un motivo de varias celebraciones, puesto que adem\u00e1s de tener la alegr\u00eda de recibir a miembros de otras universidades, lo har\u00e1 en el marco de la conmemoraci\u00f3n del 50 aniversario de la creaci\u00f3n de nuestra Universidad y del 40 aniversario de la restauraci\u00f3n democr\u00e1tica en nuestro pa\u00eds.<\/span><\/p>\n<h6><strong>Coordinaci\u00f3n general: Directores y Coordinadores de carreras de Educaci\u00f3n y Ciencias de la Educaci\u00f3n de Universidades Nacionales.<\/strong><\/h6>\n<h6 class=\"_04xlpA direction-ltr align-justify para-style-body\"><span class=\"S1PPyQ\">Destinatarios:<\/span><span class=\"S1PPyQ\"> Estudiantes, graduades y docentes de las carreras de Ciencias de la Educaci\u00f3n y Educaci\u00f3n de Universidades Nacionales.<\/span><\/h6>\n<p>&nbsp;<\/p>\n<h4><strong><a href=\"https:\/\/www.fcedu.uner.edu.ar\/encece\/wp-content\/uploads\/2023\/03\/CIRCULAR-ENCECE.pdf\">\u2193 Descargar 1\u00ba circular<\/a><\/strong><\/h4>\n<h4><a href=\"https:\/\/www.fcedu.uner.edu.ar\/encece\/wp-content\/uploads\/2023\/05\/SEGUNDA-CIRCULAR-ENCECE-1.pdf\"><strong>\u2193 Descargar 2\u00b0 circular<\/strong><\/a><\/h4>\n<h4><a href=\"https:\/\/www.fcedu.uner.edu.ar\/encece\/2023\/08\/01\/tercera-circular\/\">\u2193 Descargar 3\u00b0 circular<\/a><\/h4>\n<\/div>\n","protected":false},"excerpt":{"rendered":"<p>Lo p\u00fablico, lo pol\u00edtico, la formaci\u00f3n: aportes para pensar la educaci\u00f3n | 14 y 15 de septiembre | Facultad de Ciencias de la Educaci\u00f3n UNER La Facultad de Ciencias de&nbsp;[ &hellip; ]<\/p>\n","protected":false},"author":1,"featured_media":0,"parent":0,"menu_order":0,"comment_status":"closed","ping_status":"closed","template":"","meta":{"footnotes":""},"_links":{"self":[{"href":"https:\/\/www.fcedu.uner.edu.ar\/encece\/wp-json\/wp\/v2\/pages\/94"}],"collection":[{"href":"https:\/\/www.fcedu.uner.edu.ar\/encece\/wp-json\/wp\/v2\/pages"}],"about":[{"href":"https:\/\/www.fcedu.uner.edu.ar\/encece\/wp-json\/wp\/v2\/types\/page"}],"author":[{"embeddable":true,"href":"https:\/\/www.fcedu.uner.edu.ar\/encece\/wp-json\/wp\/v2\/users\/1"}],"replies":[{"embeddable":true,"href":"https:\/\/www.fcedu.uner.edu.ar\/encece\/wp-json\/wp\/v2\/comments?post=94"}],"version-history":[{"count":13,"href":"https:\/\/www.fcedu.uner.edu.ar\/encece\/wp-json\/wp\/v2\/pages\/94\/revisions"}],"predecessor-version":[{"id":388,"href":"https:\/\/www.fcedu.uner.edu.ar\/encece\/wp-json\/wp\/v2\/pages\/94\/revisions\/388"}],"wp:attachment":[{"href":"https:\/\/www.fcedu.uner.edu.ar\/encece\/wp-json\/wp\/v2\/media?parent=94"}],"curies":[{"name":"wp","href":"https:\/\/api.w.org\/{rel}","templated":true}]}}