{"id":23,"date":"2022-08-22T16:22:29","date_gmt":"2022-08-22T16:22:29","guid":{"rendered":"https:\/\/www.fcedu.uner.edu.ar\/graficacepce\/?page_id=23"},"modified":"2025-05-12T11:57:10","modified_gmt":"2025-05-12T14:57:10","slug":"quienes-somos","status":"publish","type":"page","link":"https:\/\/www.fcedu.uner.edu.ar\/graficacepce\/quienes-somos\/","title":{"rendered":"Qui\u00e9nes somos"},"content":{"rendered":"<h6><strong>Equipo de trabajo<\/strong><\/h6>\n<p>Mg. Regina Kuchen (coordinadora)<\/p>\n<p>Prof. A. Fortunato Galizzi<\/p>\n<p>LDCV Mar\u00eda Lucrecia Grubert<\/p>\n<p>DGCV Mar\u00eda Florencia Hern\u00e1ndez Ross<\/p>\n<h6><\/h6>\n<h6>Centro de Producci\u00f3n en Comunicaci\u00f3n y Educaci\u00f3n<\/h6>\n<h6>Alameda de la Federaci\u00f3n 105 \u2013 Primer piso<\/h6>\n<h6>Tel: 0343 4222033 interno 52<\/h6>\n<p>areagrafica.fcedu@uner.edu.ar<\/p>\n","protected":false},"excerpt":{"rendered":"<p>Equipo de trabajo Mg. Regina Kuchen (coordinadora) Prof. A. Fortunato Galizzi LDCV Mar\u00eda Lucrecia Grubert DGCV Mar\u00eda Florencia Hern\u00e1ndez Ross Centro de Producci\u00f3n en Comunicaci\u00f3n y Educaci\u00f3n Alameda&#8230;<\/p>\n","protected":false},"author":1,"featured_media":0,"parent":0,"menu_order":0,"comment_status":"closed","ping_status":"closed","template":"","meta":{"footnotes":""},"class_list":["post-23","page","type-page","status-publish","hentry"],"_links":{"self":[{"href":"https:\/\/www.fcedu.uner.edu.ar\/graficacepce\/wp-json\/wp\/v2\/pages\/23","targetHints":{"allow":["GET"]}}],"collection":[{"href":"https:\/\/www.fcedu.uner.edu.ar\/graficacepce\/wp-json\/wp\/v2\/pages"}],"about":[{"href":"https:\/\/www.fcedu.uner.edu.ar\/graficacepce\/wp-json\/wp\/v2\/types\/page"}],"author":[{"embeddable":true,"href":"https:\/\/www.fcedu.uner.edu.ar\/graficacepce\/wp-json\/wp\/v2\/users\/1"}],"replies":[{"embeddable":true,"href":"https:\/\/www.fcedu.uner.edu.ar\/graficacepce\/wp-json\/wp\/v2\/comments?post=23"}],"version-history":[{"count":6,"href":"https:\/\/www.fcedu.uner.edu.ar\/graficacepce\/wp-json\/wp\/v2\/pages\/23\/revisions"}],"predecessor-version":[{"id":2681,"href":"https:\/\/www.fcedu.uner.edu.ar\/graficacepce\/wp-json\/wp\/v2\/pages\/23\/revisions\/2681"}],"wp:attachment":[{"href":"https:\/\/www.fcedu.uner.edu.ar\/graficacepce\/wp-json\/wp\/v2\/media?parent=23"}],"curies":[{"name":"wp","href":"https:\/\/api.w.org\/{rel}","templated":true}]}}