{"id":25,"date":"2021-08-17T13:20:25","date_gmt":"2021-08-17T16:20:25","guid":{"rendered":"https:\/\/www.fcedu.uner.edu.ar\/ingreso\/?page_id=25"},"modified":"2022-05-03T12:11:46","modified_gmt":"2022-05-03T15:11:46","slug":"cseducacion","status":"publish","type":"page","link":"https:\/\/www.fcedu.uner.edu.ar\/ingreso\/cseducacion\/","title":{"rendered":"Licenciatura en Ciencias de la Educaci\u00f3n"},"content":{"rendered":"\r\n<p><span style=\"color: #333333;\">La <strong>Licenciatura en Ciencias de la Educaci\u00f3n<\/strong> es una carrera presencial con dos posibles orientaciones: Pol\u00edtica y Gobierno de la Educaci\u00f3n o Comunicaci\u00f3n, Lenguajes y Medios. Ambas permiten intervenir en la pol\u00edtica educativa y en el dise\u00f1o de proyectos, materiales y actividades, aunque en el primer caso la mirada est\u00e1 puesta en las definiciones pol\u00edticas de la educaci\u00f3n y en el segundo, el acento est\u00e1 en lo comunicacional. Las dos orientaciones abren a la investigaci\u00f3n y el trabajo en equipos de desarrollo educativo as\u00ed como posibilitan la docencia.<\/span><\/p>\r\n<p><span style=\"color: #333333;\">\r\n\r\n<\/span><\/p>\r\n<h6><span style=\"color: #333333;\"><strong>Duraci\u00f3n: 5 a\u00f1os<\/strong><\/span><\/h6>\r\n<p><span style=\"color: #333333;\"><\/span><\/p>\r\n<p><span style=\"color: #333333;\"><strong>PLAN DE ESTUDIOS<\/strong><\/span><\/p>\r\n<p><span style=\"color: #333333;\">\r\n\r\n<\/span><\/p>\r\n<p><span style=\"color: #333333;\"><strong>Primer a\u00f1o<\/strong><\/span><\/p>\r\n<ol>\r\n<li><span style=\"color: #333333;\">Psicolog\u00eda de la educaci\u00f3n<\/span><\/li>\r\n<li><span style=\"color: #333333;\">Historia del pensamiento<\/span><\/li>\r\n<li><span style=\"color: #333333;\">Problem\u00e1tica educativa<\/span><\/li>\r\n<li><span style=\"color: #333333;\">Idioma extranjero I: Ingl\u00e9s o Franc\u00e9s<\/span><\/li>\r\n<li><span style=\"color: #333333;\">Conocimiento de la realidad socio-hist\u00f3rica y pol\u00edtica<\/span><\/li>\r\n<li><span style=\"color: #333333;\">Introducci\u00f3n al trabajo intelectual<\/span><\/li>\r\n<li><span style=\"color: #333333;\">Problemas biopsicol\u00f3gicos en educaci\u00f3n<\/span><\/li>\r\n<li><span style=\"color: #333333;\">Problem\u00e1tica filos\u00f3fica<\/span><\/li>\r\n<\/ol>\r\n<p><span style=\"color: #333333;\"><strong>Segundo a\u00f1o<\/strong><\/span><\/p>\r\n<ol>\r\n<li><span style=\"color: #333333;\">Psicolog\u00eda del desarrollo<\/span><\/li>\r\n<li><span style=\"color: #333333;\">Problem\u00e1tica sociol\u00f3gica<\/span><\/li>\r\n<li><span style=\"color: #333333;\">Historia de la educaci\u00f3n<\/span><\/li>\r\n<li><span style=\"color: #333333;\">Historia de los sistemas filos\u00f3ficos<\/span><\/li>\r\n<li><span style=\"color: #333333;\">Idioma extranjero II: Ingl\u00e9s o Franc\u00e9s<\/span><\/li>\r\n<li><span style=\"color: #333333;\">Did\u00e1ctica I<\/span><\/li>\r\n<li><span style=\"color: #333333;\">Espacio de relaciones interinstitucionales I: Sujetos y escuela. Relaciones de conocimiento, transmisi\u00f3n y ense\u00f1anza.<\/span><\/li>\r\n<\/ol>\r\n<p><span style=\"color: #333333;\"><strong>Tercer a\u00f1o<\/strong><\/span><\/p>\r\n<ol>\r\n<li><span style=\"color: #333333;\">Sociolog\u00eda de la educaci\u00f3n<\/span><\/li>\r\n<li><span style=\"color: #333333;\">Historia social de la educaci\u00f3n Argentina<\/span><\/li>\r\n<li><span style=\"color: #333333;\">Investigaci\u00f3n en educaci\u00f3n I<\/span><\/li>\r\n<li><span style=\"color: #333333;\">Did\u00e1ctica II<\/span><\/li>\r\n<li><span style=\"color: #333333;\">Epistemolog\u00eda<\/span><\/li>\r\n<li><span style=\"color: #333333;\">Psicoan\u00e1lisis y educaci\u00f3n<\/span><\/li>\r\n<li><span style=\"color: #333333;\">Educaci\u00f3n No Formal<\/span><\/li>\r\n<\/ol>\r\n<p><span style=\"color: #333333;\"><strong>Cuarto a\u00f1o<\/strong><\/span><\/p>\r\n<p><span style=\"color: #333333;\"><strong>Tronco com\u00fan<\/strong><\/span><\/p>\r\n<p><span style=\"color: #333333;\">\r\n\r\n<\/span><\/p>\r\n<ol>\r\n<li><span style=\"color: #333333;\">Pol\u00edtica de la educaci\u00f3n<\/span><\/li>\r\n<li><span style=\"color: #333333;\">Investigaci\u00f3n en educaci\u00f3n II<\/span><\/li>\r\n<li><span style=\"color: #333333;\">Filosof\u00eda de la educaci\u00f3n<\/span><\/li>\r\n<li><span style=\"color: #333333;\">Evaluaci\u00f3n educativa<\/span><\/li>\r\n<li><span style=\"color: #333333;\">Espacio de reflexividad pedag\u00f3gica entre disciplinas I<\/span><\/li>\r\n<\/ol>\r\n<p><span style=\"color: #333333;\">\r\n\r\n<\/span><\/p>\r\n<p><span style=\"color: #333333;\"><strong>Orientaci\u00f3n Pol\u00edtica y Gobierno de la educaci\u00f3n<\/strong><\/span><\/p>\r\n<p><span style=\"color: #333333;\">\r\n\r\n<\/span><\/p>\r\n<ol>\r\n<li><span style=\"color: #333333;\">Gobierno y organizaci\u00f3n de sistemas e instituciones educativas<\/span><\/li>\r\n<li><span style=\"color: #333333;\">Econom\u00eda pol\u00edtica y educaci\u00f3n<\/span><\/li>\r\n<\/ol>\r\n<p><span style=\"color: #333333;\">\r\n\r\n<\/span><\/p>\r\n<p><span style=\"color: #333333;\"><strong>Orientaci\u00f3n Comunicaci\u00f3n, Lenguajes y Medios<\/strong><\/span><\/p>\r\n<p><span style=\"color: #333333;\">\r\n\r\n<\/span><\/p>\r\n<ol>\r\n<li><span style=\"color: #333333;\">Gobierno y organizaci\u00f3n de sistemas e instituciones educativas<\/span><\/li>\r\n<li><span style=\"color: #333333;\">Semi\u00f3tica<\/span><\/li>\r\n<li><span style=\"color: #333333;\">Tecnolog\u00eda y sociedad contempor\u00e1nea<\/span><\/li>\r\n<\/ol>\r\n<p><span style=\"color: #333333;\"><strong>Quinto a\u00f1o<\/strong><\/span><\/p>\r\n<p><span style=\"color: #333333;\"><strong>Tronco com\u00fan<\/strong><\/span><\/p>\r\n<p><span style=\"color: #333333;\">\r\n\r\n<\/span><\/p>\r\n<ol>\r\n<li><span style=\"color: #333333;\">Pr\u00e1cticas pol\u00edticas y sociales de planeamiento de la educaci\u00f3n entre disciplinas II<\/span><\/li>\r\n<li><span style=\"color: #333333;\">Orientaci\u00f3n educacional y asesoramiento pedag\u00f3gico<\/span><\/li>\r\n<li><span style=\"color: #333333;\">Problem\u00e1tica filos\u00f3fica contempor\u00e1nea<\/span><\/li>\r\n<li><span style=\"color: #333333;\">Taller de Tesis<\/span><\/li>\r\n<li><span style=\"color: #333333;\">Espacio de reflexividad pedag\u00f3gica<\/span><\/li>\r\n<li><span style=\"color: #333333;\">Espacio de relaciones interinstitucionales II: Reconfiguraci\u00f3n del campo pedag\u00f3gico<\/span><\/li>\r\n<\/ol>\r\n<p><span style=\"color: #333333;\">\r\n\r\n<\/span><\/p>\r\n<p><span style=\"color: #333333;\">\r\n\r\n<\/span><\/p>\r\n<p><span style=\"color: #333333;\"><strong>Orientaci\u00f3n Pol\u00edtica y Gobierno de la educaci\u00f3n<\/strong><\/span><\/p>\r\n<ol>\r\n<li><span style=\"color: #333333;\">Orientaci\u00f3n vocacional y ocupacional<\/span><\/li>\r\n<li><span style=\"color: #333333;\">Dise\u00f1o y evaluaci\u00f3n de proyectos socio-educativos<\/span><\/li>\r\n<li><span style=\"color: #333333;\">Perspectivas comparadas de pol\u00edticas p\u00fablicas educativas<\/span><\/li>\r\n<li><span style=\"color: #333333;\">Una asignatura optativa entre:<\/span><\/li>\r\n<\/ol>\r\n<p><span style=\"color: #333333;\">\r\n\r\n<\/span><\/p>\r\n<p style=\"padding-left: 40px;\"><span style=\"color: #333333;\">\u2022 Dise\u00f1o y evaluaci\u00f3n de proyectos socio-educativos<\/span><br \/><span style=\"color: #333333;\">\u2022 Estad\u00edstica aplicada a la educaci\u00f3n<\/span><br \/><span style=\"color: #333333;\">\u2022 Tradiciones y pr\u00e1cticas de la educaci\u00f3n popular<\/span><br \/><span style=\"color: #333333;\">\u2022 Econom\u00eda pol\u00edtica y educaci\u00f3n<\/span><br \/><span style=\"color: #333333;\">\u2022 Orientaci\u00f3n vocacional y ocupacional<\/span><br \/><span style=\"color: #333333;\">\u2022 Seminario: Educaci\u00f3n especial<\/span><br \/><span style=\"color: #333333;\">\u2022 Perspectivas comparadas de pol\u00edticas p\u00fablicas educativas<\/span><br \/><span style=\"color: #333333;\">\u2022 Inform\u00e1tica<\/span><\/p>\r\n<p><span style=\"color: #333333;\">\r\n\r\n<\/span><\/p>\r\n<p><span style=\"color: #333333;\"><strong>Orientaci\u00f3n Comunicaci\u00f3n, Lenguajes y Medios<\/strong><\/span><\/p>\r\n<p><span style=\"color: #333333;\">\r\n\r\n<\/span><\/p>\r\n<ol>\r\n<li><span style=\"color: #333333;\">Planificaci\u00f3n y producci\u00f3n en educaci\u00f3n y comunicaci\u00f3n<\/span><\/li>\r\n<li><span style=\"color: #333333;\">Arte y cultura de masas<\/span><\/li>\r\n<li><span style=\"color: #333333;\">Una asignatura optativa entre:<\/span><\/li>\r\n<\/ol>\r\n<p><span style=\"color: #333333;\">\r\n\r\n<\/span><\/p>\r\n<p style=\"padding-left: 40px;\"><span style=\"color: #333333;\">\u2022 Dise\u00f1o y evaluaci\u00f3n de proyectos socio-educativos<\/span><br \/><span style=\"color: #333333;\">\u2022 Estad\u00edstica aplicada a la educaci\u00f3n<\/span><br \/><span style=\"color: #333333;\">\u2022 Tradiciones y pr\u00e1cticas de la educaci\u00f3n popular<\/span><br \/><span style=\"color: #333333;\">\u2022 Econom\u00eda pol\u00edtica y educaci\u00f3n<\/span><br \/><span style=\"color: #333333;\">\u2022 Orientaci\u00f3n vocacional y ocupacional<\/span><br \/><span style=\"color: #333333;\">\u2022 Seminario: Educaci\u00f3n especial<\/span><br \/><span style=\"color: #333333;\">\u2022 Perspectivas comparadas de pol\u00edticas p\u00fablicas educativas<\/span><br \/><span style=\"color: #333333;\">\u2022 Inform\u00e1tica<\/span><\/p>\r\n<p>\r\n\r\n<\/p>\r\n\r\n\r\n\r\n\r\n\r\n\r\n\r\n<h6>\ud83d\udc47<a href=\"https:\/\/www.fcedu.uner.edu.ar\/wp-content\/uploads\/2022\/03\/Licenciatura_en_Ciencias_de_la_Educacion-c_correlativas.pdf\" target=\"_blank\" rel=\"noopener\"> <span style=\"color: #497bbd;\">Plan de Estudios para descargar\u00a0 (versi\u00f3n con materias correlativas y cuatrimestre de cursado)<\/span><\/a><\/h6>\r\n<h6>\ud83d\udc47 <a href=\"https:\/\/www.fcedu.uner.edu.ar\/wp-content\/cm\/contenidos_minimos_lic_edu_2012.pdf\"><span style=\"color: #497bbd;\">Contenidos m\u00ednimos Plan 2012<\/span><\/a><\/h6>\r\n<h6><img decoding=\"async\" class=\"emoji\" role=\"img\" draggable=\"false\" src=\"https:\/\/s.w.org\/images\/core\/emoji\/13.1.0\/svg\/1f4e7.svg\" alt=\"\ud83d\udce7\" \/> <span class=\"qu\" style=\"color: #333333;\" tabindex=\"-1\" role=\"gridcell\"><span class=\"go\">coordinacioneducacion.fcedu@uner.edu.ar<\/span><\/span><\/h6>\r\n<p><strong><span style=\"color: #333333;\">EXPERIENCIAS DE ESTUDIANTES Y COMUNIDAD GRADUADA<\/span><\/strong><\/p>\r\n\r\n<p><iframe loading=\"lazy\" title=\"YouTube video player\" src=\"https:\/\/www.youtube.com\/embed\/videoseries?list=PLk3V5NXw7bqDiNalTELVKvucXxE22Fk4S\" width=\"560\" height=\"315\" frameborder=\"0\" allowfullscreen=\"allowfullscreen\"><\/iframe><\/p>\r\n<p>&nbsp;<\/p>\r\n<h6><span style=\"color: #333333;\"><strong>\ud83d\udcd1 Experiencias de la comunidad graduada | Notas en texto:<\/strong><\/span><span style=\"color: #497bbd;\"> <strong><a style=\"color: #497bbd;\" href=\"https:\/\/www.fcedu.uner.edu.ar\/?p=49266\">Diana Grin\u00f3vero<\/a> | <a style=\"color: #497bbd;\" href=\"https:\/\/www.fcedu.uner.edu.ar\/?p=49795\">\u00c1ngela P\u00eda Turinettis Astori<\/a> | <a style=\"color: #497bbd;\" href=\"https:\/\/www.fcedu.uner.edu.ar\/?p=54105\">Mar\u00eda de los \u00c1ngeles Fern\u00e1ndez<\/a><\/strong><\/span><\/h6>\r\n<h6><span style=\"color: #497bbd;\"><a style=\"color: #497bbd;\" href=\"https:\/\/www.fcedu.uner.edu.ar\/haceloquetegusta\/\">\ud83c\udf08\u00a0 Conoc\u00e9 algunas producciones generadas en la carrera en el sitio de producciones estudiantiles <strong>Hac\u00e9 lo que te gusta<\/strong><\/a><\/span><\/h6>\r\n<p>&nbsp;<\/p>\r\n<p>&nbsp;<\/p>","protected":false},"excerpt":{"rendered":"<p>La Licenciatura en Ciencias de la Educaci\u00f3n es una carrera presencial con dos posibles orientaciones: Pol\u00edtica y Gobierno de la Educaci\u00f3n o Comunicaci\u00f3n, Lenguajes y Medios. Ambas permiten intervenir en la pol\u00edtica educativa y en el dise\u00f1o de proyectos, materiales y actividades, aunque en el primer caso la mirada est\u00e1 puesta en las definiciones pol\u00edticas [&hellip;]<\/p>\n","protected":false},"author":1,"featured_media":0,"parent":0,"menu_order":0,"comment_status":"closed","ping_status":"closed","template":"","meta":{"footnotes":""},"class_list":["post-25","page","type-page","status-publish","hentry","post"],"_links":{"self":[{"href":"https:\/\/www.fcedu.uner.edu.ar\/ingreso\/wp-json\/wp\/v2\/pages\/25","targetHints":{"allow":["GET"]}}],"collection":[{"href":"https:\/\/www.fcedu.uner.edu.ar\/ingreso\/wp-json\/wp\/v2\/pages"}],"about":[{"href":"https:\/\/www.fcedu.uner.edu.ar\/ingreso\/wp-json\/wp\/v2\/types\/page"}],"author":[{"embeddable":true,"href":"https:\/\/www.fcedu.uner.edu.ar\/ingreso\/wp-json\/wp\/v2\/users\/1"}],"replies":[{"embeddable":true,"href":"https:\/\/www.fcedu.uner.edu.ar\/ingreso\/wp-json\/wp\/v2\/comments?post=25"}],"version-history":[{"count":14,"href":"https:\/\/www.fcedu.uner.edu.ar\/ingreso\/wp-json\/wp\/v2\/pages\/25\/revisions"}],"predecessor-version":[{"id":434,"href":"https:\/\/www.fcedu.uner.edu.ar\/ingreso\/wp-json\/wp\/v2\/pages\/25\/revisions\/434"}],"wp:attachment":[{"href":"https:\/\/www.fcedu.uner.edu.ar\/ingreso\/wp-json\/wp\/v2\/media?parent=25"}],"curies":[{"name":"wp","href":"https:\/\/api.w.org\/{rel}","templated":true}]}}