{"id":75,"date":"2021-09-06T10:38:41","date_gmt":"2021-09-06T13:38:41","guid":{"rendered":"https:\/\/www.fcedu.uner.edu.ar\/ingreso\/?page_id=75"},"modified":"2023-10-24T10:15:01","modified_gmt":"2023-10-24T13:15:01","slug":"inscripciones","status":"publish","type":"page","link":"https:\/\/www.fcedu.uner.edu.ar\/ingreso\/inscripciones\/","title":{"rendered":"Inscripciones"},"content":{"rendered":"<h5><span style=\"color: #333333;\"><strong>Las inscripciones a carreras tienen dos etapas:<\/strong><\/span><\/h5>\n<h6><span style=\"color: #333333;\"><strong>1- Inscripci\u00f3n online<\/strong><\/span><\/h6>\n<p><span style=\"color: #333333;\">Es el primer paso para anotarte a una carrera de la UNER. Se trata de tu registro en el sistema SIU Guaran\u00ed donde <strong>complet\u00e1s tus datos personales en un formulario y eleg\u00eds la carrera a la que inscribirte<\/strong>. La inscripci\u00f3n <strong>est\u00e1 abierta <span style=\"color: #333333;\">desde el 2 de octubre de 2023<\/span><\/strong>\u00a0y contin\u00faa <strong>hasta febrero de 2024.<\/strong><br \/>\n<\/span><\/p>\n<p><span style=\"color: #497bbd;\"><a style=\"color: #497bbd;\" href=\"https:\/\/g3autogestion.uner.edu.ar\/g3w3\/acceso\"><strong>\ud83d\udcdd Clic para realizar la inscripci\u00f3n en SIU Guaran\u00ed<\/strong><\/a><\/span><\/p>\n<p><span style=\"color: #497bbd;\"><strong><a style=\"color: #497bbd;\" href=\"https:\/\/www.fcedu.uner.edu.ar\/ingreso\/wp-content\/uploads\/sites\/19\/2023\/10\/instructivo-inscripcion-2024-18.10.pdf\">\ud83d\udccc \u00bfNecesit\u00e1s ayuda? Consult\u00e1 el tutorial paso a paso<\/a> <\/strong><\/span><\/p>\n<h6><\/h6>\n<h6><span style=\"color: #333333;\"><strong>2- Formalizaci\u00f3n de la inscripci\u00f3n<\/strong><\/span><\/h6>\n<p><span style=\"color: #333333;\">Luego de la inscripci\u00f3n en el sistema deb\u00e9s <strong>formalizar tu registro entregando la documentaci\u00f3n<\/strong>, primero en formato digital y luego en formato papel.<strong>\u00a0<\/strong><br \/>\n<\/span><\/p>\n<p><strong>En el SIU Guaran\u00ed ten\u00e9s que cargar lo siguiente:<\/strong><\/p>\n<ul>\n<li><span style=\"color: #333333;\">Copia legalizada del certificado de estudios secundarios o constancia que acredite la finalizaci\u00f3n de los estudios y donde se especifique si se adeudan materias.<\/span><\/li>\n<li><span style=\"color: #333333;\">Copia del Documento Nacional de Identidad.<\/span><\/li>\n<li><span style=\"color: #333333;\">Copia de la partida de nacimiento.<\/span><\/li>\n<li><span style=\"color: #333333;\">1 foto de 4 x 4 de frente, fondo blanco.<\/span><\/li>\n<\/ul>\n<p><b>Luego tendr\u00e1s que traer estos papeles a la Facultad, a la oficina de Alumnado ubicada en Alameda de la Federaci\u00f3n 106:<\/b><\/p>\n<ul>\n<li><span style=\"color: #333333;\">Fotocopia legalizada del certificado de estudios secundarios o constancia que acredite la finalizaci\u00f3n de los estudios y donde se especifique si se adeudan materias. En caso de que no puedas legalizar la copia tra\u00e9 la copia y el original del t\u00edtulo para que pueda hacerlo Alumnado.<\/span><\/li>\n<li><span style=\"color: #333333;\">Fotocopia del Documento Nacional de Identidad.<\/span><\/li>\n<li><span style=\"color: #333333;\">Fotocopia de la partida de nacimiento, legalizada por Registro Civil.<\/span><\/li>\n<li><span style=\"color: #333333;\">2 fotos de 4 x 4 de frente, fondo blanco, no instant\u00e1nea.<\/span><\/li>\n<\/ul>\n<p><em><span style=\"color: #333333;\">Las fechas de entrega de la documentaci\u00f3n ser\u00e1n informadas pronto.<\/span><\/em><\/p>\n<p><strong><span style=\"color: #333333;\">\ud83d\udce7 Si ten\u00e9s alg\u00fan inconveniente con el tr\u00e1mite ten\u00e9s que comunicarte con Alumnado al mail<\/span> <a href=\"mailto:alumnado.fcedu@uner.edu.ar\"><span style=\"color: #497bbd;\">alumnado.fcedu@uner.edu.ar<\/span><\/a><\/strong><\/p>\n<h6><strong>Curso de Ambientaci\u00f3n a la Vida Universitaria<\/strong><\/h6>\n<p><span style=\"color: #333333;\">El CAVU es un curso introductorio no eliminatorio de car\u00e1cter <strong>obligatorio<\/strong>. Las fechas de cursado del CAVU 2024 se confirmar\u00e1n a la brevedad.<br \/>\n<\/span><\/p>\n<p><img decoding=\"async\" class=\"emoji\" role=\"img\" draggable=\"false\" src=\"https:\/\/s.w.org\/images\/core\/emoji\/13.1.0\/svg\/1f514.svg\" alt=\"\ud83d\udd14\" \/> Si ya hiciste una carrera superior, un curso de ingreso en otra universidad o en otras facultades de la UNER, pod\u00e9s homologar el CAVU o alguno de sus m\u00f3dulos. Para iniciar el tr\u00e1mite, una vez que te inscribas, envi\u00e1 una nota a dirigida a la Secretar\u00eda Acad\u00e9mica y la copia digital de la constancia de curso de ingreso aprobado o copia del t\u00edtulo superior al correo <a href=\"mailto:mdee.fcedu@uner.edu.ar\"><span style=\"color: #497bbd;\"><strong>mdee.fcedu@uner.edu.ar<\/strong><\/span><\/a><\/p>\n<p>&nbsp;<\/p>\n<p>&nbsp;<\/p>\n<p>&nbsp;<\/p>\n","protected":false},"excerpt":{"rendered":"<p>Las inscripciones a carreras tienen dos etapas: 1- Inscripci\u00f3n online Es el primer paso para anotarte a una carrera de la UNER. Se trata de tu registro en el sistema SIU Guaran\u00ed donde complet\u00e1s tus datos personales en un formulario y eleg\u00eds la carrera a la que inscribirte. La inscripci\u00f3n est\u00e1 abierta desde el 2 [&hellip;]<\/p>\n","protected":false},"author":1,"featured_media":0,"parent":0,"menu_order":0,"comment_status":"closed","ping_status":"closed","template":"","meta":{"footnotes":""},"class_list":["post-75","page","type-page","status-publish","hentry","post"],"_links":{"self":[{"href":"https:\/\/www.fcedu.uner.edu.ar\/ingreso\/wp-json\/wp\/v2\/pages\/75","targetHints":{"allow":["GET"]}}],"collection":[{"href":"https:\/\/www.fcedu.uner.edu.ar\/ingreso\/wp-json\/wp\/v2\/pages"}],"about":[{"href":"https:\/\/www.fcedu.uner.edu.ar\/ingreso\/wp-json\/wp\/v2\/types\/page"}],"author":[{"embeddable":true,"href":"https:\/\/www.fcedu.uner.edu.ar\/ingreso\/wp-json\/wp\/v2\/users\/1"}],"replies":[{"embeddable":true,"href":"https:\/\/www.fcedu.uner.edu.ar\/ingreso\/wp-json\/wp\/v2\/comments?post=75"}],"version-history":[{"count":32,"href":"https:\/\/www.fcedu.uner.edu.ar\/ingreso\/wp-json\/wp\/v2\/pages\/75\/revisions"}],"predecessor-version":[{"id":495,"href":"https:\/\/www.fcedu.uner.edu.ar\/ingreso\/wp-json\/wp\/v2\/pages\/75\/revisions\/495"}],"wp:attachment":[{"href":"https:\/\/www.fcedu.uner.edu.ar\/ingreso\/wp-json\/wp\/v2\/media?parent=75"}],"curies":[{"name":"wp","href":"https:\/\/api.w.org\/{rel}","templated":true}]}}