{"id":1705,"date":"2017-07-07T19:35:42","date_gmt":"2017-07-07T19:35:42","guid":{"rendered":"http:\/\/www.fcedu.uner.edu.ar\/medianayterceraedad2\/?page_id=1705"},"modified":"2022-03-15T11:51:01","modified_gmt":"2022-03-15T14:51:01","slug":"aulas-abiertas-itinerantes","status":"publish","type":"page","link":"https:\/\/www.fcedu.uner.edu.ar\/medianayterceraedad\/?page_id=1705","title":{"rendered":"Aulas Abiertas Itinerantes"},"content":{"rendered":"<p><span style=\"color: #333333;\">Se trata de experiencias descentralizadas de educaci\u00f3n permanente y no formal con adultos\/as y adultos\/as mayores en barrios de la ciudad de Paran\u00e1 y en otras localidades de la provincia a partir de la celebraci\u00f3n de convenios de cooperaci\u00f3n entre la facultad y los municipios, organizaciones de la sociedad civil e instituciones escolares.<\/span><\/p>\n<p><span style=\"color: #333333;\">Este tipo de acciones permite tomar contacto con diferentes situaciones de vejez, a la vez que se refuerzan los v\u00ednculos institucionales y se enfatizan roles protag\u00f3nicos y participativos de\u00a0la mediana y tercera edad en experiencias socioculturales, educativas y comunitarias.<\/span><\/p>\n<p><span style=\"color: #333333;\">Entendemos que llevar adelante una labor sistem\u00e1tica de educaci\u00f3n permanente con adultos\/as mayores es hacerlo desde una perspectiva pedag\u00f3gica que vincula la educaci\u00f3n con el proceso identitario de los sujetos, la participaci\u00f3n ciudadana y el compromiso con su comunidad.<\/span><\/p>\n<p>&nbsp;<\/p>\n<p><span style=\"color: #00c768;\"><strong>Talleres abiertos y funcionando<\/strong><\/span><\/p>\n<p><span style=\"color: #333333;\"><strong>Taller de Folclore<\/strong><\/span><br \/>\n<span style=\"color: #333333;\">Jueves de 14 a 15:30<\/span><br \/>\n<span style=\"color: #333333;\"> Lugar: Club Atl\u00e9tico Bajada Grande &#8211; Av. Jos\u00e9 Manuel Estrada 3100<\/span><\/p>\n<p>&nbsp;<\/p>\n","protected":false},"excerpt":{"rendered":"<p>Se trata de experiencias descentralizadas de educaci\u00f3n permanente y no formal con adultos\/as y adultos\/as mayores en barrios de la ciudad de Paran\u00e1 y en otras localidades de la provincia a partir de la celebraci\u00f3n de convenios de cooperaci\u00f3n entre la facultad y los municipios, organizaciones de la sociedad civil e instituciones escolares. Este tipo&#8230; <\/p>\n<div class=\"clear\"><\/div>\n<p><a href=\"https:\/\/www.fcedu.uner.edu.ar\/medianayterceraedad\/?page_id=1705\" class=\"excerpt-read-more\">Read More<i class=\"fa fa-caret-right icon-caret-right\"><\/i><\/a><\/p>\n","protected":false},"author":1,"featured_media":0,"parent":0,"menu_order":0,"comment_status":"closed","ping_status":"closed","template":"","meta":{"footnotes":""},"_links":{"self":[{"href":"https:\/\/www.fcedu.uner.edu.ar\/medianayterceraedad\/index.php?rest_route=\/wp\/v2\/pages\/1705"}],"collection":[{"href":"https:\/\/www.fcedu.uner.edu.ar\/medianayterceraedad\/index.php?rest_route=\/wp\/v2\/pages"}],"about":[{"href":"https:\/\/www.fcedu.uner.edu.ar\/medianayterceraedad\/index.php?rest_route=\/wp\/v2\/types\/page"}],"author":[{"embeddable":true,"href":"https:\/\/www.fcedu.uner.edu.ar\/medianayterceraedad\/index.php?rest_route=\/wp\/v2\/users\/1"}],"replies":[{"embeddable":true,"href":"https:\/\/www.fcedu.uner.edu.ar\/medianayterceraedad\/index.php?rest_route=%2Fwp%2Fv2%2Fcomments&post=1705"}],"version-history":[{"count":15,"href":"https:\/\/www.fcedu.uner.edu.ar\/medianayterceraedad\/index.php?rest_route=\/wp\/v2\/pages\/1705\/revisions"}],"predecessor-version":[{"id":4441,"href":"https:\/\/www.fcedu.uner.edu.ar\/medianayterceraedad\/index.php?rest_route=\/wp\/v2\/pages\/1705\/revisions\/4441"}],"wp:attachment":[{"href":"https:\/\/www.fcedu.uner.edu.ar\/medianayterceraedad\/index.php?rest_route=%2Fwp%2Fv2%2Fmedia&parent=1705"}],"curies":[{"name":"wp","href":"https:\/\/api.w.org\/{rel}","templated":true}]}}