{"id":1709,"date":"2017-07-07T19:36:15","date_gmt":"2017-07-07T19:36:15","guid":{"rendered":"http:\/\/www.fcedu.uner.edu.ar\/medianayterceraedad2\/?page_id=1709"},"modified":"2018-03-08T21:45:25","modified_gmt":"2018-03-08T21:45:25","slug":"programa-de-extension-pa-y-ep-con-am","status":"publish","type":"page","link":"https:\/\/www.fcedu.uner.edu.ar\/medianayterceraedad\/?page_id=1709","title":{"rendered":"Programa de Extensi\u00f3n PA y EP con AM"},"content":{"rendered":"<h5><span style=\"color: #333333;\"><strong>\u201cParticipaci\u00f3n, Asociativismo y Educaci\u00f3n Permanente con adultos mayores\u201d<\/strong><\/span><\/h5>\n<p><span style=\"color: #333333;\">El Programa busca reforzar y dar mayor impulso a las siguientes l\u00edneas de acci\u00f3n:<\/span><\/p>\n<h6><span style=\"color: #00c768;\"><strong><span style=\"font-weight: 400;\"><i class=\"gdlr-icon fa fa-pencil\" style=\"color: #353535; font-size: 15px; \" ><\/i><\/span>Centro Promotor de la Participaci\u00f3n comunitaria del adulto mayor (Cepropam)<\/strong><\/span><\/h6>\n<p><span style=\"color: #333333;\">Es un \u00e1mbito que se propone crear, nuclear y asesorar en la realizaci\u00f3n de proyectos asociativos y comunitarios llevados adelante por adultos mayores en pos de espacios de encuentro entre generaciones y de sociedades integradas. En el marco del Programa de Extensi\u00f3n se trabaja con los ya consolidados Clubes de Narradores de Cuentos.<\/span><\/p>\n<h6><span style=\"color: #00c768;\"><strong>\u00a0<span style=\"font-weight: 400;\"><i class=\"gdlr-icon fa fa-pencil\" style=\"color: #353535; font-size: 15px; \" ><\/i><\/span>Aulas Abiertas Itinerantes<\/strong><\/span><\/h6>\n<p><span style=\"color: #333333;\">Promover la apertura y el sostenimiento de cursos y talleres descentralizados de la sede del Departamento a partir de convenios de cooperaci\u00f3n entre la Facultad, las organizaciones sociales y los municipios intervinientes.<\/span><\/p>\n<h6><span style=\"color: #00c768;\"><strong><span style=\"font-weight: 400;\"><i class=\"gdlr-icon fa fa-pencil\" style=\"color: #353535; font-size: 15px; \" ><\/i><\/span>V\u00ednculo interuniversitario<\/strong><\/span><\/h6>\n<p><span style=\"color: #333333;\">Se busca tener una mayor presencia en la Red Iberoamericana de Programas Universitarios con Adultos Mayores (RIPUAM). Esta red &#8211; de la cual el Departamento es miembro fundador- promueve el intercambio entre los centros y programas educativos orientados a los adultos mayores del \u00e1mbito universitario de Iberoam\u00e9rica.<\/span><\/p>\n<h6><span style=\"color: #00c768;\"><strong><span style=\"font-weight: 400;\"><i class=\"gdlr-icon fa fa-pencil\" style=\"color: #353535; font-size: 15px; \" ><\/i><\/span>Constituirse en un Centro de Pr\u00e1ctica para estudiantes de grado<\/strong><\/span><\/h6>\n<p><span style=\"color: #333333;\">Para estudiantes de las distintas unidades acad\u00e9micas participantes, facilitando la adquisici\u00f3n de herramientas conceptuales generales sobre vejez, participaci\u00f3n, ciudadan\u00eda e integraci\u00f3n social y espec\u00edficas de cada una de las intervenciones que realicen.<\/span><\/p>\n<h5><span style=\"color: #333333;\"><strong>Objetivos del Programa<\/strong><\/span><\/h5>\n<ul>\n<li><span style=\"color: #333333;\">Construir un espacio universitario que ofrezca la posibilidad concreta a los ciudadanos de poder desarrollar un proyecto de vida vinculado a la educaci\u00f3n, el crecimiento personal y sobre todo a la participaci\u00f3n e intervenci\u00f3n en su comunidad, con vistas a modificar la posici\u00f3n y el imaginario social sobre la tercera edad.<\/span><\/li>\n<li><span style=\"color: #333333;\">Garantizar a los sujetos adultos y adultos mayores el acceso amplio e igualitario a una gama variada de conocimientos con el fin de dar respuesta al deseo de saber por medio de recursos educativos que puedan ser recibidos m\u00e1s all\u00e1 de las dificultades o imposibilidades concretas.<\/span><\/li>\n<li><span style=\"color: #333333;\">Descentralizar las acciones que desarrolla el Departamento, realizando una tarea de extensi\u00f3n mayor que involucre a otras instituciones y a otros sectores poblacionales, tendiendo a: diversificar las propuestas educativas, en base a los intereses e inquietudes particulares de los distintos grupos con los que nos relacionamos; reforzar los v\u00ednculos interinstitucionales, procurando generar relaciones perdurables; nutrir las pr\u00e1cticas con la diversidad de estas experiencias en otros territorios.<\/span><\/li>\n<\/ul>\n","protected":false},"excerpt":{"rendered":"<p>\u201cParticipaci\u00f3n, Asociativismo y Educaci\u00f3n Permanente con adultos mayores\u201d El Programa busca reforzar y dar mayor impulso a las siguientes l\u00edneas de acci\u00f3n: Centro Promotor de la Participaci\u00f3n comunitaria del adulto mayor (Cepropam) Es un \u00e1mbito que se propone crear, nuclear y asesorar en la realizaci\u00f3n de proyectos asociativos y comunitarios llevados adelante por adultos mayores&#8230; <\/p>\n<div class=\"clear\"><\/div>\n<p><a href=\"https:\/\/www.fcedu.uner.edu.ar\/medianayterceraedad\/?page_id=1709\" class=\"excerpt-read-more\">Read More<i class=\"fa fa-caret-right icon-caret-right\"><\/i><\/a><\/p>\n","protected":false},"author":1,"featured_media":0,"parent":0,"menu_order":0,"comment_status":"closed","ping_status":"closed","template":"","meta":{"footnotes":""},"_links":{"self":[{"href":"https:\/\/www.fcedu.uner.edu.ar\/medianayterceraedad\/index.php?rest_route=\/wp\/v2\/pages\/1709"}],"collection":[{"href":"https:\/\/www.fcedu.uner.edu.ar\/medianayterceraedad\/index.php?rest_route=\/wp\/v2\/pages"}],"about":[{"href":"https:\/\/www.fcedu.uner.edu.ar\/medianayterceraedad\/index.php?rest_route=\/wp\/v2\/types\/page"}],"author":[{"embeddable":true,"href":"https:\/\/www.fcedu.uner.edu.ar\/medianayterceraedad\/index.php?rest_route=\/wp\/v2\/users\/1"}],"replies":[{"embeddable":true,"href":"https:\/\/www.fcedu.uner.edu.ar\/medianayterceraedad\/index.php?rest_route=%2Fwp%2Fv2%2Fcomments&post=1709"}],"version-history":[{"count":15,"href":"https:\/\/www.fcedu.uner.edu.ar\/medianayterceraedad\/index.php?rest_route=\/wp\/v2\/pages\/1709\/revisions"}],"predecessor-version":[{"id":2511,"href":"https:\/\/www.fcedu.uner.edu.ar\/medianayterceraedad\/index.php?rest_route=\/wp\/v2\/pages\/1709\/revisions\/2511"}],"wp:attachment":[{"href":"https:\/\/www.fcedu.uner.edu.ar\/medianayterceraedad\/index.php?rest_route=%2Fwp%2Fv2%2Fmedia&parent=1709"}],"curies":[{"name":"wp","href":"https:\/\/api.w.org\/{rel}","templated":true}]}}